{"id":9069,"date":"2023-08-04T09:01:40","date_gmt":"2023-08-04T09:01:40","guid":{"rendered":"https:\/\/pkblaw.wpenginepowered.com\/?page_id=9069"},"modified":"2023-11-23T06:32:46","modified_gmt":"2023-11-23T06:32:46","slug":"abogados-de-responsabilidad-por-productos-en-orlando","status":"publish","type":"page","link":"https:\/\/pkblawfirm.com\/es\/abogados-de-responsabilidad-por-productos-en-orlando\/","title":{"rendered":"Responsabilidad por Productos en Orlando"},"content":{"rendered":"<p>Los consumidores tienen derecho a asumir que los fabricantes solo ponen en el mercado productos seguros. Sin embargo, varios productos defectuosos o inherentemente peligrosos llegan a manos de usuarios desprevenidos. Las personas lesionadas por productos peligrosos o defectuosos merecen que los fabricantes y otras empresas encargadas de llevar esos productos al mercado tomen la responsabilidad y ofrezcan una compensaci\u00f3n.<\/p>\n<p>Si usted result\u00f3 herido debido a un producto peligroso o defectuoso, recurra a un abogado de responsabilidad por productos en Orlando de Paul Knopf Bigger para buscar una compensaci\u00f3n por sus lesiones y p\u00e9rdidas. Nuestro equipo legal trabaja arduamente para marcar la diferencia en la vida de nuestros clientes y contribuir a una sociedad m\u00e1s segura al responsabilizar a las empresas sin escr\u00fapulos. <a href=\"http:\/\/pkblawfirm.com\/es\/contactenos\/\">P\u00f3ngase en contacto<\/a> con nuestra oficina hoy mismo para una consulta gratuita con un abogado de responsabilidad por productos en Orlando.<\/p>\n<h2>\u00bfQu\u00e9 significa la responsabilidad por productos?<\/h2>\n<p>La responsabilidad por productos es un principio legal que permite a los consumidores perjudicados por productos peligrosos o defectuosos buscar una compensaci\u00f3n por sus lesiones. Una persona lesionada por un defecto en un producto puede presentar un reclamo contra el fabricante del producto, el minorista u otras partes.<\/p>\n<p>La mayor\u00eda de los reclamos de responsabilidad por productos se basan en teor\u00edas de responsabilidad estricta, incumplimiento de garant\u00eda o negligencia. Bajo la responsabilidad estricta, la v\u00edctima de una lesi\u00f3n puede no necesitar demostrar que el defecto del producto ocurri\u00f3 debido a la negligencia del fabricante. En su lugar, la responsabilidad estricta responsabiliza a los fabricantes cada vez que sus productos defectuosos lesionan a personas.<\/p>\n<p>Una persona lesionada tambi\u00e9n puede alegar negligencia contra un fabricante o minorista. Por ejemplo, podr\u00edan alegar que un fabricante no realiz\u00f3 pruebas de seguridad adecuadas para su producto.<\/p>\n<h2>\u00bfCu\u00e1les son los ejemplos m\u00e1s comunes de productos defectuosos?<\/h2>\n<p>Algunas categor\u00edas de productos son m\u00e1s propensas a ser defectuosas o presentar peligros irrazonables para los usuarios. Algunos ejemplos de productos defectuosos frecuentes son:<\/p>\n<div class=\"row\">\n<ul class=\"col-xl-6\">\n<li>Veh\u00edculos y piezas de autom\u00f3viles, como bolsas de aire, neum\u00e1ticos, frenos y transmisiones.<\/li>\n<li>Productos farmac\u00e9uticos.<\/li>\n<li>Dispositivos m\u00e9dicos, como articulaciones artificiales, mallas y m\u00e1quinas CPAP\/BiPAP.<\/li>\n<li>Productos alimenticios y bebidas, incluyendo alimentos para beb\u00e9s y f\u00f3rmulas infantiles.<\/li>\n<li>Juguetes.<\/li>\n<\/ul>\n<ul class=\"col-xl-6\">\n<li>Productos infantiles, como sillas de auto, cunas y carriolas.<\/li>\n<li>Cosm\u00e9ticos y productos de cuidado personal, como relajantes capilares y talco.<\/li>\n<li>Herramientas y equipos, como sierras o cortac\u00e9spedes.<\/li>\n<li>Electrodom\u00e9sticos.<\/li>\n<\/ul>\n<\/div>\n<h2>\u00bfCu\u00e1les son los diferentes tipos de reclamos de responsabilidad por productos defectuosos?<\/h2>\n<p>Si usted sufri\u00f3 lesiones debido a un producto peligroso o defectuoso, puede buscar una compensaci\u00f3n a trav\u00e9s de un reclamo de responsabilidad por productos. Los tres tipos m\u00e1s comunes de defectos de productos alegados en los reclamos son los siguientes:<\/p>\n<ul>\n<li><strong>Defecto de dise\u00f1o:<\/strong> un reclamo por defecto de dise\u00f1o alega que las especificaciones de un producto lo hicieron inherentemente peligroso para sus usos previstos. Los defectos de dise\u00f1o afectar\u00e1n a todas las unidades que comparten el mismo dise\u00f1o.<\/li>\n<li><strong>Defecto de fabricaci\u00f3n:<\/strong> un reclamo por defecto de fabricaci\u00f3n alega que ocurri\u00f3 alg\u00fan error o fallo durante el proceso de fabricaci\u00f3n o ensamblaje, lo que result\u00f3 en que el producto no cumpliera con las especificaciones y se volviera peligroso de usar.<\/li>\n<li><strong>Falta de advertencia:<\/strong> tambi\u00e9n conocida como defecto de marketing o informativo, un reclamo por falta de advertencia a un peligro alega que un producto no vino con instrucciones suficientes para informar a un usuario sobre c\u00f3mo utilizarlo de manera segura o que el producto no incluy\u00f3 advertencias suficientes sobre los peligros inherentes o riesgos del producto.<\/li>\n<\/ul>\n<h2>\u00bfQui\u00e9n es responsable si usted resulta lesionado o da\u00f1ado por un producto defectuoso?<\/h2>\n<p>Seg\u00fan la ley de responsabilidad por productos, cualquier parte en la \u201ccadena de comercio\u201d puede ser responsable de las lesiones causadas por un producto peligroso o defectuoso. La cadena de comercio incluye a cualquier parte involucrada en llevar un producto al mercado. Algunos ejemplos de partes en la cadena de comercio que podr\u00edan ser responsables en un caso de responsabilidad por productos son:<\/p>\n<ul>\n<li>El fabricante del producto.<\/li>\n<li>Suministradores de materiales o componentes utilizados en la fabricaci\u00f3n o ensamblaje del producto final.<\/li>\n<li>Mayoristas y distribuidores.<\/li>\n<li>Minoristas.<\/li>\n<\/ul>\n<h2>\u00bfQu\u00e9 sucede si un familiar fallece como resultado de un producto defectuoso?<\/h2>\n<p>Si tiene un familiar que falleci\u00f3 debido a un producto peligroso o defectuoso, su familia podr\u00eda tener el derecho de buscar una compensaci\u00f3n en un reclamo por muerte injusta por los siguientes motivos:<\/p>\n<ul>\n<li>P\u00e9rdida del apoyo y servicios de su ser querido, incluyendo la p\u00e9rdida de su apoyo futuro al valor presente.<\/li>\n<li>P\u00e9rdida de la compa\u00f1\u00eda y protecci\u00f3n de un c\u00f3nyuge fallecido.<\/li>\n<li>Dolor mental y sufrimiento por la p\u00e9rdida de un c\u00f3nyuge, padre o hijo fallecido.<\/li>\n<li>P\u00e9rdida de la compa\u00f1\u00eda, instrucci\u00f3n o orientaci\u00f3n de un padre fallecido.<\/li>\n<li>Gastos m\u00e9dicos paliativos y gastos del funeral\/entierro del difunto.<\/li>\n<li>P\u00e9rdida de ingresos del difunto entre su lesi\u00f3n y muerte y la p\u00e9rdida de acumulaciones futuras que habr\u00eda experimentado el patrimonio del difunto si hubiera vivido.<\/li>\n<\/ul>\n<p>Recuerde que el <a href=\"http:\/\/www.leg.state.fl.us\/Statutes\/index.cfm?App_mode=Display_Statute&amp;URL=0000-0099\/0095\/Sections\/0095.11.html\" target=\"_blank\" rel=\"noopener\">estatuto de limitaciones para reclamos por muerte injusta<\/a> le otorga a su familia solo dos a\u00f1os para presentar un reclamo por responsabilidad de productos en contra de un fabricante si un producto defectuoso o peligroso caus\u00f3 la muerte de su ser querido. Por lo tanto, hablar con un abogado de inmediato es crucial para proteger su derecho a presentar un reclamo por muerte injusta.<\/p>\n<h2>\u00bfQu\u00e9 compensaci\u00f3n puede obtener por las lesiones causadas por un producto defectuoso?<\/h2>\n<p>Si un producto defectuoso le caus\u00f3 lesiones, usted puede buscar una compensaci\u00f3n por las p\u00e9rdidas financieras y personales resultantes de sus lesiones. Permita que un abogado de responsabilidad por productos en Orlando de Paul Knopf Bigger le ayude a buscar alivio financiero, incluyendo dinero para lo siguiente:<\/p>\n<ul>\n<li>Costos de tratamiento m\u00e9dico, como hospitalizaciones, cirug\u00edas, visitas al m\u00e9dico, pruebas de diagn\u00f3stico, medicamentos, equipo de movilidad y terapia f\u00edsica.<\/li>\n<li>Gastos de atenci\u00f3n a largo plazo si sus lesiones resultan en discapacidades permanentes.<\/li>\n<li>Salarios perdidos si no puede trabajar o necesita trasladarse a un puesto de trabajo de menor remuneraci\u00f3n, a tiempo parcial o con tareas livianas.<\/li>\n<li>P\u00e9rdida de capacidad de ganar dinero en el futuro si sus lesiones resultan en una discapacidad permanente que le impide trabajar de manera lucrativa.<\/li>\n<li>Dolor f\u00edsico y sufrimiento.<\/li>\n<li>Angustia emocional, incluyendo depresi\u00f3n, ansiedad y trastorno de estr\u00e9s postraum\u00e1tico (TEPT).<\/li>\n<li>P\u00e9rdida del disfrute o calidad de vida debido a discapacidades, cicatrices permanentes, desfiguraci\u00f3n o reducci\u00f3n de la esperanza de vida.<\/li>\n<\/ul>\n<h2>\u00bfCu\u00e1nto tiempo tiene para presentar un reclamo de responsabilidad por productos defectuosos en Florida?<\/h2>\n<p>Seg\u00fan el <a href=\"http:\/\/www.leg.state.fl.us\/Statutes\/index.cfm?App_mode=Display_Statute&amp;URL=0000-0099\/0095\/Sections\/0095.11.html\" target=\"_blank\" rel=\"noopener\">estatuto de limitaciones de Florida<\/a>, usted tiene solamente dos a\u00f1os para presentar un reclamo de responsabilidad por productos despu\u00e9s de sufrir lesiones debido a un producto defectuoso o de descubrir que un producto defectuoso le ha causado da\u00f1o. Si presenta su reclamo despu\u00e9s de la fecha l\u00edmite estatutaria, es probable que el tribunal desestime su caso. De ser as\u00ed, podr\u00eda perder su derecho a buscar una compensaci\u00f3n en el tribunal civil por sus lesiones y otras p\u00e9rdidas.<\/p>\n<p>Adem\u00e1s, debe presentar su reclamo de responsabilidad por productos dentro del <a href=\"https:\/\/www.flsenate.gov\/Laws\/Statutes\/2022\/0095.031\" target=\"_blank\" rel=\"noopener\">plazo de prescripci\u00f3n<\/a>, sin importar cu\u00e1ndo ocurri\u00f3 su lesi\u00f3n o si descubri\u00f3 la lesi\u00f3n. Seg\u00fan el estatuto de prescripci\u00f3n, una parte lesionada no puede presentar un reclamo m\u00e1s de 12 a\u00f1os despu\u00e9s de la venta de un producto a su primer consumidor. Sin embargo, si el fabricante del producto garantiza que el producto tiene una vida \u00fatil esperada superior a 10 a\u00f1os, la parte lesionada no puede presentar un reclamo despu\u00e9s de la expiraci\u00f3n de la vida \u00fatil del producto o 12 a\u00f1os, lo que ocurra primero.<\/p>\n<p>P\u00f3ngase en contacto con un abogado de productos defectuosos lo antes posible para determinar cu\u00e1nto tiempo tiene para presentar su reclamo de responsabilidad por productos y asegurarse de presentarla a tiempo.<\/p>\n<h2>Qu\u00e9 debe hacer si un producto defectuoso le causa da\u00f1o<\/h2>\n<p>Si sufri\u00f3 lesiones debido a un producto defectuoso o peligroso, puede tomar medidas para proteger su derecho a buscar una compensaci\u00f3n a trav\u00e9s de un reclamo de responsabilidad por productos. Debe realizar lo siguiente:<\/p>\n<ul>\n<li>Buscar atenci\u00f3n m\u00e9dica inmediata para que sus lesiones sean diagnosticadas y tratadas. Siga el plan de tratamiento de su m\u00e9dico y mantenga todas las citas de seguimiento.<\/li>\n<li>Conserve el producto que le caus\u00f3 da\u00f1o, si es seguro hacerlo, o tome fotograf\u00edas del producto y del lugar del accidente.<\/li>\n<li>Recopile facturas, recibos y comprobantes de gastos relacionados con sus lesiones y copias de sus talones de pago o estados de cuenta si falta al trabajo debido a sus lesiones.<\/li>\n<li>Inicie un diario o bit\u00e1cora para documentar el proceso de recuperaci\u00f3n, incluyendo el dolor, la angustia emocional y las dificultades con las actividades diarias que experimente.<\/li>\n<\/ul>\n<p>Por \u00faltimo, p\u00f3ngase en contacto con un abogado de responsabilidad por productos en Orlando para obtener ayuda en la b\u00fasqueda de la compensaci\u00f3n y justicia que usted merece.<\/p>\n<h2>Beneficios de contratar un despacho de abogados de responsabilidad por productos en Orlando<\/h2>\n<p>Si un producto peligroso le caus\u00f3 lesiones, su prioridad deber\u00eda ser tratar sus lesiones y volver a la vida cotidiana. Contratar un despacho de abogados de responsabilidad por productos en Orlando le brinda el tiempo y la energ\u00eda necesarios para recuperarse de sus lesiones f\u00edsicas y emocionales.<\/p>\n<p>Permita que un abogado de Paul Knopf Bigger se encargue de todos los detalles relacionados con la preparaci\u00f3n y el seguimiento de sus reclamos legales. Usted se beneficiar\u00e1 al contratar a un abogado de responsabilidad por productos en Orlando de nuestro despacho de abogados, ya que:<\/p>\n<ul>\n<li>Investigaremos el producto defectuoso y recopilaremos pruebas que demuestren el defecto del producto y c\u00f3mo le caus\u00f3 lesiones.<\/li>\n<li>Documentaremos sus lesiones y p\u00e9rdidas, incluyendo las p\u00e9rdidas futuras que sufrir\u00e1, para ayudarle a buscar la compensaci\u00f3n m\u00e1xima.<\/li>\n<li>Contrataremos expertos en manufactura, dise\u00f1o, medicina y otros campos relevantes para obtener testimonios convincentes.<\/li>\n<li>Nos comunicaremos con los representantes de la empresa, ajustadores de seguros, abogados de defensa y otras partes en su nombre.<\/li>\n<li>Le ayudaremos a navegar por el sistema de tribunales civiles si necesita presentar una demanda y le representaremos en el juicio, si es necesario.<\/li>\n<\/ul>\n","protected":false},"excerpt":{"rendered":"<p>Los consumidores tienen derecho a asumir que los fabricantes solo ponen en el mercado productos seguros. Sin embargo, varios productos defectuosos o inherentemente peligrosos llegan a manos de usuarios desprevenidos. Las personas lesionadas por productos peligrosos o defectuosos merecen que los fabricantes y otras empresas encargadas de llevar esos productos al mercado tomen la responsabilidad [&hellip;]<\/p>\n","protected":false},"author":44,"featured_media":13643,"parent":0,"menu_order":375,"comment_status":"closed","ping_status":"closed","template":"practice-area.php","meta":{"_acf_changed":false,"footnotes":""},"class_list":["post-9069","page","type-page","status-publish","has-post-thumbnail","hentry"],"acf":[],"yoast_head":"<!-- This site is optimized with the Yoast SEO plugin v26.5 - https:\/\/yoast.com\/wordpress\/plugins\/seo\/ -->\n<title>Abogados de responsabilidad por productos en Orlando | Paul Knopf Bigger<\/title>\n<meta name=\"description\" content=\"Obtenga una compensaci\u00f3n por las lesiones y el sufrimiento causado por un producto defectuoso. Reciba asesor\u00eda hoy de nuestros abogados.\" \/>\n<meta name=\"robots\" content=\"index, follow, max-snippet:-1, max-image-preview:large, max-video-preview:-1\" \/>\n<link rel=\"canonical\" href=\"https:\/\/pkblawfirm.com\/es\/abogados-de-responsabilidad-por-productos-en-orlando\/\" \/>\n<meta property=\"og:locale\" content=\"es_ES\" \/>\n<meta property=\"og:type\" content=\"article\" \/>\n<meta property=\"og:title\" content=\"Abogados de responsabilidad por productos en Orlando | Paul Knopf Bigger\" \/>\n<meta property=\"og:description\" content=\"Obtenga una compensaci\u00f3n por las lesiones y el sufrimiento causado por un producto defectuoso. Reciba asesor\u00eda hoy de nuestros abogados.\" \/>\n<meta property=\"og:url\" content=\"https:\/\/pkblawfirm.com\/es\/abogados-de-responsabilidad-por-productos-en-orlando\/\" \/>\n<meta property=\"og:site_name\" content=\"Paul Knopf Bigger\" \/>\n<meta property=\"article:publisher\" content=\"https:\/\/www.facebook.com\/pkblawfirm\/\" \/>\n<meta property=\"article:modified_time\" content=\"2023-11-23T06:32:46+00:00\" \/>\n<meta property=\"og:image\" content=\"http:\/\/pkblawfirm.com\/wp-content\/uploads\/2023\/11\/abogado-responsabilidad-productos-orlando.jpg\" \/>\n\t<meta property=\"og:image:width\" content=\"810\" \/>\n\t<meta property=\"og:image:height\" content=\"230\" \/>\n\t<meta property=\"og:image:type\" content=\"image\/jpeg\" \/>\n<meta name=\"twitter:card\" content=\"summary_large_image\" \/>\n<meta name=\"twitter:site\" content=\"@pkblawfirm\" \/>\n<meta name=\"twitter:label1\" content=\"Tiempo de lectura\" \/>\n\t<meta name=\"twitter:data1\" content=\"8 minutos\" \/>\n<!-- \/ Yoast SEO plugin. -->","yoast_head_json":{"title":"Abogados de responsabilidad por productos en Orlando | Paul Knopf Bigger","description":"Obtenga una compensaci\u00f3n por las lesiones y el sufrimiento causado por un producto defectuoso. Reciba asesor\u00eda hoy de nuestros abogados.","robots":{"index":"index","follow":"follow","max-snippet":"max-snippet:-1","max-image-preview":"max-image-preview:large","max-video-preview":"max-video-preview:-1"},"canonical":"https:\/\/pkblawfirm.com\/es\/abogados-de-responsabilidad-por-productos-en-orlando\/","og_locale":"es_ES","og_type":"article","og_title":"Abogados de responsabilidad por productos en Orlando | Paul Knopf Bigger","og_description":"Obtenga una compensaci\u00f3n por las lesiones y el sufrimiento causado por un producto defectuoso. Reciba asesor\u00eda hoy de nuestros abogados.","og_url":"https:\/\/pkblawfirm.com\/es\/abogados-de-responsabilidad-por-productos-en-orlando\/","og_site_name":"Paul Knopf Bigger","article_publisher":"https:\/\/www.facebook.com\/pkblawfirm\/","article_modified_time":"2023-11-23T06:32:46+00:00","og_image":[{"width":810,"height":230,"url":"http:\/\/pkblawfirm.com\/wp-content\/uploads\/2023\/11\/abogado-responsabilidad-productos-orlando.jpg","type":"image\/jpeg"}],"twitter_card":"summary_large_image","twitter_site":"@pkblawfirm","twitter_misc":{"Tiempo de lectura":"8 minutos"},"schema":{"@context":"https:\/\/schema.org","@graph":[{"@type":"WebPage","@id":"https:\/\/pkblawfirm.com\/es\/abogados-de-responsabilidad-por-productos-en-orlando\/","url":"https:\/\/pkblawfirm.com\/es\/abogados-de-responsabilidad-por-productos-en-orlando\/","name":"Abogados de responsabilidad por productos en Orlando | Paul Knopf Bigger","isPartOf":{"@id":"https:\/\/pkblawfirm.com\/es\/#website"},"primaryImageOfPage":{"@id":"https:\/\/pkblawfirm.com\/es\/abogados-de-responsabilidad-por-productos-en-orlando\/#primaryimage"},"image":{"@id":"https:\/\/pkblawfirm.com\/es\/abogados-de-responsabilidad-por-productos-en-orlando\/#primaryimage"},"thumbnailUrl":"https:\/\/pkblawfirm.com\/wp-content\/uploads\/2023\/11\/abogado-responsabilidad-productos-orlando.jpg","datePublished":"2023-08-04T09:01:40+00:00","dateModified":"2023-11-23T06:32:46+00:00","description":"Obtenga una compensaci\u00f3n por las lesiones y el sufrimiento causado por un producto defectuoso. Reciba asesor\u00eda hoy de nuestros abogados.","breadcrumb":{"@id":"https:\/\/pkblawfirm.com\/es\/abogados-de-responsabilidad-por-productos-en-orlando\/#breadcrumb"},"inLanguage":"es","potentialAction":[{"@type":"ReadAction","target":["https:\/\/pkblawfirm.com\/es\/abogados-de-responsabilidad-por-productos-en-orlando\/"]}]},{"@type":"ImageObject","inLanguage":"es","@id":"https:\/\/pkblawfirm.com\/es\/abogados-de-responsabilidad-por-productos-en-orlando\/#primaryimage","url":"https:\/\/pkblawfirm.com\/wp-content\/uploads\/2023\/11\/abogado-responsabilidad-productos-orlando.jpg","contentUrl":"https:\/\/pkblawfirm.com\/wp-content\/uploads\/2023\/11\/abogado-responsabilidad-productos-orlando.jpg","width":810,"height":230,"caption":"car tire"},{"@type":"BreadcrumbList","@id":"https:\/\/pkblawfirm.com\/es\/abogados-de-responsabilidad-por-productos-en-orlando\/#breadcrumb","itemListElement":[{"@type":"ListItem","position":1,"name":"Inicio","item":"https:\/\/pkblawfirm.com\/es\/"},{"@type":"ListItem","position":2,"name":"Responsabilidad por Productos en Orlando"}]},{"@type":"WebSite","@id":"https:\/\/pkblawfirm.com\/es\/#website","url":"https:\/\/pkblawfirm.com\/es\/","name":"Paul Knopf Bigger","description":"","publisher":{"@id":"https:\/\/pkblawfirm.com\/es\/#organization"},"potentialAction":[{"@type":"SearchAction","target":{"@type":"EntryPoint","urlTemplate":"https:\/\/pkblawfirm.com\/es\/?s={search_term_string}"},"query-input":{"@type":"PropertyValueSpecification","valueRequired":true,"valueName":"search_term_string"}}],"inLanguage":"es"},{"@type":"Organization","@id":"https:\/\/pkblawfirm.com\/es\/#organization","name":"Paul Knopf Bigger","url":"https:\/\/pkblawfirm.com\/es\/","logo":{"@type":"ImageObject","inLanguage":"es","@id":"https:\/\/pkblawfirm.com\/es\/#\/schema\/logo\/image\/","url":"http:\/\/pkblawfirm.com\/wp-content\/uploads\/2023\/06\/Logo_PKB-2.svg","contentUrl":"http:\/\/pkblawfirm.com\/wp-content\/uploads\/2023\/06\/Logo_PKB-2.svg","width":1,"height":1,"caption":"Paul Knopf Bigger"},"image":{"@id":"https:\/\/pkblawfirm.com\/es\/#\/schema\/logo\/image\/"},"sameAs":["https:\/\/www.facebook.com\/pkblawfirm\/","https:\/\/x.com\/pkblawfirm","https:\/\/www.instagram.com\/paulknopfbigger\/","https:\/\/www.linkedin.com\/company\/pkblawfirm\/"]}]}},"_links":{"self":[{"href":"https:\/\/pkblawfirm.com\/es\/wp-json\/wp\/v2\/pages\/9069","targetHints":{"allow":["GET"]}}],"collection":[{"href":"https:\/\/pkblawfirm.com\/es\/wp-json\/wp\/v2\/pages"}],"about":[{"href":"https:\/\/pkblawfirm.com\/es\/wp-json\/wp\/v2\/types\/page"}],"author":[{"embeddable":true,"href":"https:\/\/pkblawfirm.com\/es\/wp-json\/wp\/v2\/users\/44"}],"replies":[{"embeddable":true,"href":"https:\/\/pkblawfirm.com\/es\/wp-json\/wp\/v2\/comments?post=9069"}],"version-history":[{"count":0,"href":"https:\/\/pkblawfirm.com\/es\/wp-json\/wp\/v2\/pages\/9069\/revisions"}],"wp:featuredmedia":[{"embeddable":true,"href":"https:\/\/pkblawfirm.com\/es\/wp-json\/wp\/v2\/media\/13643"}],"wp:attachment":[{"href":"https:\/\/pkblawfirm.com\/es\/wp-json\/wp\/v2\/media?parent=9069"}],"curies":[{"name":"wp","href":"https:\/\/api.w.org\/{rel}","templated":true}]}}