{"id":9028,"date":"2023-08-04T08:54:33","date_gmt":"2023-08-04T08:54:33","guid":{"rendered":"https:\/\/pkblaw.wpenginepowered.com\/?page_id=9028"},"modified":"2023-11-23T06:32:06","modified_gmt":"2023-11-23T06:32:06","slug":"responsabilidad-del-producto-tampa","status":"publish","type":"page","link":"https:\/\/pkblawfirm.com\/es\/responsabilidad-del-producto-tampa\/","title":{"rendered":"Responsabilidad por Productos en Tampa"},"content":{"rendered":"<p>La gente espera, y con justa raz\u00f3n, que los fabricantes y minoristas vendan productos seguros. Sin embargo, los productos defectuosos o peligrosos llegan al mercado con demasiada frecuencia, perjudicando a los consumidores desprevenidos. Si un producto defectuoso ha ocasionado su accidente, es posible que tenga derecho a solicitar una compensaci\u00f3n por sus lesiones y otras p\u00e9rdidas.<\/p>\n<p>Los abogados de Paul Knopf Bigger pueden ayudarlo a obtener el alivio financiero que necesita para solventar las facturas m\u00e9dicas, la p\u00e9rdida de salarios y el dolor y sufrimiento. <a href=\"http:\/\/pkblawfirm.com\/es\/contactenos\/\">Comun\u00edquese<\/a> con nuestra oficina hoy mismo para una consulta gratuita con un abogado de responsabilidad de productos en Tampa y obtenga m\u00e1s informaci\u00f3n sobre sus opciones legales.<\/p>\n<h2>\u00bfQu\u00e9 significa responsabilidad del producto?<\/h2>\n<p>La responsabilidad del producto es un \u00e1rea de la ley de lesiones personales que involucra lesiones causadas por productos peligrosos o defectuosos. Estos reclamos difieren de otros casos de lesiones personales porque la ley de responsabilidad del producto a veces permite que las personas lesionadas presenten reclamos bajo una teor\u00eda legal de responsabilidad estricta.<\/p>\n<p>Es posible que una persona lesionada por un producto peligroso o defectuoso no necesite demostrar negligencia o imprudencia por parte del fabricante. En cambio, la ley puede imponer responsabilidad a un fabricante cuando lanza al mercado un producto que da\u00f1a a alguien debido a un defecto en el producto que es irrazonablemente peligroso. Los reclamantes de responsabilidad por productos tambi\u00e9n pueden alegar negligencia por parte de un fabricante cuando, por ejemplo, no se realizaron pruebas de seguridad razonables para un producto.<\/p>\n<h2>\u00bfCu\u00e1les son ejemplos comunes de productos defectuosos?<\/h2>\n<p>Aunque cualquier producto puede ser defectuoso, ciertas categor\u00edas dan lugar con mayor frecuencia a reclamos por responsabilidad del producto. Ejemplos comunes de art\u00edculos peligrosos y defectuosos incluyen:<\/p>\n<div class=\"row\">\n<ul class=\"col-xl-6\">\n<li>Juguetes infantiles<\/li>\n<li>Productos para beb\u00e9s, incluyendo cochecitos, cunas, asientos infantiles para autom\u00f3viles y mecedoras.<\/li>\n<li>Dispositivos m\u00e9dicos, incluyendo implantes mamarios, mallas p\u00e9lvicas, articulaciones artificiales y m\u00e1quinas CPAP\/BiPAP.<\/li>\n<li>Productos farmac\u00e9uticos<\/li>\n<li>Autopartes, como bolsas de aire, bombas de combustible, transmisiones o neum\u00e1ticos.<\/li>\n<\/ul>\n<ul class=\"col-xl-6\">\n<li>Productos de belleza y cosm\u00e9tica.<\/li>\n<li>Productos de cuidado personal, como talco o talco para beb\u00e9s.<\/li>\n<li>Alimentos, incluyendo alimentos para beb\u00e9s, f\u00f3rmulas infantiles y bebidas energ\u00e9ticas.<\/li>\n<li>Productos de limpieza y cuidado del c\u00e9sped.<\/li>\n<li>Electrodom\u00e9sticos<\/li>\n<\/ul>\n<\/div>\n<h2>\u00bfCu\u00e1les son los diferentes tipos de reclamos de responsabilidad por productos defectuosos?<\/h2>\n<p>Una persona lesionada por un producto peligroso o defectuoso puede presentar reclamos de responsabilidad del producto bajo una o m\u00e1s teor\u00edas de responsabilidad. Pueden basarse en negligencia, responsabilidad estricta o incumplimiento de garant\u00eda. Los tres tipos de defectos que normalmente dan lugar a responsabilidad incluyen:<\/p>\n<ul>\n<li><strong>Defecto de dise\u00f1o:<\/strong> un reclamo por defecto de dise\u00f1o alega que las especificaciones de un producto lo hacen inherentemente peligroso o inadecuado para los usos previstos. Los defectos de dise\u00f1o afectar\u00e1n a todos los ejemplares de un producto que compartan un dise\u00f1o defectuoso.<\/li>\n<li><strong>Defecto de fabricaci\u00f3n: <\/strong>un reclamo por defecto de fabricaci\u00f3n alega que se cometieron errores durante el proceso de fabricaci\u00f3n o ensamblaje que causaron un defecto en un producto. Estos errores pueden incluir el incumplimiento de las especificaciones del producto, la contaminaci\u00f3n durante la fabricaci\u00f3n o el uso de materiales de calidad inferior. Un defecto de fabricaci\u00f3n puede afectar s\u00f3lo a un ejemplar de un producto o a ciclos de producci\u00f3n completos.<\/li>\n<li><strong>Falta de advertencia:<\/strong> tambi\u00e9n llamado defecto informativo o de marketing, un reclamo por falta de advertencia alega que el fabricante o minorista de un producto no proporcion\u00f3 al cliente las instrucciones necesarias para el uso seguro de un producto. Alternativamente, un reclamo por falta de advertencia podr\u00eda alegar que un producto ven\u00eda con advertencias inadecuadas sobre el riesgo de uso, y el usuario del producto solo habr\u00eda comprado o usado el producto si hubiera recibido las advertencias necesarias.<\/li>\n<\/ul>\n<h2>\u00bfQui\u00e9n es responsable si sufro lesiones o da\u00f1os debido a un producto defectuoso?<\/h2>\n<p>Seg\u00fan la ley de responsabilidad del producto, cualquier parte en la cadena de comercio que lleva un producto al mercado y lo vende a consumidores o usuarios puede ser responsable de las lesiones causadas por un producto defectuoso. Dependiendo de las circunstancias que conducen a la comercializaci\u00f3n y venta de un producto peligroso o defectuoso, las partes que pueden ser responsables de lesiones y p\u00e9rdidas en un caso de este tipo incluyen:<\/p>\n<ul>\n<li>El fabricante o ensamblador del producto<\/li>\n<li>Fabricantes de componentes utilizados en el montaje final del producto<\/li>\n<li>Mayoristas y distribuidores<\/li>\n<li>Minoristas<\/li>\n<\/ul>\n<h2>\u00bfQu\u00e9 pasa si un miembro de la familia muere como resultado de un producto defectuoso?<\/h2>\n<p>Algunos productos peligrosos o defectuosos provocan lesiones mortales. Si ha perdido a un ser querido debido a un producto defectuoso, la familia puede tener derecho a solicitar una compensaci\u00f3n en un reclamo por muerte por negligencia. Este puede proporcionar recuperaci\u00f3n financiera por p\u00e9rdidas como:<\/p>\n<div class=\"row\">\n<ul class=\"col-xl-6\">\n<li>El valor del apoyo y los servicios perdidos del difunto<\/li>\n<li>P\u00e9rdida de la compa\u00f1\u00eda y protecci\u00f3n del difunto<\/li>\n<li>P\u00e9rdida de acompa\u00f1amiento, instrucci\u00f3n y orientaci\u00f3n de los padres<\/li>\n<li>Dolor y sufrimiento mental<\/li>\n<\/ul>\n<ul class=\"col-xl-6\">\n<li>Gastos m\u00e9dicos y funerarios<\/li>\n<li>P\u00e9rdida de los ingresos del difunto desde la fecha de su lesi\u00f3n hasta la fecha de su muerte<\/li>\n<li>P\u00e9rdida de acumulaci\u00f3n futura del patrimonio del difunto, reducida al valor presente<\/li>\n<\/ul>\n<\/div>\n<p>Recuerde que el plazo de prescripci\u00f3n de los reclamos por muerte por negligencia en Florida le otorga s\u00f3lo dos a\u00f1os para presentar una demanda contra un fabricante o minorista responsable. Hable con un abogado de responsabilidad de productos en Tampa lo antes posible despu\u00e9s de perder a un ser querido por un producto peligroso o defectuoso para asegurarse de que su familia presente sus reclamos a tiempo.<\/p>\n<h2>\u00bfQu\u00e9 compensaci\u00f3n puedo recuperar por lesiones por productos defectuosos?<\/h2>\n<p>Si un producto defectuoso lo ha lesionado, puede solicitar una compensaci\u00f3n por las p\u00e9rdidas financieras y el sufrimiento personal que derivaron de sus lesiones. La ayuda financiera en un reclamo por producto peligroso puede proporcionarle dinero para:<\/p>\n<ul>\n<li>Costos de tratamiento m\u00e9dico y rehabilitaci\u00f3n<\/li>\n<li>Costos de atenci\u00f3n a largo plazo o apoyo para discapacidades permanentes<\/li>\n<li>Salarios o ingresos perdidos<\/li>\n<li>P\u00e9rdida de capacidad de ingresos futura y beneficios laborales si desarrolla discapacidades permanentes<\/li>\n<li>Dolor y sufrimiento<\/li>\n<li>P\u00e9rdida de calidad de vida causada por discapacidades, desfiguraciones o cicatrices, o esperanza de vida reducida<\/li>\n<\/ul>\n<h2>\u00bfCu\u00e1nto tiempo tengo para presentar un reclamo de responsabilidad por productos defectuosos en Florida?<\/h2>\n<p>Seg\u00fan el estatuto de limitaciones de Florida para reclamos por responsabilidad del producto, generalmente tiene dos a\u00f1os despu\u00e9s de sufrir una lesi\u00f3n o descubrir una lesi\u00f3n causada por un producto defectuoso para presentar una demanda. Sin embargo, la ley impone un plazo final, conocido como estatuto de reposo, para presentar una demanda. Para reclamos de responsabilidad por productos con una vida \u00fatil esperada de 10 a\u00f1os o menos, una persona lesionada debe presentar una demanda a m\u00e1s tardar 12 a\u00f1os despu\u00e9s de la venta del producto a su primer consumidor\/usuario. Cuando un fabricante garantiza que un producto tiene una vida \u00fatil esperada superior a 10 a\u00f1os, la persona lesionada por ese producto debe presentar una demanda dentro de los 12 a\u00f1os posteriores a la venta o a la vida \u00fatil garantizada del producto.<\/p>\n<p>Si presenta una demanda despu\u00e9s de la fecha l\u00edmite legal, es probable que el tribunal desestime su caso, independientemente de sus m\u00e9ritos. Si es as\u00ed, podr\u00eda perder su derecho a recuperar una indemnizaci\u00f3n en un tribunal civil. Hable con un abogado de responsabilidad por productos defectuosos de Paul Knopf Bigger en Tampa lo antes posible para comenzar con su reclamo y asegurarse de que se presente a tiempo.<\/p>\n<h2>\u00bfQu\u00e9 debe hacer si un producto defectuoso le hace da\u00f1o?<\/h2>\n<p>Si ha resultado herido debido a un producto peligroso o defectuoso, puede tomar medidas para proteger su derecho a solicitar una compensaci\u00f3n financiera en un reclamo por responsabilidad del producto. Para ello, debe hacer lo siguiente:<\/p>\n<ul>\n<li>Busque atenci\u00f3n m\u00e9dica inmediata para diagnosticar las lesiones causadas por el producto peligroso o defectuoso.<\/li>\n<li>Siga el plan de tratamiento y las instrucciones de recuperaci\u00f3n de su m\u00e9dico.<\/li>\n<li>Conserve el producto si es seguro hacerlo. De lo contrario, fotograf\u00ede el producto y guarde el embalaje, los manuales de instrucciones, los documentos de garant\u00eda y los recibos de compra.<\/li>\n<li>Obtenga copias de los registros m\u00e9dicos del tratamiento y rehabilitaci\u00f3n de sus lesiones.<\/li>\n<li>Re\u00fana todas las facturas y recibos de gastos en los que incurra debido a sus lesiones. Solicite sus recibos de pago o declaraciones de ingresos si pierde tiempo en el trabajo o acepta un puesto con un salario menor.<\/li>\n<li>Comun\u00edquese con un abogado de responsabilidad de productos en Tampa para obtener m\u00e1s informaci\u00f3n sobre sus opciones legales para recuperar una compensaci\u00f3n de un fabricante o minorista responsable.<\/li>\n<\/ul>\n<h2>Beneficios de contratar una firma de abogados de responsabilidad por productos defectuosos en Tampa<\/h2>\n<p>Si ha sufrido lesiones graves a causa de un producto peligroso o defectuoso, necesita tiempo para recuperarse y seguir adelante con su vida. Tambi\u00e9n necesita una compensaci\u00f3n por el tratamiento m\u00e9dico y por la p\u00e9rdida de ingresos. Contratar un abogado de responsabilidad por productos defectuosos en Tampa puede aliviar gran parte de su ansiedad y estr\u00e9s. Los beneficios de elegir Paul Knopf Bigger para su reclamo por defecto de producto incluyen los siguientes:<\/p>\n<ul>\n<li>Nuestros abogados experimentados pueden investigar a fondo su reclamo para recuperar evidencia que demuestre que un defecto del producto o su peligrosidad inherente provocaron su lesi\u00f3n.<\/li>\n<li>Documentaremos completamente sus lesiones y p\u00e9rdidas para buscar el m\u00e1ximo alivio financiero para sus necesidades actuales y futuras previstas.<\/li>\n<li>Nuestros abogados pueden presentar reclamos y comunicarse con representantes corporativos, ajustadores de seguros y abogados defensores en su nombre, lo que le permitir\u00e1 concentrar su tiempo y energ\u00eda en su recuperaci\u00f3n f\u00edsica y emocional.<\/li>\n<\/ul>\n","protected":false},"excerpt":{"rendered":"<p>La gente espera, y con justa raz\u00f3n, que los fabricantes y minoristas vendan productos seguros. Sin embargo, los productos defectuosos o peligrosos llegan al mercado con demasiada frecuencia, perjudicando a los consumidores desprevenidos. Si un producto defectuoso ha ocasionado su accidente, es posible que tenga derecho a solicitar una compensaci\u00f3n por sus lesiones y otras [&hellip;]<\/p>\n","protected":false},"author":44,"featured_media":13627,"parent":0,"menu_order":308,"comment_status":"closed","ping_status":"closed","template":"practice-area.php","meta":{"_acf_changed":false,"footnotes":""},"class_list":["post-9028","page","type-page","status-publish","has-post-thumbnail","hentry"],"acf":[],"yoast_head":"<!-- This site is optimized with the Yoast SEO plugin v26.5 - https:\/\/yoast.com\/wordpress\/plugins\/seo\/ -->\n<title>Abogados de responsabilidad del producto en Tampa | Paul Knopf Bigger<\/title>\n<meta name=\"description\" content=\"\u00bfNecesita ayuda legal para enfrentarse a los fabricantes y minoristas causantes de su lesi\u00f3n? Conozca a nuestros abogados de responsabilidad de productos en Tampa.\" \/>\n<meta name=\"robots\" content=\"index, follow, max-snippet:-1, max-image-preview:large, max-video-preview:-1\" \/>\n<link rel=\"canonical\" href=\"https:\/\/pkblawfirm.com\/es\/responsabilidad-del-producto-tampa\/\" \/>\n<meta property=\"og:locale\" content=\"es_ES\" \/>\n<meta property=\"og:type\" content=\"article\" \/>\n<meta property=\"og:title\" content=\"Abogados de responsabilidad del producto en Tampa | Paul Knopf Bigger\" \/>\n<meta property=\"og:description\" content=\"\u00bfNecesita ayuda legal para enfrentarse a los fabricantes y minoristas causantes de su lesi\u00f3n? Conozca a nuestros abogados de responsabilidad de productos en Tampa.\" \/>\n<meta property=\"og:url\" content=\"https:\/\/pkblawfirm.com\/es\/responsabilidad-del-producto-tampa\/\" \/>\n<meta property=\"og:site_name\" content=\"Paul Knopf Bigger\" \/>\n<meta property=\"article:publisher\" content=\"https:\/\/www.facebook.com\/pkblawfirm\/\" \/>\n<meta property=\"article:modified_time\" content=\"2023-11-23T06:32:06+00:00\" \/>\n<meta property=\"og:image\" content=\"https:\/\/pkblawfirm.com\/wp-content\/uploads\/2023\/11\/responsabilidad-por-productos-en-tampa.jpg\" \/>\n\t<meta property=\"og:image:width\" content=\"810\" \/>\n\t<meta property=\"og:image:height\" content=\"230\" \/>\n\t<meta property=\"og:image:type\" content=\"image\/jpeg\" \/>\n<meta name=\"twitter:card\" content=\"summary_large_image\" \/>\n<meta name=\"twitter:site\" content=\"@pkblawfirm\" \/>\n<meta name=\"twitter:label1\" content=\"Tiempo de lectura\" \/>\n\t<meta name=\"twitter:data1\" content=\"7 minutos\" \/>\n<!-- \/ Yoast SEO plugin. -->","yoast_head_json":{"title":"Abogados de responsabilidad del producto en Tampa | Paul Knopf Bigger","description":"\u00bfNecesita ayuda legal para enfrentarse a los fabricantes y minoristas causantes de su lesi\u00f3n? Conozca a nuestros abogados de responsabilidad de productos en Tampa.","robots":{"index":"index","follow":"follow","max-snippet":"max-snippet:-1","max-image-preview":"max-image-preview:large","max-video-preview":"max-video-preview:-1"},"canonical":"https:\/\/pkblawfirm.com\/es\/responsabilidad-del-producto-tampa\/","og_locale":"es_ES","og_type":"article","og_title":"Abogados de responsabilidad del producto en Tampa | Paul Knopf Bigger","og_description":"\u00bfNecesita ayuda legal para enfrentarse a los fabricantes y minoristas causantes de su lesi\u00f3n? Conozca a nuestros abogados de responsabilidad de productos en Tampa.","og_url":"https:\/\/pkblawfirm.com\/es\/responsabilidad-del-producto-tampa\/","og_site_name":"Paul Knopf Bigger","article_publisher":"https:\/\/www.facebook.com\/pkblawfirm\/","article_modified_time":"2023-11-23T06:32:06+00:00","og_image":[{"width":810,"height":230,"url":"https:\/\/pkblawfirm.com\/wp-content\/uploads\/2023\/11\/responsabilidad-por-productos-en-tampa.jpg","type":"image\/jpeg"}],"twitter_card":"summary_large_image","twitter_site":"@pkblawfirm","twitter_misc":{"Tiempo de lectura":"7 minutos"},"schema":{"@context":"https:\/\/schema.org","@graph":[{"@type":"WebPage","@id":"https:\/\/pkblawfirm.com\/es\/responsabilidad-del-producto-tampa\/","url":"https:\/\/pkblawfirm.com\/es\/responsabilidad-del-producto-tampa\/","name":"Abogados de responsabilidad del producto en Tampa | Paul Knopf Bigger","isPartOf":{"@id":"http:\/\/pkblawfirm.com\/es\/#website"},"primaryImageOfPage":{"@id":"https:\/\/pkblawfirm.com\/es\/responsabilidad-del-producto-tampa\/#primaryimage"},"image":{"@id":"https:\/\/pkblawfirm.com\/es\/responsabilidad-del-producto-tampa\/#primaryimage"},"thumbnailUrl":"https:\/\/pkblawfirm.com\/wp-content\/uploads\/2023\/11\/responsabilidad-por-productos-en-tampa.jpg","datePublished":"2023-08-04T08:54:33+00:00","dateModified":"2023-11-23T06:32:06+00:00","description":"\u00bfNecesita ayuda legal para enfrentarse a los fabricantes y minoristas causantes de su lesi\u00f3n? Conozca a nuestros abogados de responsabilidad de productos en Tampa.","breadcrumb":{"@id":"https:\/\/pkblawfirm.com\/es\/responsabilidad-del-producto-tampa\/#breadcrumb"},"inLanguage":"es","potentialAction":[{"@type":"ReadAction","target":["https:\/\/pkblawfirm.com\/es\/responsabilidad-del-producto-tampa\/"]}]},{"@type":"ImageObject","inLanguage":"es","@id":"https:\/\/pkblawfirm.com\/es\/responsabilidad-del-producto-tampa\/#primaryimage","url":"https:\/\/pkblawfirm.com\/wp-content\/uploads\/2023\/11\/responsabilidad-por-productos-en-tampa.jpg","contentUrl":"https:\/\/pkblawfirm.com\/wp-content\/uploads\/2023\/11\/responsabilidad-por-productos-en-tampa.jpg","width":810,"height":230,"caption":"air bag car accident"},{"@type":"BreadcrumbList","@id":"https:\/\/pkblawfirm.com\/es\/responsabilidad-del-producto-tampa\/#breadcrumb","itemListElement":[{"@type":"ListItem","position":1,"name":"Inicio","item":"http:\/\/pkblawfirm.com\/es\/"},{"@type":"ListItem","position":2,"name":"Responsabilidad por Productos en Tampa"}]},{"@type":"WebSite","@id":"http:\/\/pkblawfirm.com\/es\/#website","url":"http:\/\/pkblawfirm.com\/es\/","name":"Paul Knopf Bigger","description":"","publisher":{"@id":"http:\/\/pkblawfirm.com\/es\/#organization"},"potentialAction":[{"@type":"SearchAction","target":{"@type":"EntryPoint","urlTemplate":"http:\/\/pkblawfirm.com\/es\/?s={search_term_string}"},"query-input":{"@type":"PropertyValueSpecification","valueRequired":true,"valueName":"search_term_string"}}],"inLanguage":"es"},{"@type":"Organization","@id":"http:\/\/pkblawfirm.com\/es\/#organization","name":"Paul Knopf Bigger","url":"http:\/\/pkblawfirm.com\/es\/","logo":{"@type":"ImageObject","inLanguage":"es","@id":"http:\/\/pkblawfirm.com\/es\/#\/schema\/logo\/image\/","url":"http:\/\/pkblawfirm.com\/wp-content\/uploads\/2023\/06\/Logo_PKB-2.svg","contentUrl":"http:\/\/pkblawfirm.com\/wp-content\/uploads\/2023\/06\/Logo_PKB-2.svg","width":1,"height":1,"caption":"Paul Knopf Bigger"},"image":{"@id":"http:\/\/pkblawfirm.com\/es\/#\/schema\/logo\/image\/"},"sameAs":["https:\/\/www.facebook.com\/pkblawfirm\/","https:\/\/x.com\/pkblawfirm","https:\/\/www.instagram.com\/paulknopfbigger\/","https:\/\/www.linkedin.com\/company\/pkblawfirm\/"]}]}},"_links":{"self":[{"href":"https:\/\/pkblawfirm.com\/es\/wp-json\/wp\/v2\/pages\/9028","targetHints":{"allow":["GET"]}}],"collection":[{"href":"https:\/\/pkblawfirm.com\/es\/wp-json\/wp\/v2\/pages"}],"about":[{"href":"https:\/\/pkblawfirm.com\/es\/wp-json\/wp\/v2\/types\/page"}],"author":[{"embeddable":true,"href":"https:\/\/pkblawfirm.com\/es\/wp-json\/wp\/v2\/users\/44"}],"replies":[{"embeddable":true,"href":"https:\/\/pkblawfirm.com\/es\/wp-json\/wp\/v2\/comments?post=9028"}],"version-history":[{"count":0,"href":"https:\/\/pkblawfirm.com\/es\/wp-json\/wp\/v2\/pages\/9028\/revisions"}],"wp:featuredmedia":[{"embeddable":true,"href":"https:\/\/pkblawfirm.com\/es\/wp-json\/wp\/v2\/media\/13627"}],"wp:attachment":[{"href":"https:\/\/pkblawfirm.com\/es\/wp-json\/wp\/v2\/media?parent=9028"}],"curies":[{"name":"wp","href":"https:\/\/api.w.org\/{rel}","templated":true}]}}