{"id":8971,"date":"2023-08-04T08:45:09","date_gmt":"2023-08-04T08:45:09","guid":{"rendered":"https:\/\/pkblaw.wpenginepowered.com\/?page_id=8971"},"modified":"2023-11-23T05:23:38","modified_gmt":"2023-11-23T05:23:38","slug":"causas-de-accidentes-de-camiones-florida","status":"publish","type":"page","link":"https:\/\/pkblawfirm.com\/es\/abogados-de-accidentes-de-camiones-florida\/causas-de-accidentes-de-camiones-florida\/","title":{"rendered":"Causas de Accidentes de Camiones en Florida"},"content":{"rendered":"<p>Todos los d\u00edas, innumerables camiones comerciales circulan rugiendo por la I-275, la I-4 y otras carreteras importantes que atraviesan Tampa y sus alrededores. Estos veh\u00edculos masivos pueden causar accidentes y lesiones horribles cuando las empresas de transporte, los fabricantes de camiones y los conductores se comportan de manera negligente, imprudente o maliciosa.<\/p>\n<p>Paul Knopf Bigger es una firma de abogados de accidentes de camiones de primer nivel en Florida que protege agresivamente los derechos de las v\u00edctimas de accidentes. Nuestros abogados consumados han ganado millones en veredictos y acuerdos para clientes merecedores que sufren consecuencias devastadoras por accidentes de camiones. Estamos listos para exigir la recuperaci\u00f3n financiera que se le debe.<\/p>\n<p><a href=\"http:\/\/pkblawfirm.com\/es\/contactenos\/\">Cont\u00e1ctenos ahora<\/a> para agendar una revisi\u00f3n gratuita de su caso con nuestro equipo legal experimentado y conocedor.<\/p>\n<h2>\u00bfQu\u00e9 factores comunes contribuyen a los accidentes de camiones en Florida?<\/h2>\n<p>Los accidentes de camiones en Florida a menudo ocurren debido a factores previsibles como los siguientes:<\/p>\n<h3>Fatiga del conductor \/ Conducci\u00f3n somnolienta<\/h3>\n<p>Operar un cami\u00f3n de 80,000 libras cuando est\u00e1 cansado es extremadamente peligroso. Los conductores somnolientos tienen problemas de juicio y lentos tiempos de reacci\u00f3n, mientras que los conductores de camiones que trabajan muchas horas sin descansar lo suficiente corren un alto riesgo de sufrir un accidente.<\/p>\n<h3>Exceso de velocidad y conducir demasiado r\u00e1pido para las condiciones<\/h3>\n<p>Los camiones grandes requieren mucho m\u00e1s tiempo y distancia para frenar que otros veh\u00edculos. Los conductores de camiones que viajan demasiado r\u00e1pido a menudo no pueden detenerse a tiempo cuando el tr\u00e1fico disminuye repentinamente o aparece una obstrucci\u00f3n en la carretera.<\/p>\n<h3>Conducir bajo los efectos del alcohol<\/h3>\n<p>Conducir camiones bajo los efectos del alcohol o las drogas representa una enorme amenaza para la seguridad p\u00fablica. Los camioneros en dicho estado tienen m\u00e1s probabilidades de reaccionar con retraso y sufrir una peligrosa falta de control del volante. Mezclar la conducci\u00f3n de camiones con alcohol, drogas ilegales o incluso ciertos medicamentos recetados o de venta libre puede tener consecuencias mortales.<\/p>\n<h3>Conducci\u00f3n distra\u00edda<\/h3>\n<p>Los camioneros enfrentan muchas distracciones potenciales, incluyendo tel\u00e9fonos celulares, unidades de GPS y mensajer\u00eda instant\u00e1nea. Si los camioneros apartan la vista de la carretera, aunque sea brevemente, para enviar mensajes de texto, llamar o alcanzar objetos, sus enormes camiones pueden desviarse r\u00e1pidamente y cambiar de rumbo.<\/p>\n<h3>Seguir demasiado de cerca<\/h3>\n<p>El inmenso peso de los camiones requiere que los conductores mantengan una distancia segura en todo momento. Seguir demasiado de cerca a otro veh\u00edculo no deja suficiente espacio para frenar. Los choques traseros que surgen cuando el tr\u00e1fico se detiene abruptamente son causas comunes de accidentes de camiones cuando estos siguen demasiado de cerca otro auto.<\/p>\n<h3>No comprobar los puntos ciegos<\/h3>\n<p>Los camiones tienen grandes puntos ciegos en la parte delantera, trasera y laterales. No comprobar negligentemente los puntos ciegos hace que los camioneros se sobrepongan en el mismo carril de otros veh\u00edculos, giren contra el tr\u00e1fico que se incorpora o atropellen a veh\u00edculos m\u00e1s peque\u00f1os en carriles adyacentes.<\/p>\n<h3>Mala formaci\u00f3n del conductor<\/h3>\n<p>Los conductores de camiones deben completar una formaci\u00f3n de calidad para adquirir el conocimiento y la experiencia necesarios para manejar adecuadamente el enorme tama\u00f1o y peso de los camiones con remolque. Una formaci\u00f3n inadecuada da como resultado que los conductores carezcan de las habilidades de control y percepci\u00f3n de peligros necesarias para evitar accidentes.<\/p>\n<h3>Violaciones de las horas de servicio<\/h3>\n<p>Los camioneros cometen violaciones de las horas de servicio (HOS, por sus siglas en ingl\u00e9s) cuando operan camiones durante demasiadas horas, hasta que se agotan o fatigan. Existen reglas HOS para evitar el cansancio de los conductores de transporte al exigir per\u00edodos de descanso. Desobedecer las regulaciones HOS demuestra negligencia y desprecio imprudente por la seguridad, lo que a menudo conduce a accidentes de camiones inducidos por fatiga.<\/p>\n<h3>Camiones sobrecargados<\/h3>\n<p>El exceso de peso del veh\u00edculo afecta la distancia de frenado, el manejo y el control. Los camiones sobrecargados son especialmente propensos a volcaduras o accidentes tipo navaja. Transportar cargas que superan los l\u00edmites legales aumenta el peligro para todos los que comparten la carretera.<\/p>\n<h3>Cargas mal aseguradas<\/h3>\n<p>La carga no asegurada que cae de los camiones presenta un peligro importante, lo que a veces hace que los conductores cercanos se desv\u00eden peligrosamente o frenen de forma repentina para evitar choques. Los camioneros deben amarrar adecuadamente sus cargas para evitar que se desplacen o se derramen en la carretera, una causa frecuente de accidentes graves.<\/p>\n<h3>Malos frenos<\/h3>\n<p>Los frenos de los camiones se deterioran con el uso y requieren un mantenimiento frecuente. Los problemas de frenos, como pastillas o rotores desgastados y fugas de aire, reducen cr\u00edticamente la capacidad de frenado de estos camiones de varias toneladas. Los frenos en mal estado alargan significativamente la distancia de frenado y no pueden evitar que los camiones fuera de control choquen.<\/p>\n<h3>Mal mantenimiento<\/h3>\n<p>Las empresas de transporte y los conductores est\u00e1n obligados por ley a garantizar que los camiones permanezcan en buenas condiciones de funcionamiento. No inspeccionar y mantener adecuadamente los veh\u00edculos puede provocar reventones catastr\u00f3ficos de neum\u00e1ticos, fallas en los frenos y otros problemas prevenibles que causan accidentes de camiones relacionados con el mantenimiento.<\/p>\n<h3>Carreteras defectuosas<\/h3>\n<p>Las malas condiciones de la carretera, como baches, peligros de construcci\u00f3n, ausencia de divisores y cambios bruscos de carril, pueden hacer que los conductores de camiones pierdan el control del volante o que sus camiones se vuelquen, especialmente a velocidades de autopista. Si bien los conductores deben adaptarse a las condiciones de la carretera, el dise\u00f1o, la se\u00f1alizaci\u00f3n o el mantenimiento defectuosos de la misma podr\u00edan ser un factor en tales accidentes.<\/p>\n<h2>Tipos comunes de accidentes de camiones comerciales en Florida<\/h2>\n<p>Los accidentes de camiones pueden adoptar muchas formas, cada una con consecuencias y da\u00f1os potenciales \u00fanicos. Aqu\u00ed hay una lista de tipos comunes de accidentes de camiones en el Estado del Sol:<\/p>\n<div class=\"row\">\n<ul class=\"col-xl-6\">\n<li>Accidentes tipo navaja<\/li>\n<li>Accidentes en curvas amplias<\/li>\n<li>Accidentes de vuelco<\/li>\n<li>Accidentes por debajo del suelo<\/li>\n<li>Choques traseros<\/li>\n<li>Choques frontales<\/li>\n<li>Accidentes de punto ciego<\/li>\n<li>Accidentes de carga perdida<\/li>\n<li>Accidentes en forma de T<\/li>\n<li>Accidentes por explosi\u00f3n de neum\u00e1ticos<\/li>\n<\/ul>\n<ul class=\"col-xl-6\">\n<li>Accidentes por fallas de frenos<\/li>\n<li>Accidentes por choque lateral<\/li>\n<li>Accidentes por choque de puentes<\/li>\n<li>Accidentes de camiones sobrecargados<\/li>\n<li>Accidentes de camiones fuera de control<\/li>\n<li>Choques de varios veh\u00edculos<\/li>\n<li>Accidentes por incendio de combustible<\/li>\n<li>Accidentes de reacci\u00f3n en cadena<\/li>\n<li>Accidentes por derrames de carga<\/li>\n<\/ul>\n<\/div>\n<h2>\u00bfQui\u00e9n podr\u00eda ser responsable de un accidente de cami\u00f3n en Florida?<\/h2>\n<p>Buscar una compensaci\u00f3n justa despu\u00e9s de una lesi\u00f3n por accidente de cami\u00f3n significa identificar a todas las partes que podr\u00edan compartir la responsabilidad legal por el accidente. Podr\u00eda haber varias partes responsables en un caso de accidente de cami\u00f3n, por ejemplo:<\/p>\n<ul>\n<li><strong>Conductores de camiones:<\/strong> los conductores de camiones que causan accidentes debido a conductas de conducci\u00f3n peligrosas, como ir a exceso de velocidad, conducci\u00f3n distra\u00edda o seguir demasiado de cerca a otro, podr\u00edan ser responsabilizados. Los camioneros que violan las normas de seguridad u operan de manera insegura en condiciones peligrosas tambi\u00e9n enfrentan responsabilidad por da\u00f1os.<\/li>\n<li><strong>Empresas de camiones:<\/strong> las empresas de camiones deben capacitar, supervisar y monitorear adecuadamente a sus conductores y garantizar que sus veh\u00edculos cumplan con los est\u00e1ndares de seguridad. La contrataci\u00f3n, capacitaci\u00f3n o retenci\u00f3n negligente de malos conductores podr\u00eda implicar a las empresas de transporte por carretera. Las empresas tambi\u00e9n podr\u00edan ser responsables por no mantener adecuadamente los camiones o por alentar o exigir comportamientos ilegales como conducir horas excesivas.<\/li>\n<li><strong>Fabricantes de camiones y repuestos para camiones:<\/strong> los camiones o refacciones dise\u00f1ados o fabricados de manera defectuosa, como neum\u00e1ticos, frenos, motores y componentes de direcci\u00f3n, podr\u00edan generar demandas de responsabilidad del producto contra el fabricante. Los fabricantes de camiones podr\u00edan ser responsables si un componente defectuoso causa o contribuye a un accidente.<\/li>\n<li><strong>Cargadores:<\/strong> las partes responsables de cargar, asegurar o pesar la carga de un cami\u00f3n pueden ser responsables si una carga desequilibrada, desplazada o derramada causa un accidente. El acomodo negligente de carga, que crea un cami\u00f3n con sobrepeso, demasiado pesado o inestable, puede provocar accidentes por p\u00e9rdida de control.<\/li>\n<li><strong>Transportistas\/corredores:<\/strong> los corredores de carga, embarcadores o transportistas podr\u00edan ser responsables si sus demandas irrazonables, cronogramas de entrega poco pr\u00e1cticos o cargas con sobrepeso contribuyen a un accidente de cami\u00f3n.<\/li>\n<\/ul>\n<h2>\u00bfQu\u00e9 evidencia podr\u00eda demostrar qu\u00e9 caus\u00f3 un accidente de cami\u00f3n?<\/h2>\n<p>Reunir pruebas es clave para construir un caso s\u00f3lido de lesiones por accidentes de camiones. Aqu\u00ed hay algunos tipos comunes de evidencia que podr\u00edan ser \u00fatiles para respaldar un caso:<\/p>\n<div class=\"row\">\n<ul class=\"col-xl-6\">\n<li>Informes de accidentes policiales<\/li>\n<li>Registros de conductores comerciales<\/li>\n<li>Registros de inspecci\u00f3n de camiones<\/li>\n<li>Manuales de pol\u00edticas de la empresa<\/li>\n<li>Archivos de calificaci\u00f3n de conductores de camiones<\/li>\n<li>Datos de \u201ccaja negra\u201d de camiones y otros veh\u00edculos<\/li>\n<li>Registros de horas de servicio del conductor (HOS)<\/li>\n<li>Informes del historial de conducci\u00f3n<\/li>\n<li>Registros m\u00e9dicos<\/li>\n<li>Registros de trabajo o pago<\/li>\n<li>Fotos o videos de la escena del accidente<\/li>\n<li>Estimaciones de reparaci\u00f3n de da\u00f1os de veh\u00edculos<\/li>\n<\/ul>\n<ul class=\"col-xl-6\">\n<li>An\u00e1lisis de expertos en reconstrucci\u00f3n de accidentes.<\/li>\n<li>Declaraciones de testigos presenciales<\/li>\n<li>Im\u00e1genes de la c\u00e1mara de tr\u00e1fico\/c\u00e1mara del tablero<\/li>\n<li>Registros de tel\u00e9fonos celulares<\/li>\n<li>Resultados de pruebas de drogas o alcohol<\/li>\n<li>Informes meteorol\u00f3gicos o de tr\u00e1fico<\/li>\n<li>Grabaciones de env\u00edo<\/li>\n<li>GPS o datos de seguimiento electr\u00f3nico<\/li>\n<li>Declaraciones juradas de v\u00edctimas de accidentes<\/li>\n<li>Opiniones de m\u00e9dicos expertos<\/li>\n<li>Actividad en las redes sociales<\/li>\n<li>Investigaciones de verificaci\u00f3n de antecedentes<\/li>\n<li>Informes de proceso de carga<\/li>\n<\/ul>\n<\/div>\n<h2>Estad\u00edsticas de accidentes de camiones en Florida<\/h2>\n<p>Seg\u00fan datos recientes sobre percances, hubo 2,781 accidentes de camiones en el condado de Hillsborough en un a\u00f1o, un aumento del 14.63% respecto al a\u00f1o anterior. El condado tuvo un promedio de 2,759 accidentes de camiones por a\u00f1o en los tres a\u00f1os anteriores.<\/p>\n<p>Un a\u00f1o, hubo 24 muertes por accidentes de camiones en Hillsborough, un 11.11% menos que el a\u00f1o anterior. Desde los tres a\u00f1os anteriores, un promedio de 24 personas por a\u00f1o murieron en accidentes de camiones en el condado de Hillsborough.<\/p>\n<p>El condado de Hillsborough tambi\u00e9n report\u00f3 824 lesiones resultantes de accidentes de camiones ese mismo a\u00f1o. Esto represent\u00f3 una disminuci\u00f3n del 2.72% en comparaci\u00f3n con el a\u00f1o anterior. En los tres a\u00f1os anteriores, los accidentes de camiones en todo el condado lesionaron a 870 personas en promedio cada a\u00f1o.<\/p>\n<h2>\u00bfCu\u00e1nto tiempo tiene para presentar una demanda por accidente de cami\u00f3n en Tampa?<\/h2>\n<p>Si resulta herido en un accidente de cami\u00f3n en Tampa y desea solicitar una compensaci\u00f3n, el tiempo es esencial. Usted tiene solo dos a\u00f1os para presentar la mayor\u00eda de las demandas por lesiones personales despu\u00e9s de un accidente de cami\u00f3n. Si alguien muere en un choque con este tipo de veh\u00edculo, los familiares sobrevivientes tienen dos a\u00f1os a partir de la fecha del fallecimiento para presentar una demanda por muerte por negligencia.<\/p>\n<p>Recuerde que estos plazos pueden variar dependiendo de las circunstancias y presentar su reclamo a tiempo es fundamental. Debido a esto, es mejor consultar a un abogado con experiencia lo antes posible despu\u00e9s de un accidente de cami\u00f3n.<\/p>\n<h2>C\u00f3mo un abogado de accidentes de camiones en Tampa puede manejar su caso<\/h2>\n<p>Contratar a un abogado experto en lesiones personales es fundamental en un caso de accidente de cami\u00f3n, ya que implementar\u00e1 varias estrategias para maximizar su compensaci\u00f3n potencial. Su abogado puede ayudarle a:<\/p>\n<div class=\"row\">\n<ul class=\"col-xl-6\">\n<li>Investigar a fondo todos los factores que contribuyeron al accidente.<\/li>\n<li>Identificar a cada acusado potencialmente culpable que comparte la responsabilidad.<\/li>\n<li>Documentar el alcance total de sus lesiones y p\u00e9rdidas relacionadas.<\/li>\n<li>Contratar expertos m\u00e9dicos altamente calificados para evaluar su condici\u00f3n.<\/li>\n<li>Obtener, conservar y presentar pruebas claras de responsabilidad.<\/li>\n<li>Investigar incidentes anteriores que involucren a la empresa de transporte.<\/li>\n<\/ul>\n<ul class=\"col-xl-6\">\n<li>Verificar que todos los acusados tengan la cobertura de seguro adecuada.<\/li>\n<li>Presentar la documentaci\u00f3n necesaria de forma meticulosa y r\u00e1pida.<\/li>\n<li>Obtener el testimonio de uno o varios testigos presenciales que respalden su reclamo.<\/li>\n<li>Negociar h\u00e1bilmente con los ajustadores de seguros en su nombre.<\/li>\n<li>Llevar su caso a los tribunales y representarlo en el juicio si es necesario.<\/li>\n<\/ul>\n<\/div>\n<h2>P\u00f3ngase en contacto con un abogado de accidentes de camiones en Tampa hoy mismo<\/h2>\n<p>\u00bfUsted o un ser querido fue perjudicado por un camionero negligente o una empresa de transporte insegura? Tome medidas inmediatas comunic\u00e1ndose con Paul Knopf Bigger para agendar una evaluaci\u00f3n gratuita de su caso.<\/p>\n","protected":false},"excerpt":{"rendered":"<p>Todos los d\u00edas, innumerables camiones comerciales circulan rugiendo por la I-275, la I-4 y otras carreteras importantes que atraviesan Tampa y sus alrededores. Estos veh\u00edculos masivos pueden causar accidentes y lesiones horribles cuando las empresas de transporte, los fabricantes de camiones y los conductores se comportan de manera negligente, imprudente o maliciosa. Paul Knopf Bigger [&hellip;]<\/p>\n","protected":false},"author":44,"featured_media":26578,"parent":8949,"menu_order":7,"comment_status":"closed","ping_status":"closed","template":"","meta":{"_acf_changed":false,"footnotes":""},"class_list":["post-8971","page","type-page","status-publish","has-post-thumbnail","hentry"],"acf":[],"yoast_head":"<!-- This site is optimized with the Yoast SEO plugin v26.5 - https:\/\/yoast.com\/wordpress\/plugins\/seo\/ -->\n<title>Causas de accidentes de camiones en Florida | Paul Knopf Bigger<\/title>\n<meta name=\"description\" content=\"Ser perjudicado por un camionero negligente es un hecho que merece ser compensado. Conozca c\u00f3mo obtener justicia con ayuda de un abogado.\" \/>\n<meta name=\"robots\" content=\"index, follow, max-snippet:-1, max-image-preview:large, max-video-preview:-1\" \/>\n<link rel=\"canonical\" href=\"https:\/\/pkblawfirm.com\/es\/abogados-de-accidentes-de-camiones-florida\/causas-de-accidentes-de-camiones-florida\/\" \/>\n<meta property=\"og:locale\" content=\"es_ES\" \/>\n<meta property=\"og:type\" content=\"article\" \/>\n<meta property=\"og:title\" content=\"Causas de accidentes de camiones en Florida | Paul Knopf Bigger\" \/>\n<meta property=\"og:description\" content=\"Ser perjudicado por un camionero negligente es un hecho que merece ser compensado. Conozca c\u00f3mo obtener justicia con ayuda de un abogado.\" \/>\n<meta property=\"og:url\" content=\"https:\/\/pkblawfirm.com\/es\/abogados-de-accidentes-de-camiones-florida\/causas-de-accidentes-de-camiones-florida\/\" \/>\n<meta property=\"og:site_name\" content=\"Paul Knopf Bigger\" \/>\n<meta property=\"article:publisher\" content=\"https:\/\/www.facebook.com\/pkblawfirm\/\" \/>\n<meta property=\"article:modified_time\" content=\"2023-11-23T05:23:38+00:00\" \/>\n<meta property=\"og:image\" content=\"https:\/\/pkblawfirm.com\/wp-content\/uploads\/2024\/01\/causes-of-truck-accidents.jpg\" \/>\n\t<meta property=\"og:image:width\" content=\"810\" \/>\n\t<meta property=\"og:image:height\" content=\"230\" \/>\n\t<meta property=\"og:image:type\" content=\"image\/jpeg\" \/>\n<meta name=\"twitter:card\" content=\"summary_large_image\" \/>\n<meta name=\"twitter:site\" content=\"@pkblawfirm\" \/>\n<meta name=\"twitter:label1\" content=\"Tiempo de lectura\" \/>\n\t<meta name=\"twitter:data1\" content=\"9 minutos\" \/>\n<!-- \/ Yoast SEO plugin. -->","yoast_head_json":{"title":"Causas de accidentes de camiones en Florida | Paul Knopf Bigger","description":"Ser perjudicado por un camionero negligente es un hecho que merece ser compensado. Conozca c\u00f3mo obtener justicia con ayuda de un abogado.","robots":{"index":"index","follow":"follow","max-snippet":"max-snippet:-1","max-image-preview":"max-image-preview:large","max-video-preview":"max-video-preview:-1"},"canonical":"https:\/\/pkblawfirm.com\/es\/abogados-de-accidentes-de-camiones-florida\/causas-de-accidentes-de-camiones-florida\/","og_locale":"es_ES","og_type":"article","og_title":"Causas de accidentes de camiones en Florida | Paul Knopf Bigger","og_description":"Ser perjudicado por un camionero negligente es un hecho que merece ser compensado. Conozca c\u00f3mo obtener justicia con ayuda de un abogado.","og_url":"https:\/\/pkblawfirm.com\/es\/abogados-de-accidentes-de-camiones-florida\/causas-de-accidentes-de-camiones-florida\/","og_site_name":"Paul Knopf Bigger","article_publisher":"https:\/\/www.facebook.com\/pkblawfirm\/","article_modified_time":"2023-11-23T05:23:38+00:00","og_image":[{"width":810,"height":230,"url":"https:\/\/pkblawfirm.com\/wp-content\/uploads\/2024\/01\/causes-of-truck-accidents.jpg","type":"image\/jpeg"}],"twitter_card":"summary_large_image","twitter_site":"@pkblawfirm","twitter_misc":{"Tiempo de lectura":"9 minutos"},"schema":{"@context":"https:\/\/schema.org","@graph":[{"@type":"WebPage","@id":"https:\/\/pkblawfirm.com\/es\/abogados-de-accidentes-de-camiones-florida\/causas-de-accidentes-de-camiones-florida\/","url":"https:\/\/pkblawfirm.com\/es\/abogados-de-accidentes-de-camiones-florida\/causas-de-accidentes-de-camiones-florida\/","name":"Causas de accidentes de camiones en Florida | Paul Knopf Bigger","isPartOf":{"@id":"https:\/\/pkblawfirm.com\/es\/#website"},"primaryImageOfPage":{"@id":"https:\/\/pkblawfirm.com\/es\/abogados-de-accidentes-de-camiones-florida\/causas-de-accidentes-de-camiones-florida\/#primaryimage"},"image":{"@id":"https:\/\/pkblawfirm.com\/es\/abogados-de-accidentes-de-camiones-florida\/causas-de-accidentes-de-camiones-florida\/#primaryimage"},"thumbnailUrl":"https:\/\/pkblawfirm.com\/wp-content\/uploads\/2024\/01\/causes-of-truck-accidents.jpg","datePublished":"2023-08-04T08:45:09+00:00","dateModified":"2023-11-23T05:23:38+00:00","description":"Ser perjudicado por un camionero negligente es un hecho que merece ser compensado. Conozca c\u00f3mo obtener justicia con ayuda de un abogado.","breadcrumb":{"@id":"https:\/\/pkblawfirm.com\/es\/abogados-de-accidentes-de-camiones-florida\/causas-de-accidentes-de-camiones-florida\/#breadcrumb"},"inLanguage":"es","potentialAction":[{"@type":"ReadAction","target":["https:\/\/pkblawfirm.com\/es\/abogados-de-accidentes-de-camiones-florida\/causas-de-accidentes-de-camiones-florida\/"]}]},{"@type":"ImageObject","inLanguage":"es","@id":"https:\/\/pkblawfirm.com\/es\/abogados-de-accidentes-de-camiones-florida\/causas-de-accidentes-de-camiones-florida\/#primaryimage","url":"https:\/\/pkblawfirm.com\/wp-content\/uploads\/2024\/01\/causes-of-truck-accidents.jpg","contentUrl":"https:\/\/pkblawfirm.com\/wp-content\/uploads\/2024\/01\/causes-of-truck-accidents.jpg","width":810,"height":230},{"@type":"BreadcrumbList","@id":"https:\/\/pkblawfirm.com\/es\/abogados-de-accidentes-de-camiones-florida\/causas-de-accidentes-de-camiones-florida\/#breadcrumb","itemListElement":[{"@type":"ListItem","position":1,"name":"Inicio","item":"https:\/\/pkblawfirm.com\/es\/"},{"@type":"ListItem","position":2,"name":"Abogados de Accidentes de Camiones en Florida","item":"https:\/\/pkblawfirm.com\/es\/abogados-de-accidentes-de-camiones-florida\/"},{"@type":"ListItem","position":3,"name":"Causas de Accidentes de Camiones en Florida"}]},{"@type":"WebSite","@id":"https:\/\/pkblawfirm.com\/es\/#website","url":"https:\/\/pkblawfirm.com\/es\/","name":"Paul Knopf Bigger","description":"","publisher":{"@id":"https:\/\/pkblawfirm.com\/es\/#organization"},"potentialAction":[{"@type":"SearchAction","target":{"@type":"EntryPoint","urlTemplate":"https:\/\/pkblawfirm.com\/es\/?s={search_term_string}"},"query-input":{"@type":"PropertyValueSpecification","valueRequired":true,"valueName":"search_term_string"}}],"inLanguage":"es"},{"@type":"Organization","@id":"https:\/\/pkblawfirm.com\/es\/#organization","name":"Paul Knopf Bigger","url":"https:\/\/pkblawfirm.com\/es\/","logo":{"@type":"ImageObject","inLanguage":"es","@id":"https:\/\/pkblawfirm.com\/es\/#\/schema\/logo\/image\/","url":"http:\/\/pkblawfirm.com\/wp-content\/uploads\/2023\/06\/Logo_PKB-2.svg","contentUrl":"http:\/\/pkblawfirm.com\/wp-content\/uploads\/2023\/06\/Logo_PKB-2.svg","width":1,"height":1,"caption":"Paul Knopf Bigger"},"image":{"@id":"https:\/\/pkblawfirm.com\/es\/#\/schema\/logo\/image\/"},"sameAs":["https:\/\/www.facebook.com\/pkblawfirm\/","https:\/\/x.com\/pkblawfirm","https:\/\/www.instagram.com\/paulknopfbigger\/","https:\/\/www.linkedin.com\/company\/pkblawfirm\/"]}]}},"_links":{"self":[{"href":"https:\/\/pkblawfirm.com\/es\/wp-json\/wp\/v2\/pages\/8971","targetHints":{"allow":["GET"]}}],"collection":[{"href":"https:\/\/pkblawfirm.com\/es\/wp-json\/wp\/v2\/pages"}],"about":[{"href":"https:\/\/pkblawfirm.com\/es\/wp-json\/wp\/v2\/types\/page"}],"author":[{"embeddable":true,"href":"https:\/\/pkblawfirm.com\/es\/wp-json\/wp\/v2\/users\/44"}],"replies":[{"embeddable":true,"href":"https:\/\/pkblawfirm.com\/es\/wp-json\/wp\/v2\/comments?post=8971"}],"version-history":[{"count":0,"href":"https:\/\/pkblawfirm.com\/es\/wp-json\/wp\/v2\/pages\/8971\/revisions"}],"up":[{"embeddable":true,"href":"https:\/\/pkblawfirm.com\/es\/wp-json\/wp\/v2\/pages\/8949"}],"wp:featuredmedia":[{"embeddable":true,"href":"https:\/\/pkblawfirm.com\/es\/wp-json\/wp\/v2\/media\/26578"}],"wp:attachment":[{"href":"https:\/\/pkblawfirm.com\/es\/wp-json\/wp\/v2\/media?parent=8971"}],"curies":[{"name":"wp","href":"https:\/\/api.w.org\/{rel}","templated":true}]}}