{"id":9040,"date":"2023-08-04T08:56:56","date_gmt":"2023-08-04T08:56:56","guid":{"rendered":"https:\/\/pkblaw.wpenginepowered.com\/?page_id=9040"},"modified":"2024-09-03T20:58:47","modified_gmt":"2024-09-03T20:58:47","slug":"abogado-de-accidentes-de-camion-orlando","status":"publish","type":"page","link":"http:\/\/pkblawfirm.com\/es\/abogado-de-accidentes-de-camion-orlando\/","title":{"rendered":"Accidentes de Camiones en Orlando"},"content":{"rendered":"<p>\u00bfSe lastim\u00f3 en un accidente con un cami\u00f3n de 18 ruedas en Orlando? Si fue atropellado por un cami\u00f3n comercial debido a la negligencia del conductor o de la compa\u00f1\u00eda de transporte, podr\u00eda buscar una compensaci\u00f3n financiera para sus gastos m\u00e9dicos, reparaciones del veh\u00edculo, ingresos perdidos y el sufrimiento experimentado. Un abogado de accidentes de cami\u00f3n en Orlando de Paul Knopf Bigger puede ayudarle.<\/p>\n<p>Nuestro equipo legal est\u00e1 comprometido con la b\u00fasqueda de justicia para las v\u00edctimas de lesiones en todo Orlando. Contamos con un historial comprobado de litigar y ganar casos de lesiones en contra de algunas de las corporaciones m\u00e1s grandes, lo que nos ha otorgado una reputaci\u00f3n a nivel nacional por nuestro \u00e9xito. <a href=\"http:\/\/pkblawfirm.com\/es\/contactenos\/\">P\u00f3ngase en contacto<\/a> con nuestra firma de abogados hoy mismo para tener una consulta sin costo con un abogado de accidentes de cami\u00f3n en Orlando.<\/p>\n<h2>C\u00f3mo se clasifican los camiones en Florida<\/h2>\n<p>Los <a href=\"https:\/\/www.flsenate.gov\/laws\/statutes\/2021\/320.01\" target=\"_blank\" rel=\"noopener\">Estatutos de Florida<\/a> definen un \u201ccami\u00f3n\u201d como un veh\u00edculo de motor con un peso neto del veh\u00edculo de 5,000 libras o menos, dise\u00f1ado o utilizado principalmente para transportar mercanc\u00edas, aparte de los efectos personales de los ocupantes del cami\u00f3n, en una caja, plataforma, estante u otro equipo. El estatuto clasifica un \u201ccami\u00f3n pesado\u201d como un veh\u00edculo de motor con un peso neto del veh\u00edculo de m\u00e1s de 5,000 libras, dise\u00f1ado o utilizado para transportar mercanc\u00edas o equipado con un dispositivo para conectar y remolcar un tr\u00e1iler. Finalmente, el estatuto define un \u201ccami\u00f3n tractor\u201d como un veh\u00edculo de motor con cuatro o m\u00e1s ruedas dise\u00f1ado para remolcar un semirremolque conectado a la quinta rueda del veh\u00edculo, sin ning\u00fan otro medio para transportar carga.<\/p>\n<img loading=\"lazy\" decoding=\"async\" class=\"alignnone size-full wp-image-38631\" src=\"http:\/\/pkblawfirm.com\/wp-content\/uploads\/2024\/09\/Clasification-Camiones-Florida-scaled.jpg\" alt=\"Clasificacion Camiones Florida\" width=\"2560\" height=\"1306\" srcset=\"http:\/\/pkblawfirm.com\/wp-content\/uploads\/2024\/09\/Clasification-Camiones-Florida-scaled.jpg 2560w, http:\/\/pkblawfirm.com\/wp-content\/uploads\/2024\/09\/Clasification-Camiones-Florida-300x153.jpg 300w, http:\/\/pkblawfirm.com\/wp-content\/uploads\/2024\/09\/Clasification-Camiones-Florida-1024x523.jpg 1024w, http:\/\/pkblawfirm.com\/wp-content\/uploads\/2024\/09\/Clasification-Camiones-Florida-768x392.jpg 768w, http:\/\/pkblawfirm.com\/wp-content\/uploads\/2024\/09\/Clasification-Camiones-Florida-1536x784.jpg 1536w, http:\/\/pkblawfirm.com\/wp-content\/uploads\/2024\/09\/Clasification-Camiones-Florida-2048x1045.jpg 2048w\" sizes=\"auto, (max-width: 2560px) 100vw, 2560px\" \/>\n<h2>Por qu\u00e9 los accidentes de cami\u00f3n son m\u00e1s complicados que otros choques de veh\u00edculos de motor<\/h2>\n<p>Las personas lesionadas en un accidente de cami\u00f3n comercial pueden encontrar dif\u00edcil recuperar una compensaci\u00f3n por sus p\u00e9rdidas financieras y personales debido a lo complicado que pueden ser los accidentes de camiones. Estos accidentes son m\u00e1s complejos porque:<\/p>\n<ul>\n<li><strong>Los accidentes de camiones involucran m\u00e1s pruebas<\/strong> \u2013 Las regulaciones estatales y federales requieren que las compa\u00f1\u00edas de transporte de camiones mantengan registros extensos de sus operaciones. Estos incluyen los registros de las horas de servicio del conductor, los registros del grabador de datos de eventos del cami\u00f3n, los registros de mantenimiento y los manifiestos de carga. Los abogados de accidentes de camiones deben revisar cada registro y pieza de evidencia de un accidente de cami\u00f3n para asegurarse de encontrar los hechos que demuestren qui\u00e9n o qu\u00e9 caus\u00f3 el accidente.<\/li>\n<li><strong>Los accidentes de camiones comerciales pueden lesionar a m\u00faltiples personas <\/strong>\u2013 Los devastadores accidentes de camiones pueden involucrar a m\u00faltiples v\u00edctimas, y las partes responsables pueden insistir en llegar a un acuerdo global con todas las partes lesionadas. Alternativamente, las partes responsables pueden carecer de cobertura de seguro suficiente o recursos financieros para compensar completamente a todos.<\/li>\n<li><strong>M\u00faltiples partes pueden ser responsables en un accidente de cami\u00f3n <\/strong>\u2013 Varias partes pueden ser responsables, ya sea directa o indirectamente, de causar un accidente de cami\u00f3n. Cuando un caso de accidente de cami\u00f3n involucra a m\u00faltiples partes potencialmente responsables, pueden surgir disputas sobre la asignaci\u00f3n de la culpa, lo que dificulta la recuperaci\u00f3n.<\/li>\n<li><strong>Las compa\u00f1\u00edas de transporte de camiones frecuentemente tienen estructuras corporativas o coberturas de seguro complejas<\/strong> \u2013 Las grandes compa\u00f1\u00edas de transporte de camiones pueden tener corporaciones matrices, subsidiarias y afiliadas, lo que dificulta la identificaci\u00f3n de la parte correcta para demandar. Adem\u00e1s, estas compa\u00f1\u00edas a menudo cuentan con p\u00f3lizas de seguro de responsabilidad superpuestas que complican el c\u00e1lculo de la cantidad de cobertura de seguro disponible en un caso de accidente de cami\u00f3n.<\/li>\n<\/ul>\n<img loading=\"lazy\" decoding=\"async\" class=\"alignnone size-full wp-image-38643\" src=\"http:\/\/pkblawfirm.com\/wp-content\/uploads\/2024\/09\/Porque-Mas-Complejos-scaled.jpg\" alt=\"Porque Mas Complejos\" width=\"2560\" height=\"2476\" srcset=\"http:\/\/pkblawfirm.com\/wp-content\/uploads\/2024\/09\/Porque-Mas-Complejos-scaled.jpg 2560w, http:\/\/pkblawfirm.com\/wp-content\/uploads\/2024\/09\/Porque-Mas-Complejos-300x290.jpg 300w, http:\/\/pkblawfirm.com\/wp-content\/uploads\/2024\/09\/Porque-Mas-Complejos-1024x990.jpg 1024w, http:\/\/pkblawfirm.com\/wp-content\/uploads\/2024\/09\/Porque-Mas-Complejos-768x743.jpg 768w, http:\/\/pkblawfirm.com\/wp-content\/uploads\/2024\/09\/Porque-Mas-Complejos-1536x1486.jpg 1536w, http:\/\/pkblawfirm.com\/wp-content\/uploads\/2024\/09\/Porque-Mas-Complejos-2048x1981.jpg 2048w\" sizes=\"auto, (max-width: 2560px) 100vw, 2560px\" \/>\n<h2>Leyes estatales y federales sobre el transporte de camiones<\/h2>\n<p>En Florida, se imponen numerosas <a href=\"https:\/\/www.flhsmv.gov\/pdf\/cve\/2016truckingmanual.pdf\" target=\"_blank\" rel=\"noopener\">regulaciones<\/a> sobre la operaci\u00f3n de camiones comerciales en el estado. Estas regulaciones incluyen:<\/p>\n<ul>\n<li>L\u00edmites de peso y dimensiones para camiones.<\/li>\n<li>Requisitos de permisos para camiones con sobrepeso o dimensiones excedidas.<\/li>\n<li>Requisitos de licencia para conductores de camiones, incluyendo requisitos de licencia de conductor comercial y endosos de licencia para operar ciertos tipos de veh\u00edculos o para transportar carga peligrosa.<\/li>\n<\/ul>\n<p>La ley federal tambi\u00e9n requiere que los conductores sigan regulaciones de horas de servicio para asegurarse de que no se fatiguen ni se queden dormidos al volante. Las <a href=\"https:\/\/www.fmcsa.dot.gov\/regulations\/hours-service\/summary-hours-service-regulations\" target=\"_blank\" rel=\"noopener\">regulaciones de horas de servicio de la Administraci\u00f3n Federal de Seguridad de Autotransportes<\/a> establecen que los conductores:<\/p>\n<ul>\n<li>pueden manejar un m\u00e1ximo de 11 horas despu\u00e9s de 10 horas fuera de servicio;<\/li>\n<li>solo pueden manejar hasta la hora 14 despu\u00e9s de comenzar su turno tras un per\u00edodo de 10 horas fuera de servicio;<\/li>\n<li>deben tomar un descanso de al menos 30 minutos despu\u00e9s de conducir durante las ocho horas siguientes al \u00faltimo descanso o al per\u00edodo de descanso del conductor;<\/li>\n<li>no pueden manejar despu\u00e9s de 60 horas de servicio en siete d\u00edas ni despu\u00e9s de 70 horas de servicio en ocho d\u00edas (con los per\u00edodos de siete y ocho d\u00edas reinici\u00e1ndose despu\u00e9s de que el conductor pase al menos 34 horas fuera de servicio); y<\/li>\n<li>pueden extender los l\u00edmites de 11 y 14 horas hasta dos horas adicionales en condiciones adversas de manejo.<\/li>\n<\/ul>\n<h2>Tipos comunes y causas de accidentes de camiones comerciales en Orlando<\/h2>\n<p>Los grandes camiones comerciales\u00a0 est\u00e1n involucrados en diversos tipos de accidentes. Algunos de los m\u00e1s comunes son:<\/p>\n<div class=\"row\">\n<ul class=\"col-xl-6\">\n<li>Colisiones traseras<\/li>\n<li>Colisiones frontales<\/li>\n<li>Colisiones laterales<\/li>\n<li>Colisiones de impacto lateral\/choque en forma de T<\/li>\n<li>Accidentes de deslizamiento por debajo (underride)<\/li>\n<\/ul>\n<ul class=\"col-xl-6\">\n<li>Accidentes de tijera (jackknife)<\/li>\n<li>Accidentes de salida de carretera<\/li>\n<li>Accidentes de volcamiento<\/li>\n<li>Accidentes de carga<\/li>\n<\/ul>\n<\/div>\n<p>Muchos accidentes de camiones de 18 ruedas ocurren por la negligencia de un conductor de cami\u00f3n o de la compa\u00f1\u00eda de transporte, pero existen otras causas. Las causas frecuentes de accidentes de camiones comerciales incluyen:<\/p>\n<div class=\"row\">\n<ul class=\"col-xl-6\">\n<li>Exceso de velocidad o viajar a una velocidad demasiado alta para las condiciones de la carretera\/el clima\/el tr\u00e1fico.<\/li>\n<li>Seguir muy de cerca al veh\u00edculo de adelante.<\/li>\n<li>Pasarse los sem\u00e1foros en rojo o las se\u00f1ales de alto.<\/li>\n<li>Ignorar se\u00f1ales de tr\u00e1fico, incluidas las restricciones de circulaci\u00f3n para camiones grandes.<\/li>\n<li>No ceder el derecho de paso.<\/li>\n<li>No utilizar las luces de giro.<\/li>\n<li>No revisar los espejos antes de girar, cambiar de carril o retroceder.<\/li>\n<\/ul>\n<ul class=\"col-xl-6\">\n<li>Conducir con somnolencia.<\/li>\n<li>Conducir bajo los efectos del alcohol o las drogas.<\/li>\n<li>Conducir en estado de ebriedad o drogado.<\/li>\n<li>Inexperiencia del conductor de cami\u00f3n o capacitaci\u00f3n insuficiente.<\/li>\n<li>Falta de mantenimiento del cami\u00f3n\/remolque.<\/li>\n<li>Defectos de dise\u00f1o o fabricaci\u00f3n en el cami\u00f3n\/remolque o sus partes.<\/li>\n<li>Cargas poco seguras, incluyendo cargas con exceso de peso, con peso desequilibrado o cargas sin fijar.<\/li>\n<\/ul>\n<\/div>\n<h2>Lesiones t\u00edpicas resultantes de una colisi\u00f3n de cami\u00f3n<\/h2>\n<p>Los accidentes de cami\u00f3n tienden a causar lesiones m\u00e1s graves que los accidentes que involucran solo veh\u00edculos de pasajeros debido al gran tama\u00f1o de los camiones. Las lesiones t\u00edpicas de un choque de cami\u00f3n incluyen:<\/p>\n<div class=\"row\">\n<ul class=\"col-xl-6\">\n<li>Laceraciones, abrasiones y lesiones por deslizamiento.<\/li>\n<li>Da\u00f1o a los nervios.<\/li>\n<li>Esguinces o desgarros de ligamentos.<\/li>\n<li>Esguinces o desgarros de m\u00fasculos y tendones.<\/li>\n<li>Huesos rotos.<\/li>\n<li>Lesiones por aplastamiento.<\/li>\n<li>Lesiones en el cuello y la espalda, incluyendo latigazo cervical o discos espinales herniados.<\/li>\n<\/ul>\n<ul class=\"col-xl-6\">\n<li>Lesiones de la m\u00e9dula espinal y par\u00e1lisis.<\/li>\n<li>Da\u00f1o a los nervios.<\/li>\n<li>Lesiones en \u00f3rganos internos o hemorragias internas.<\/li>\n<li>Lesiones faciales.<\/li>\n<li>Lesiones cerebrales traum\u00e1ticas.<\/li>\n<li>Quemaduras.<\/li>\n<li>Amputaci\u00f3n traum\u00e1tica o p\u00e9rdida de extremidades.<\/li>\n<\/ul>\n<\/div>\n<p>Adem\u00e1s, si un accidente de cami\u00f3n en Orlando resulta en un fallecimiento, la familia de la v\u00edctima podr\u00eda presentar una demanda por muerte injusta.<\/p>\n<h2>Partes que podr\u00edan ser consideradas responsables en un accidente de cami\u00f3n en Orlando<\/h2>\n<p>Un accidente de cami\u00f3n puede ocurrir debido a errores negligentes o imprudentes por parte de diversas partes involucradas en la industria del transporte de camiones. Ejemplos comunes de partes que podr\u00edan tener responsabilidad en un accidente de cami\u00f3n en Orlando son:<\/p>\n<div class=\"row\">\n<ul class=\"col-xl-6\">\n<li>El conductor del cami\u00f3n.<\/li>\n<li>La compa\u00f1\u00eda de transporte de camiones.<\/li>\n<li>El propietario del cami\u00f3n (si no es el conductor ni la compa\u00f1\u00eda de transporte de camiones).<\/li>\n<li>La compa\u00f1\u00eda de env\u00edo.<\/li>\n<\/ul>\n<ul class=\"col-xl-6\">\n<li>El fabricante del cami\u00f3n o el tr\u00e1iler.<\/li>\n<li>Un fabricante de piezas o de equipos usados en un cami\u00f3n, como neum\u00e1ticos, frenos o equipos para asegurar la carga.<\/li>\n<li>Mec\u00e1nicos automotrices que brindan servicio al cami\u00f3n\/tr\u00e1iler.<\/li>\n<\/ul>\n<img loading=\"lazy\" decoding=\"async\" class=\"alignnone size-full wp-image-38655\" src=\"http:\/\/pkblawfirm.com\/wp-content\/uploads\/2024\/09\/Responsable-Accidente-Camion-Orlando-scaled.jpg\" alt=\"Responsable Accidente Camion Orlando\" width=\"2560\" height=\"1858\" srcset=\"http:\/\/pkblawfirm.com\/wp-content\/uploads\/2024\/09\/Responsable-Accidente-Camion-Orlando-scaled.jpg 2560w, http:\/\/pkblawfirm.com\/wp-content\/uploads\/2024\/09\/Responsable-Accidente-Camion-Orlando-300x218.jpg 300w, http:\/\/pkblawfirm.com\/wp-content\/uploads\/2024\/09\/Responsable-Accidente-Camion-Orlando-1024x743.jpg 1024w, http:\/\/pkblawfirm.com\/wp-content\/uploads\/2024\/09\/Responsable-Accidente-Camion-Orlando-768x558.jpg 768w, http:\/\/pkblawfirm.com\/wp-content\/uploads\/2024\/09\/Responsable-Accidente-Camion-Orlando-1536x1115.jpg 1536w, http:\/\/pkblawfirm.com\/wp-content\/uploads\/2024\/09\/Responsable-Accidente-Camion-Orlando-2048x1487.jpg 2048w\" sizes=\"auto, (max-width: 2560px) 100vw, 2560px\" \/>\n<\/div>\n<h2>Compensaci\u00f3n que podr\u00eda recuperar en un reclamo por accidente de cami\u00f3n en Orlando<\/h2>\n<p>Si ha sufrido lesiones o da\u00f1os a la propiedad en un accidente de cami\u00f3n en Orlando, podr\u00eda tener el derecho de buscar una compensaci\u00f3n de un conductor de cami\u00f3n responsable o de una compa\u00f1\u00eda de transporte. La compensaci\u00f3n puede proporcionarle dinero para las p\u00e9rdidas financieras y personales que incurran debido al accidente, como:<\/p>\n<div class=\"row\">\n<ul class=\"col-xl-6\">\n<li>Costos de tratamiento m\u00e9dico y rehabilitaci\u00f3n por las lesiones que sufri\u00f3 en el accidente.<\/li>\n<li>Costos de cuidado a largo plazo o apoyo que necesite si las discapacidades afectan su vida diaria.<\/li>\n<li>P\u00e9rdida de salarios\/ingresos si no puede trabajar debido a sus lesiones.<\/li>\n<li>P\u00e9rdida de capacidad de ganancia y beneficios laborales si desarrolla una discapacidad permanente.<\/li>\n<\/ul>\n<ul class=\"col-xl-6\">\n<li>Dolor y sufrimiento causado por sus lesiones o tratamiento m\u00e9dico.<\/li>\n<li>P\u00e9rdida de calidad de vida debido a una discapacidad o cicatrices y desfiguraci\u00f3n visible y permanente.<\/li>\n<li>Gastos de reparaci\u00f3n del veh\u00edculo o reembolso del valor del veh\u00edculo destrozado.<\/li>\n<\/ul>\n<\/div>\n<h2>\u00bfPodr\u00eda recuperar una compensaci\u00f3n si usted es parcialmente responsable de un accidente de cami\u00f3n?<\/h2>\n<p>Bajo el <a href=\"http:\/\/www.leg.state.fl.us\/statutes\/index.cfm?App_mode=Display_Statute&amp;URL=0700-0799\/0768\/Sections\/0768.81.html\" target=\"_blank\" rel=\"noopener\">sistema de negligencia comparativa de Florida<\/a>, una v\u00edctima de lesiones a\u00fan podr\u00eda tener el derecho de buscar ayuda financiera incluso si es parcialmente responsable de un accidente de cami\u00f3n. Florida sigue una regla de negligencia comparativa modificada, lo que significa que alguien lesionado en un accidente puede buscar una compensaci\u00f3n si su porcentaje de culpa en el accidente es igual o menor que el de la otra parte o partes responsables.<\/p>\n<p>La regla de negligencia comparativa tambi\u00e9n afecta la cantidad de dinero que una persona puede recuperar. De acuerdo con esta regla, cualquier porcentaje de culpa que una parte lesionada tenga en un accidente puede reducir su compensaci\u00f3n en proporci\u00f3n a su grado de culpa.<\/p>\n<h2>Beneficios de contratar a un abogado de accidentes de cami\u00f3n en Orlando para su reclamo<\/h2>\n<p>Recuperarse de un devastador accidente de cami\u00f3n puede ser abrumador. Es posible que necesite un tratamiento m\u00e9dico extenso y rehabilitaci\u00f3n para sus lesiones. Adem\u00e1s es posible que tampoco pueda trabajar, lo que genera estr\u00e9s financiero. Un abogado de accidentes de cami\u00f3n en Orlando de Paul Knopf Bigger puede encargarse de su demanda para que usted se concentre en su recuperaci\u00f3n. Obtendr\u00e1 tranquilidad al contratar a nuestros abogados para su reclamo de accidente de cami\u00f3n porque podemos:<\/p>\n<ul>\n<li>Investigar el accidente de cami\u00f3n y recopilar pruebas complejas para probar la responsabilidad.<\/li>\n<li>Documentar sus lesiones y p\u00e9rdidas y contar con expertos m\u00e9dicos, vocacionales y financieros para calcular con precisi\u00f3n sus gastos pasados, en curso y futuros.<\/li>\n<li>Preparar su caso legal y comunicarnos en su nombre con ajustadores de seguros, representantes de la compa\u00f1\u00eda de transporte de camiones y abogados defensores, de manera que usted pueda dedicar su atenci\u00f3n completa a su tratamiento y rehabilitaci\u00f3n.<\/li>\n<li>Representarlo en el juicio, si es necesario, para defender su derecho a recibir ayuda financiera.<\/li>\n<\/ul>\n","protected":false},"excerpt":{"rendered":"<p>\u00bfSe lastim\u00f3 en un accidente con un cami\u00f3n de 18 ruedas en Orlando? Si fue atropellado por un cami\u00f3n comercial debido a la negligencia del conductor o de la compa\u00f1\u00eda de transporte, podr\u00eda buscar una compensaci\u00f3n financiera para sus gastos m\u00e9dicos, reparaciones del veh\u00edculo, ingresos perdidos y el sufrimiento experimentado. Un abogado de accidentes de [&hellip;]<\/p>\n","protected":false},"author":44,"featured_media":13635,"parent":0,"menu_order":361,"comment_status":"closed","ping_status":"closed","template":"practice-area.php","meta":{"_acf_changed":false,"footnotes":""},"class_list":["post-9040","page","type-page","status-publish","has-post-thumbnail","hentry"],"acf":[],"yoast_head":"<!-- This site is optimized with the Yoast SEO plugin v26.5 - https:\/\/yoast.com\/wordpress\/plugins\/seo\/ -->\n<title>Abogado de accidentes de cami\u00f3n en Orlando | Paul Knopf Bigger<\/title>\n<meta name=\"description\" content=\"Contacte a un abogado de accidentes de cami\u00f3n para su caso en nuestra firma y conc\u00e9ntrese en recuperarse. Nos encargaremos de su compensaci\u00f3n.\" \/>\n<meta name=\"robots\" content=\"index, follow, max-snippet:-1, max-image-preview:large, max-video-preview:-1\" \/>\n<link rel=\"canonical\" href=\"http:\/\/pkblawfirm.com\/es\/abogado-de-accidentes-de-camion-orlando\/\" \/>\n<meta property=\"og:locale\" content=\"es_ES\" \/>\n<meta property=\"og:type\" content=\"article\" \/>\n<meta property=\"og:title\" content=\"Abogado de accidentes de cami\u00f3n en Orlando | Paul Knopf Bigger\" \/>\n<meta property=\"og:description\" content=\"Contacte a un abogado de accidentes de cami\u00f3n para su caso en nuestra firma y conc\u00e9ntrese en recuperarse. Nos encargaremos de su compensaci\u00f3n.\" \/>\n<meta property=\"og:url\" content=\"http:\/\/pkblawfirm.com\/es\/abogado-de-accidentes-de-camion-orlando\/\" \/>\n<meta property=\"og:site_name\" content=\"Paul Knopf Bigger\" \/>\n<meta property=\"article:publisher\" content=\"https:\/\/www.facebook.com\/pkblawfirm\/\" \/>\n<meta property=\"article:modified_time\" content=\"2024-09-03T20:58:47+00:00\" \/>\n<meta property=\"og:image\" content=\"http:\/\/pkblawfirm.com\/wp-content\/uploads\/2023\/11\/abogado-accidentes-camiones-orlando.jpg\" \/>\n\t<meta property=\"og:image:width\" content=\"810\" \/>\n\t<meta property=\"og:image:height\" content=\"230\" \/>\n\t<meta property=\"og:image:type\" content=\"image\/jpeg\" \/>\n<meta name=\"twitter:card\" content=\"summary_large_image\" \/>\n<meta name=\"twitter:site\" content=\"@pkblawfirm\" \/>\n<meta name=\"twitter:label1\" content=\"Tiempo de lectura\" \/>\n\t<meta name=\"twitter:data1\" content=\"9 minutos\" \/>\n<!-- \/ Yoast SEO plugin. -->","yoast_head_json":{"title":"Abogado de accidentes de cami\u00f3n en Orlando | Paul Knopf Bigger","description":"Contacte a un abogado de accidentes de cami\u00f3n para su caso en nuestra firma y conc\u00e9ntrese en recuperarse. Nos encargaremos de su compensaci\u00f3n.","robots":{"index":"index","follow":"follow","max-snippet":"max-snippet:-1","max-image-preview":"max-image-preview:large","max-video-preview":"max-video-preview:-1"},"canonical":"http:\/\/pkblawfirm.com\/es\/abogado-de-accidentes-de-camion-orlando\/","og_locale":"es_ES","og_type":"article","og_title":"Abogado de accidentes de cami\u00f3n en Orlando | Paul Knopf Bigger","og_description":"Contacte a un abogado de accidentes de cami\u00f3n para su caso en nuestra firma y conc\u00e9ntrese en recuperarse. Nos encargaremos de su compensaci\u00f3n.","og_url":"http:\/\/pkblawfirm.com\/es\/abogado-de-accidentes-de-camion-orlando\/","og_site_name":"Paul Knopf Bigger","article_publisher":"https:\/\/www.facebook.com\/pkblawfirm\/","article_modified_time":"2024-09-03T20:58:47+00:00","og_image":[{"width":810,"height":230,"url":"http:\/\/pkblawfirm.com\/wp-content\/uploads\/2023\/11\/abogado-accidentes-camiones-orlando.jpg","type":"image\/jpeg"}],"twitter_card":"summary_large_image","twitter_site":"@pkblawfirm","twitter_misc":{"Tiempo de lectura":"9 minutos"},"schema":{"@context":"https:\/\/schema.org","@graph":[{"@type":"WebPage","@id":"http:\/\/pkblawfirm.com\/es\/abogado-de-accidentes-de-camion-orlando\/","url":"http:\/\/pkblawfirm.com\/es\/abogado-de-accidentes-de-camion-orlando\/","name":"Abogado de accidentes de cami\u00f3n en Orlando | Paul Knopf Bigger","isPartOf":{"@id":"https:\/\/pkblawfirm.com\/es\/#website"},"primaryImageOfPage":{"@id":"http:\/\/pkblawfirm.com\/es\/abogado-de-accidentes-de-camion-orlando\/#primaryimage"},"image":{"@id":"http:\/\/pkblawfirm.com\/es\/abogado-de-accidentes-de-camion-orlando\/#primaryimage"},"thumbnailUrl":"http:\/\/pkblawfirm.com\/wp-content\/uploads\/2023\/11\/abogado-accidentes-camiones-orlando.jpg","datePublished":"2023-08-04T08:56:56+00:00","dateModified":"2024-09-03T20:58:47+00:00","description":"Contacte a un abogado de accidentes de cami\u00f3n para su caso en nuestra firma y conc\u00e9ntrese en recuperarse. Nos encargaremos de su compensaci\u00f3n.","breadcrumb":{"@id":"http:\/\/pkblawfirm.com\/es\/abogado-de-accidentes-de-camion-orlando\/#breadcrumb"},"inLanguage":"es","potentialAction":[{"@type":"ReadAction","target":["http:\/\/pkblawfirm.com\/es\/abogado-de-accidentes-de-camion-orlando\/"]}]},{"@type":"ImageObject","inLanguage":"es","@id":"http:\/\/pkblawfirm.com\/es\/abogado-de-accidentes-de-camion-orlando\/#primaryimage","url":"http:\/\/pkblawfirm.com\/wp-content\/uploads\/2023\/11\/abogado-accidentes-camiones-orlando.jpg","contentUrl":"http:\/\/pkblawfirm.com\/wp-content\/uploads\/2023\/11\/abogado-accidentes-camiones-orlando.jpg","width":810,"height":230,"caption":"car and truck"},{"@type":"BreadcrumbList","@id":"http:\/\/pkblawfirm.com\/es\/abogado-de-accidentes-de-camion-orlando\/#breadcrumb","itemListElement":[{"@type":"ListItem","position":1,"name":"Inicio","item":"https:\/\/pkblawfirm.com\/es\/"},{"@type":"ListItem","position":2,"name":"Accidentes de Camiones en Orlando"}]},{"@type":"WebSite","@id":"https:\/\/pkblawfirm.com\/es\/#website","url":"https:\/\/pkblawfirm.com\/es\/","name":"Paul Knopf Bigger","description":"","publisher":{"@id":"https:\/\/pkblawfirm.com\/es\/#organization"},"potentialAction":[{"@type":"SearchAction","target":{"@type":"EntryPoint","urlTemplate":"https:\/\/pkblawfirm.com\/es\/?s={search_term_string}"},"query-input":{"@type":"PropertyValueSpecification","valueRequired":true,"valueName":"search_term_string"}}],"inLanguage":"es"},{"@type":"Organization","@id":"https:\/\/pkblawfirm.com\/es\/#organization","name":"Paul Knopf Bigger","url":"https:\/\/pkblawfirm.com\/es\/","logo":{"@type":"ImageObject","inLanguage":"es","@id":"https:\/\/pkblawfirm.com\/es\/#\/schema\/logo\/image\/","url":"http:\/\/pkblawfirm.com\/wp-content\/uploads\/2023\/06\/Logo_PKB-2.svg","contentUrl":"http:\/\/pkblawfirm.com\/wp-content\/uploads\/2023\/06\/Logo_PKB-2.svg","width":1,"height":1,"caption":"Paul Knopf Bigger"},"image":{"@id":"https:\/\/pkblawfirm.com\/es\/#\/schema\/logo\/image\/"},"sameAs":["https:\/\/www.facebook.com\/pkblawfirm\/","https:\/\/x.com\/pkblawfirm","https:\/\/www.instagram.com\/paulknopfbigger\/","https:\/\/www.linkedin.com\/company\/pkblawfirm\/"]}]}},"_links":{"self":[{"href":"http:\/\/pkblawfirm.com\/es\/wp-json\/wp\/v2\/pages\/9040","targetHints":{"allow":["GET"]}}],"collection":[{"href":"http:\/\/pkblawfirm.com\/es\/wp-json\/wp\/v2\/pages"}],"about":[{"href":"http:\/\/pkblawfirm.com\/es\/wp-json\/wp\/v2\/types\/page"}],"author":[{"embeddable":true,"href":"http:\/\/pkblawfirm.com\/es\/wp-json\/wp\/v2\/users\/44"}],"replies":[{"embeddable":true,"href":"http:\/\/pkblawfirm.com\/es\/wp-json\/wp\/v2\/comments?post=9040"}],"version-history":[{"count":0,"href":"http:\/\/pkblawfirm.com\/es\/wp-json\/wp\/v2\/pages\/9040\/revisions"}],"wp:featuredmedia":[{"embeddable":true,"href":"http:\/\/pkblawfirm.com\/es\/wp-json\/wp\/v2\/media\/13635"}],"wp:attachment":[{"href":"http:\/\/pkblawfirm.com\/es\/wp-json\/wp\/v2\/media?parent=9040"}],"curies":[{"name":"wp","href":"https:\/\/api.w.org\/{rel}","templated":true}]}}