{"id":9017,"date":"2023-08-04T08:53:07","date_gmt":"2023-08-04T08:53:07","guid":{"rendered":"https:\/\/pkblaw.wpenginepowered.com\/?page_id=9017"},"modified":"2024-09-04T13:14:09","modified_gmt":"2024-09-04T13:14:09","slug":"reclamos-lesiones-accidentes-camiones-tampa","status":"publish","type":"page","link":"http:\/\/pkblawfirm.com\/es\/abogados-de-accidentes-de-camiones-en-tampa\/reclamos-lesiones-accidentes-camiones-tampa\/","title":{"rendered":"Reclamaciones por Lesiones de Accidentes de Camiones en Tampa"},"content":{"rendered":"<p>Un accidente de cami\u00f3n puede ocasionar lesiones catastr\u00f3ficas y que alteren la vida de las v\u00edctimas del choque. Cuando una colisi\u00f3n ocurre debido a la negligencia de un conductor de cami\u00f3n o de una empresa de transporte, las v\u00edctimas del accidente pueden buscar compensaci\u00f3n a trav\u00e9s de reclamos por lesiones en accidentes.<\/p>\n<p>Nuestro experimentado equipo legal en Paul Knopf Bigger ayuda a aquellos heridos en accidentes de camiones a enfrentarse a grandes empresas de transporte y aseguradoras para buscar una compensaci\u00f3n m\u00e1xima. <a href=\"http:\/\/pkblawfirm.com\/es\/contactenos\/\">Cont\u00e1ctenos hoy mismo<\/a> para una evaluaci\u00f3n inicial gratuita de su caso si ha resultado herido en un accidente de cami\u00f3n en Tampa. Podemos discutir sus opciones legales para buscar alivio financiero y justicia.<\/p>\n<h2>\u00bfQu\u00e9 implica el proceso de reclamos por accidentes de camiones en Florida?<\/h2>\n<p>Un reclamo por accidente de cami\u00f3n generalmente conduce a un acuerdo negociado o una litigaci\u00f3n. Aunque el cronograma del proceso de reclamos por accidentes de camiones variar\u00e1 de un caso a otro, por lo general, puede esperar pasar por los siguientes pasos:<\/p>\n<h3>Investigaci\u00f3n<\/h3>\n<p>En primer lugar, su abogado debe investigar el accidente para obtener evidencia para su caso. Su abogado puede asegurar evidencia cr\u00edtica, como los registros de horas de servicio del conductor del cami\u00f3n, registros de mantenimiento, grabaciones de c\u00e1maras de vigilancia\/tr\u00e1fico, y reportes de accidentes policiales.<\/p>\n<h3>Documentaci\u00f3n<\/h3>\n<p>Debe mantener registros para documentar las lesiones y p\u00e9rdidas que sufre como resultado del accidente. Hacerlo le ayudar\u00e1 a recuperar una compensaci\u00f3n por sus p\u00e9rdidas actuales y futuras. Recuerde mantener copias de todas las cuentas, facturas y recibos de gastos relacionados con el accidente. Re\u00fana sus talones de pago o estados de ingresos si pierde salarios mientras se recupera de sus lesiones.<\/p>\n<h3>Construcci\u00f3n de un caso<\/h3>\n<p>Su abogado puede revisar la evidencia del accidente para construir un argumento convincente que demuestre que el conductor del cami\u00f3n, la empresa de transporte u otras partes causaron el accidente. Su abogado puede trabajar con expertos en reconstrucci\u00f3n de accidentes, ingenier\u00eda, transporte, medicina y finanzas para recopilar informes y testimonios que expliquen c\u00f3mo ocurri\u00f3 el accidente o la compensaci\u00f3n que necesita por p\u00e9rdidas actuales y futuras debido a sus lesiones.<\/p>\n<h3>Presentaci\u00f3n de reclamos de seguros y cartas de demanda<\/h3>\n<p>Una vez que su abogado haya preparado un argumento convincente para respaldar su caso de accidente de cami\u00f3n, puede presentar un reclamo ante la aseguradora del conductor del cami\u00f3n o de la empresa de transporte. Alternativamente, su abogado puede enviar una carta de demanda directamente a la empresa de transporte. La presentaci\u00f3n de reclamos de seguros o cartas de demanda generalmente inicia el proceso de acuerdo en un caso de accidente de cami\u00f3n.<\/p>\n<h3>Negociaciones de acuerdo<\/h3>\n<p>En su reclamo de seguros o carta de demanda, usted y su abogado pueden proponer una cifra de compensaci\u00f3n para resolver el caso. Si la empresa de transporte o la aseguradora ofrece una cifra menor, su abogado puede negociar de manera agresiva en su nombre para luchar por la compensaci\u00f3n m\u00e1xima posible en su reclamo por accidente de cami\u00f3n.<\/p>\n<h3>Presentaci\u00f3n de una demanda<\/h3>\n<p>Si la empresa de transporte o la aseguradora no acceden a un acuerdo justo, es posible que deba presentar una demanda para buscar compensaci\u00f3n. Una demanda comienza con la presentaci\u00f3n de una queja en el tribunal y la entrega de una copia de la queja al conductor del cami\u00f3n y a la empresa de transporte. La parte contraria en el caso puede presentar una respuesta a su queja, conocida como respuesta.<\/p>\n<h3>Descubrimiento<\/h3>\n<p>Una vez que las partes hayan presentado sus alegatos, proceden al descubrimiento. Durante el descubrimiento, las partes intercambian documentos e informaci\u00f3n y toman declaraciones de testigos para reducir los problemas para el juicio. La evidencia descubierta durante el proceso de descubrimiento puede llevar a ambas partes a presentar mociones de resoluci\u00f3n sumaria para eliminar la necesidad de un juicio.<\/p>\n<h3>Juicio<\/h3>\n<p>Un juicio por accidente de cami\u00f3n finalmente llegar\u00e1 a juicio si las partes no resuelven el caso mediante un acuerdo o una moci\u00f3n judicial. En el juicio, las partes pueden presentar evidencia y testigos, as\u00ed como llevar a cabo interrogatorios cruzados. Un jurado o un juez evaluar\u00e1 la evidencia y emitir\u00e1 un veredicto a favor de una de las partes.<\/p>\n<img loading=\"lazy\" decoding=\"async\" class=\"alignnone size-full wp-image-38640\" src=\"http:\/\/pkblawfirm.com\/wp-content\/uploads\/2024\/09\/Pasos-de-Reclamo-scaled.jpg\" alt=\"Pasos de Reclamo\" width=\"2560\" height=\"2423\" srcset=\"http:\/\/pkblawfirm.com\/wp-content\/uploads\/2024\/09\/Pasos-de-Reclamo-scaled.jpg 2560w, http:\/\/pkblawfirm.com\/wp-content\/uploads\/2024\/09\/Pasos-de-Reclamo-300x284.jpg 300w, http:\/\/pkblawfirm.com\/wp-content\/uploads\/2024\/09\/Pasos-de-Reclamo-1024x969.jpg 1024w, http:\/\/pkblawfirm.com\/wp-content\/uploads\/2024\/09\/Pasos-de-Reclamo-768x727.jpg 768w, http:\/\/pkblawfirm.com\/wp-content\/uploads\/2024\/09\/Pasos-de-Reclamo-1536x1454.jpg 1536w, http:\/\/pkblawfirm.com\/wp-content\/uploads\/2024\/09\/Pasos-de-Reclamo-2048x1938.jpg 2048w\" sizes=\"auto, (max-width: 2560px) 100vw, 2560px\" \/>\n<h2>\u00bfCu\u00e1les son las causas de los accidentes de camiones en Florida?<\/h2>\n<p>Los accidentes de camiones en Florida tienen diversas causas. Muchos accidentes ocurren debido a la negligencia o imprudencia de un conductor de cami\u00f3n. Algunos accidentes suceden debido a la negligencia o culpa de empresas de la industria del transporte, como empresas de transporte de carga o de env\u00edo. Algunas causas comunes de accidentes de camiones grandes en Florida incluyen:<\/p>\n<div class=\"row\">\n<ul class=\"col-xl-6\">\n<li>Exceso de velocidad.<\/li>\n<li>Conducci\u00f3n imprudente, como zigzaguear entre el tr\u00e1fico.<\/li>\n<li>Seguir muy de cerca o \u201ctailgating\u201d<\/li>\n<li>Pasar sem\u00e1foros en rojo o ignorar se\u00f1ales de alto.<\/li>\n<li>Ignorar se\u00f1ales de tr\u00e1fico, incluidas las restricciones de carretera para veh\u00edculos pesados.<\/li>\n<li>No ceder el paso.<\/li>\n<li>No utilizar se\u00f1ales de giro.<\/li>\n<li>No verificar los espejos y puntos ciegos antes de girar, cambiar de carril o retroceder.<\/li>\n<li>Conducci\u00f3n distra\u00edda, como el uso de un tel\u00e9fono celular, comer, beber o hablar por radio.<\/li>\n<\/ul>\n<ul class=\"col-xl-6\">\n<li>Conducci\u00f3n somnolienta o fatigada, incluido el manejo m\u00e1s all\u00e1 de los l\u00edmites de horas de servicio.<\/li>\n<li>Conducir bajo la influencia del alcohol o las drogas.<\/li>\n<li>Falta de experiencia o falta de entrenamiento del conductor de cami\u00f3n.<\/li>\n<li>Desconocimiento de las carreteras o patrones de tr\u00e1fico.<\/li>\n<li>Maniobras ilegales o peligrosas.<\/li>\n<li>Mantenimiento inadecuado del cami\u00f3n o remolque.<\/li>\n<li>Defectos de dise\u00f1o o fabricaci\u00f3n en el cami\u00f3n, el remolque o alguna de sus partes.<\/li>\n<li>Cargas de carga inseguras, incluido el exceso de peso, la falta de equilibrio de la carga o la falta de asegurar la carga para evitar movimientos.<\/li>\n<\/ul>\n<\/div>\n<h2>\u00bfCu\u00e1les son las lesiones comunes en un accidente de cami\u00f3n?<\/h2>\n<p>Debido a su tama\u00f1o y peso, un cami\u00f3n comercial colisiona con mayor fuerza que un veh\u00edculo de pasajeros en un choque. Como resultado, los accidentes de camiones de 18 ruedas tienden a causar lesiones m\u00e1s graves. Ejemplos de lesiones causadas por accidentes de camiones comerciales incluyen:<\/p>\n<div class=\"row\">\n<ul class=\"col-xl-6\">\n<li>Laceraciones, abrasiones y cicatrices permanentes.<\/li>\n<li>Lesiones por desguace (desprendimiento de la piel).<\/li>\n<li>Lesiones por quemaduras.<\/li>\n<li>Lesiones por aplastamiento.<\/li>\n<li>Articulaciones dislocadas.<\/li>\n<li>Distensiones y desgarros de ligamentos.<\/li>\n<li>Distensiones y desgarros de m\u00fasculos y tendones.<\/li>\n<li>Latigazo cervical.<\/li>\n<\/ul>\n<ul class=\"col-xl-6\">\n<li>Lesiones de espalda y cuello, incluyendo discos espinales herniados.<\/li>\n<li>Da\u00f1o a los nervios.<\/li>\n<li>Lesiones de la m\u00e9dula espinal y par\u00e1lisis.<\/li>\n<li>Lesiones internas y sangrado.<\/li>\n<li>Lesiones faciales o trauma en los ojos.<\/li>\n<li>Lesiones traum\u00e1ticas en el cerebro.<\/li>\n<li>Amputaci\u00f3n traum\u00e1tica, desmembramiento o p\u00e9rdida de extremidades.<\/li>\n<\/ul>\n<\/div>\n<p>Adem\u00e1s, si un accidente de cami\u00f3n en Florida es fatal, la familia de la v\u00edctima podr\u00eda presentar una demanda por muerte injusta.<\/p>\n<h2>\u00bfQu\u00e9 compensaci\u00f3n puede estar disponible para las v\u00edctimas de accidentes de cami\u00f3n?<\/h2>\n<p>Si sufri\u00f3 lesiones en un choque de cami\u00f3n en Florida, puede buscar compensaci\u00f3n por sus p\u00e9rdidas financieras y personales. La compensaci\u00f3n por accidentes de camiones puede proporcionarle dinero para:<\/p>\n<div class=\"row\">\n<ul class=\"col-xl-6\">\n<li>Tratamiento m\u00e9dico de sus lesiones.<\/li>\n<li>Servicios de atenci\u00f3n m\u00e9dica en el hogar.<\/li>\n<li>Salarios perdidos por tiempo fuera del trabajo.<\/li>\n<li>Capacidad de ganancia futura perdida y beneficios.<\/li>\n<\/ul>\n<ul class=\"col-xl-6\">\n<li>Dolor f\u00edsico y sufrimiento.<\/li>\n<li>Angustia emocional o trauma.<\/li>\n<li>P\u00e9rdida de calidad de vida.<\/li>\n<li>Reparaci\u00f3n o reemplazo del veh\u00edculo.<\/li>\n<\/ul>\n<img loading=\"lazy\" decoding=\"async\" class=\"alignnone size-full wp-image-38637\" src=\"http:\/\/pkblawfirm.com\/wp-content\/uploads\/2024\/09\/Compensacion-Accidentes-Camion-scaled.jpg\" alt=\"Compensacion Accidentes Camion\" width=\"2560\" height=\"1711\" srcset=\"http:\/\/pkblawfirm.com\/wp-content\/uploads\/2024\/09\/Compensacion-Accidentes-Camion-scaled.jpg 2560w, http:\/\/pkblawfirm.com\/wp-content\/uploads\/2024\/09\/Compensacion-Accidentes-Camion-300x200.jpg 300w, http:\/\/pkblawfirm.com\/wp-content\/uploads\/2024\/09\/Compensacion-Accidentes-Camion-1024x684.jpg 1024w, http:\/\/pkblawfirm.com\/wp-content\/uploads\/2024\/09\/Compensacion-Accidentes-Camion-768x513.jpg 768w, http:\/\/pkblawfirm.com\/wp-content\/uploads\/2024\/09\/Compensacion-Accidentes-Camion-1536x1026.jpg 1536w, http:\/\/pkblawfirm.com\/wp-content\/uploads\/2024\/09\/Compensacion-Accidentes-Camion-2048x1369.jpg 2048w\" sizes=\"auto, (max-width: 2560px) 100vw, 2560px\" \/>\n<\/div>\n<h2>\u00bfC\u00f3mo se asigna la culpa despu\u00e9s de un accidente de cami\u00f3n?<\/h2>\n<p>Un caso de accidente de cami\u00f3n comienza con la identificaci\u00f3n de qu\u00e9 parte o partes tienen responsabilidad por las lesiones y p\u00e9rdidas que usted sufri\u00f3. Varias partes pueden ser responsables del choque y los da\u00f1os resultantes. Ejemplos de individuos y entidades que podr\u00edan ser responsables en un accidente de cami\u00f3n incluyen:<\/p>\n<div class=\"row\">\n<ul class=\"col-xl-6\">\n<li>El conductor del cami\u00f3n.<\/li>\n<li>La empresa de transporte.<\/li>\n<li>El propietario del cami\u00f3n\/remolque.<\/li>\n<\/ul>\n<ul class=\"col-xl-6\">\n<li>La empresa de env\u00edo.<\/li>\n<li>El fabricante del cami\u00f3n\/remolque o fabricantes de piezas de autom\u00f3viles de terceros.<\/li>\n<li>Mec\u00e1nicos de camiones de terceros.<\/li>\n<\/ul>\n<\/div>\n<p>Despu\u00e9s de un accidente de cami\u00f3n, las aseguradoras, jueces o jurados asignan la culpa en funci\u00f3n de la evidencia que demuestra qui\u00e9n o qu\u00e9 caus\u00f3 el choque. Algunas de las pruebas que los abogados a menudo utilizan para construir s\u00f3lidos reclamos de accidentes de camiones incluyen:<\/p>\n<div class=\"row\">\n<ul class=\"col-xl-6\">\n<li>Los registros de horas de servicio del conductor del cami\u00f3n.<\/li>\n<li>Los registros del registrador de datos de eventos del cami\u00f3n (\u201ccaja negra\u201d).<\/li>\n<li>El manifiesto de carga o carga del cami\u00f3n.<\/li>\n<li>Los informes de inspecci\u00f3n previa al viaje del conductor del cami\u00f3n.<\/li>\n<li>Los registros de mantenimiento del cami\u00f3n de la empresa de transporte.<\/li>\n<li>Inspecciones de camiones posteriores al accidente.<\/li>\n<\/ul>\n<ul class=\"col-xl-6\">\n<li>Resultados de pruebas de drogas y alcohol posteriores al accidente del conductor del cami\u00f3n.<\/li>\n<li>Reportes policiales de accidentes.<\/li>\n<li>Fotos y videos de la escena del accidente.<\/li>\n<li>Grabaciones de c\u00e1maras de vigilancia o tr\u00e1fico.<\/li>\n<li>Grabaciones de c\u00e1maras de tablero o c\u00e1maras en la cabina.<\/li>\n<li>Testimonios de testigos presenciales.<\/li>\n<li>Informes y testimonios de expertos en reconstrucci\u00f3n de accidentes.<\/li>\n<\/ul>\n<\/div>\n<h2>\u00bfQu\u00e9 debo hacer despu\u00e9s de un accidente de cami\u00f3n?<\/h2>\n<p>Si ha estado involucrado en un accidente con un cami\u00f3n comercial, puede tomar medidas para proteger su salud y preservar sus opciones legales para buscar compensaci\u00f3n. Su prioridad despu\u00e9s de un accidente de cami\u00f3n debe ser llamar a las autoridades al lugar del accidente y buscar tratamiento m\u00e9dico para sus lesiones. Luego, debe hacer lo siguiente:<\/p>\n<ul>\n<li>Solicite una copia del informe policial del accidente, que puede ser una evidencia \u00fatil para demostrar la culpa.<\/li>\n<li>Obtenga el n\u00famero de licencia del conductor del cami\u00f3n, la informaci\u00f3n del seguro y la informaci\u00f3n del empleador.<\/li>\n<li>Siga las recomendaciones de tratamiento de su m\u00e9dico y mantenga todas las citas de seguimiento para mejorar su pron\u00f3stico y demostrar que se est\u00e1 tomando en serio su salud.<\/li>\n<li>Solicite copias de los registros m\u00e9dicos del tratamiento y la rehabilitaci\u00f3n que reciba por sus lesiones.<\/li>\n<li>Informe el accidente a su aseguradora de autom\u00f3viles y recuerde presentar un reclamo bajo su cobertura de protecci\u00f3n contra lesiones personales (PIP) para obtener reembolso de sus gastos m\u00e9dicos y salarios perdidos.<\/li>\n<li>Mantenga copias de facturas y recibos para documentar sus gastos relacionados con el accidente.<\/li>\n<li>Re\u00fana sus talones de pago o estados de ingresos si pierde tiempo de trabajo o tiene ingresos reducidos debido a sus lesiones por accidente.<\/li>\n<li>Comience un diario o bit\u00e1cora para documentar el dolor f\u00edsico, la angustia emocional y las dificultades en la vida diaria que experimenta debido a sus lesiones o tratamiento m\u00e9dico.<\/li>\n<\/ul>\n<p>Finalmente, p\u00f3ngase en contacto con un abogado de Paul Knopf Bigger para obtener ayuda en la b\u00fasqueda de alivio financiero por sus lesiones y otras p\u00e9rdidas relacionadas con el accidente.<\/p>\n<img loading=\"lazy\" decoding=\"async\" class=\"alignnone size-full wp-image-38649\" src=\"http:\/\/pkblawfirm.com\/wp-content\/uploads\/2024\/09\/Que-Hago-Despues-Accidente-scaled.jpg\" alt=\"Que Hago Despues Accidente\" width=\"2560\" height=\"1904\" srcset=\"http:\/\/pkblawfirm.com\/wp-content\/uploads\/2024\/09\/Que-Hago-Despues-Accidente-scaled.jpg 2560w, http:\/\/pkblawfirm.com\/wp-content\/uploads\/2024\/09\/Que-Hago-Despues-Accidente-300x223.jpg 300w, http:\/\/pkblawfirm.com\/wp-content\/uploads\/2024\/09\/Que-Hago-Despues-Accidente-1024x762.jpg 1024w, http:\/\/pkblawfirm.com\/wp-content\/uploads\/2024\/09\/Que-Hago-Despues-Accidente-768x571.jpg 768w, http:\/\/pkblawfirm.com\/wp-content\/uploads\/2024\/09\/Que-Hago-Despues-Accidente-1536x1143.jpg 1536w, http:\/\/pkblawfirm.com\/wp-content\/uploads\/2024\/09\/Que-Hago-Despues-Accidente-2048x1524.jpg 2048w\" sizes=\"auto, (max-width: 2560px) 100vw, 2560px\" \/>\n<h2>Contacte a un abogado de accidentes de camiones en Tampa hoy para ayuda con su reclamo<\/h2>\n<p>Si ha sufrido una lesi\u00f3n en un accidente de cami\u00f3n en Tampa, tiene derecho a buscar compensaci\u00f3n por las p\u00e9rdidas que ha sufrido. Los abogados de confianza en Paul Knopf Bigger pueden ayudarle a buscar alivio financiero y justicia.<\/p>\n<p>Nuestros abogados tienen un historial de \u00e9xito en el manejo de reclamos por lesiones en accidentes de camiones en toda Florida. Abogaremos agresivamente por sus derechos y negociaremos para obtener el dinero que necesita. <a href=\"http:\/\/pkblawfirm.com\/es\/contactenos\/\">Cont\u00e1ctenos hoy mismo<\/a> para una consulta gratuita con un abogado de Tampa y comience su reclamo.<\/p>\n","protected":false},"excerpt":{"rendered":"<p>Un accidente de cami\u00f3n puede ocasionar lesiones catastr\u00f3ficas y que alteren la vida de las v\u00edctimas del choque. Cuando una colisi\u00f3n ocurre debido a la negligencia de un conductor de cami\u00f3n o de una empresa de transporte, las v\u00edctimas del accidente pueden buscar compensaci\u00f3n a trav\u00e9s de reclamos por lesiones en accidentes. Nuestro experimentado equipo [&hellip;]<\/p>\n","protected":false},"author":44,"featured_media":33517,"parent":9006,"menu_order":38,"comment_status":"closed","ping_status":"closed","template":"","meta":{"_acf_changed":false,"footnotes":""},"class_list":["post-9017","page","type-page","status-publish","has-post-thumbnail","hentry"],"acf":[],"yoast_head":"<!-- This site is optimized with the Yoast SEO plugin v26.5 - https:\/\/yoast.com\/wordpress\/plugins\/seo\/ -->\n<title>Reclamos por lesiones en accidentes de camiones en Tampa | Paul Knopf Bigger<\/title>\n<meta name=\"description\" content=\"Cont\u00e1ctenos para una evaluaci\u00f3n inicial gratuita de su caso si ha resultado herido en un accidente de cami\u00f3n en Tampa. Podemos discutir sus opciones legales.\" \/>\n<meta name=\"robots\" content=\"index, follow, max-snippet:-1, max-image-preview:large, max-video-preview:-1\" \/>\n<link rel=\"canonical\" href=\"http:\/\/pkblawfirm.com\/es\/abogados-de-accidentes-de-camiones-en-tampa\/reclamos-lesiones-accidentes-camiones-tampa\/\" \/>\n<meta property=\"og:locale\" content=\"es_ES\" \/>\n<meta property=\"og:type\" content=\"article\" \/>\n<meta property=\"og:title\" content=\"Reclamos por lesiones en accidentes de camiones en Tampa | Paul Knopf Bigger\" \/>\n<meta property=\"og:description\" content=\"Cont\u00e1ctenos para una evaluaci\u00f3n inicial gratuita de su caso si ha resultado herido en un accidente de cami\u00f3n en Tampa. Podemos discutir sus opciones legales.\" \/>\n<meta property=\"og:url\" content=\"http:\/\/pkblawfirm.com\/es\/abogados-de-accidentes-de-camiones-en-tampa\/reclamos-lesiones-accidentes-camiones-tampa\/\" \/>\n<meta property=\"og:site_name\" content=\"Paul Knopf Bigger\" \/>\n<meta property=\"article:publisher\" content=\"https:\/\/www.facebook.com\/pkblawfirm\/\" \/>\n<meta property=\"article:modified_time\" content=\"2024-09-04T13:14:09+00:00\" \/>\n<meta property=\"og:image\" content=\"http:\/\/pkblawfirm.com\/wp-content\/uploads\/2024\/06\/Wide-Turn-Truck-Accidents.png\" \/>\n\t<meta property=\"og:image:width\" content=\"810\" \/>\n\t<meta property=\"og:image:height\" content=\"230\" \/>\n\t<meta property=\"og:image:type\" content=\"image\/png\" \/>\n<meta name=\"twitter:card\" content=\"summary_large_image\" \/>\n<meta name=\"twitter:site\" content=\"@pkblawfirm\" \/>\n<meta name=\"twitter:label1\" content=\"Tiempo de lectura\" \/>\n\t<meta name=\"twitter:data1\" content=\"9 minutos\" \/>\n<!-- \/ Yoast SEO plugin. -->","yoast_head_json":{"title":"Reclamos por lesiones en accidentes de camiones en Tampa | Paul Knopf Bigger","description":"Cont\u00e1ctenos para una evaluaci\u00f3n inicial gratuita de su caso si ha resultado herido en un accidente de cami\u00f3n en Tampa. Podemos discutir sus opciones legales.","robots":{"index":"index","follow":"follow","max-snippet":"max-snippet:-1","max-image-preview":"max-image-preview:large","max-video-preview":"max-video-preview:-1"},"canonical":"http:\/\/pkblawfirm.com\/es\/abogados-de-accidentes-de-camiones-en-tampa\/reclamos-lesiones-accidentes-camiones-tampa\/","og_locale":"es_ES","og_type":"article","og_title":"Reclamos por lesiones en accidentes de camiones en Tampa | Paul Knopf Bigger","og_description":"Cont\u00e1ctenos para una evaluaci\u00f3n inicial gratuita de su caso si ha resultado herido en un accidente de cami\u00f3n en Tampa. Podemos discutir sus opciones legales.","og_url":"http:\/\/pkblawfirm.com\/es\/abogados-de-accidentes-de-camiones-en-tampa\/reclamos-lesiones-accidentes-camiones-tampa\/","og_site_name":"Paul Knopf Bigger","article_publisher":"https:\/\/www.facebook.com\/pkblawfirm\/","article_modified_time":"2024-09-04T13:14:09+00:00","og_image":[{"width":810,"height":230,"url":"http:\/\/pkblawfirm.com\/wp-content\/uploads\/2024\/06\/Wide-Turn-Truck-Accidents.png","type":"image\/png"}],"twitter_card":"summary_large_image","twitter_site":"@pkblawfirm","twitter_misc":{"Tiempo de lectura":"9 minutos"},"schema":{"@context":"https:\/\/schema.org","@graph":[{"@type":"WebPage","@id":"http:\/\/pkblawfirm.com\/es\/abogados-de-accidentes-de-camiones-en-tampa\/reclamos-lesiones-accidentes-camiones-tampa\/","url":"http:\/\/pkblawfirm.com\/es\/abogados-de-accidentes-de-camiones-en-tampa\/reclamos-lesiones-accidentes-camiones-tampa\/","name":"Reclamos por lesiones en accidentes de camiones en Tampa | Paul Knopf Bigger","isPartOf":{"@id":"https:\/\/pkblawfirm.com\/es\/#website"},"primaryImageOfPage":{"@id":"http:\/\/pkblawfirm.com\/es\/abogados-de-accidentes-de-camiones-en-tampa\/reclamos-lesiones-accidentes-camiones-tampa\/#primaryimage"},"image":{"@id":"http:\/\/pkblawfirm.com\/es\/abogados-de-accidentes-de-camiones-en-tampa\/reclamos-lesiones-accidentes-camiones-tampa\/#primaryimage"},"thumbnailUrl":"http:\/\/pkblawfirm.com\/wp-content\/uploads\/2024\/06\/Wide-Turn-Truck-Accidents.png","datePublished":"2023-08-04T08:53:07+00:00","dateModified":"2024-09-04T13:14:09+00:00","description":"Cont\u00e1ctenos para una evaluaci\u00f3n inicial gratuita de su caso si ha resultado herido en un accidente de cami\u00f3n en Tampa. Podemos discutir sus opciones legales.","breadcrumb":{"@id":"http:\/\/pkblawfirm.com\/es\/abogados-de-accidentes-de-camiones-en-tampa\/reclamos-lesiones-accidentes-camiones-tampa\/#breadcrumb"},"inLanguage":"es","potentialAction":[{"@type":"ReadAction","target":["http:\/\/pkblawfirm.com\/es\/abogados-de-accidentes-de-camiones-en-tampa\/reclamos-lesiones-accidentes-camiones-tampa\/"]}]},{"@type":"ImageObject","inLanguage":"es","@id":"http:\/\/pkblawfirm.com\/es\/abogados-de-accidentes-de-camiones-en-tampa\/reclamos-lesiones-accidentes-camiones-tampa\/#primaryimage","url":"http:\/\/pkblawfirm.com\/wp-content\/uploads\/2024\/06\/Wide-Turn-Truck-Accidents.png","contentUrl":"http:\/\/pkblawfirm.com\/wp-content\/uploads\/2024\/06\/Wide-Turn-Truck-Accidents.png","width":810,"height":230,"caption":"Wide-Turn Truck Accidents"},{"@type":"BreadcrumbList","@id":"http:\/\/pkblawfirm.com\/es\/abogados-de-accidentes-de-camiones-en-tampa\/reclamos-lesiones-accidentes-camiones-tampa\/#breadcrumb","itemListElement":[{"@type":"ListItem","position":1,"name":"Inicio","item":"https:\/\/pkblawfirm.com\/es\/"},{"@type":"ListItem","position":2,"name":"Accidentes de Camiones en Tampa","item":"http:\/\/pkblawfirm.com\/es\/abogados-de-accidentes-de-camiones-en-tampa\/"},{"@type":"ListItem","position":3,"name":"Reclamaciones por Lesiones de Accidentes de Camiones en Tampa"}]},{"@type":"WebSite","@id":"https:\/\/pkblawfirm.com\/es\/#website","url":"https:\/\/pkblawfirm.com\/es\/","name":"Paul Knopf Bigger","description":"","publisher":{"@id":"https:\/\/pkblawfirm.com\/es\/#organization"},"potentialAction":[{"@type":"SearchAction","target":{"@type":"EntryPoint","urlTemplate":"https:\/\/pkblawfirm.com\/es\/?s={search_term_string}"},"query-input":{"@type":"PropertyValueSpecification","valueRequired":true,"valueName":"search_term_string"}}],"inLanguage":"es"},{"@type":"Organization","@id":"https:\/\/pkblawfirm.com\/es\/#organization","name":"Paul Knopf Bigger","url":"https:\/\/pkblawfirm.com\/es\/","logo":{"@type":"ImageObject","inLanguage":"es","@id":"https:\/\/pkblawfirm.com\/es\/#\/schema\/logo\/image\/","url":"http:\/\/pkblawfirm.com\/wp-content\/uploads\/2023\/06\/Logo_PKB-2.svg","contentUrl":"http:\/\/pkblawfirm.com\/wp-content\/uploads\/2023\/06\/Logo_PKB-2.svg","width":1,"height":1,"caption":"Paul Knopf Bigger"},"image":{"@id":"https:\/\/pkblawfirm.com\/es\/#\/schema\/logo\/image\/"},"sameAs":["https:\/\/www.facebook.com\/pkblawfirm\/","https:\/\/x.com\/pkblawfirm","https:\/\/www.instagram.com\/paulknopfbigger\/","https:\/\/www.linkedin.com\/company\/pkblawfirm\/"]}]}},"_links":{"self":[{"href":"http:\/\/pkblawfirm.com\/es\/wp-json\/wp\/v2\/pages\/9017","targetHints":{"allow":["GET"]}}],"collection":[{"href":"http:\/\/pkblawfirm.com\/es\/wp-json\/wp\/v2\/pages"}],"about":[{"href":"http:\/\/pkblawfirm.com\/es\/wp-json\/wp\/v2\/types\/page"}],"author":[{"embeddable":true,"href":"http:\/\/pkblawfirm.com\/es\/wp-json\/wp\/v2\/users\/44"}],"replies":[{"embeddable":true,"href":"http:\/\/pkblawfirm.com\/es\/wp-json\/wp\/v2\/comments?post=9017"}],"version-history":[{"count":0,"href":"http:\/\/pkblawfirm.com\/es\/wp-json\/wp\/v2\/pages\/9017\/revisions"}],"up":[{"embeddable":true,"href":"http:\/\/pkblawfirm.com\/es\/wp-json\/wp\/v2\/pages\/9006"}],"wp:featuredmedia":[{"embeddable":true,"href":"http:\/\/pkblawfirm.com\/es\/wp-json\/wp\/v2\/media\/33517"}],"wp:attachment":[{"href":"http:\/\/pkblawfirm.com\/es\/wp-json\/wp\/v2\/media?parent=9017"}],"curies":[{"name":"wp","href":"https:\/\/api.w.org\/{rel}","templated":true}]}}