{"id":9006,"date":"2023-08-04T08:36:37","date_gmt":"2023-08-04T08:36:37","guid":{"rendered":"https:\/\/pkblaw.wpenginepowered.com\/?page_id=9006"},"modified":"2023-11-23T06:31:47","modified_gmt":"2023-11-23T06:31:47","slug":"abogados-de-accidentes-de-camiones-en-tampa","status":"publish","type":"page","link":"http:\/\/pkblawfirm.com\/es\/abogados-de-accidentes-de-camiones-en-tampa\/","title":{"rendered":"Accidentes de Camiones en Tampa"},"content":{"rendered":"<p>\u00bfResult\u00f3 herido en un accidente con un cami\u00f3n de 18 ruedas? Si se vio involucrado en un accidente de este tipo causado por un conductor de cami\u00f3n o una empresa de transporte, es posible que tenga derecho a buscar una compensaci\u00f3n por sus lesiones y p\u00e9rdidas relacionadas con el accidente. Sin embargo, las empresas de transporte y sus aseguradoras luchar\u00e1n arduamente para reducir su compensaci\u00f3n o negar la responsabilidad por sus lesiones. Un abogado de accidentes de cami\u00f3n de Paul Knopf Bigger defender\u00e1 sus derechos y exigir\u00e1 que las grandes empresas de transporte y las aseguradoras se hagan responsables.<\/p>\n<p>Nuestro equipo legal est\u00e1 comprometido con la lucha contra la injusticia y en marcar la diferencia en la vida de las v\u00edctimas de lesiones en Tampa. Nuestros abogados tienen un historial probado de \u00e9xito en algunos de los litigios de accidentes de cami\u00f3n m\u00e1s complejos, por lo que puede confiar en que tenemos la experiencia, el conocimiento y los recursos para construir un s\u00f3lido caso a su favor. <a href=\"http:\/\/pkblawfirm.com\/es\/contactenos\/\">Cont\u00e1ctenos<\/a> hoy mismo para una consulta gratuita con un abogado de accidentes de cami\u00f3n de Tampa de nuestra firma legal.<\/p>\n<h2>C\u00f3mo clasifica Florida a los camiones<\/h2>\n<p>La <a href=\"https:\/\/www.flsenate.gov\/laws\/statutes\/2021\/320.01\" target=\"_blank\" rel=\"noopener\">ley de Florida<\/a> clasifica a los camiones seg\u00fan su peso y configuraci\u00f3n. La normativa define un \u201ccami\u00f3n\u201d como cualquier veh\u00edculo de motor con un peso neto de veh\u00edculo de 5,000 libras o menos, dise\u00f1ado para transportar mercanc\u00edas distintas de los efectos personales de los pasajeros. Un \u201ccami\u00f3n pesado\u201d incluye cualquier veh\u00edculo de motor con un peso neto de veh\u00edculo de m\u00e1s de 5,000 libras, dise\u00f1ado para transportar mercanc\u00edas o dise\u00f1ado con un dispositivo de conexi\u00f3n para remolcar un tr\u00e1iler. La ley tambi\u00e9n clasifica a los camiones como \u201cveh\u00edculos motorizados comerciales\u201d, los cuales incluyen cualquier veh\u00edculo no propiedad ni operado por una entidad gubernamental con un peso bruto del veh\u00edculo de 26,001 libras o m\u00e1s o con tres o m\u00e1s ejes.<\/p>\n<p>La normativa tambi\u00e9n define tipos espec\u00edficos de camiones de la siguiente manera:<\/p>\n<ul>\n<li><strong>Tractor:<\/strong> un veh\u00edculo de motor con cuatro o m\u00e1s ruedas dise\u00f1ado para arrastrar un quinto rueda para transportar carga.<\/li>\n<li><strong>Gr\u00faa remolcadora:<\/strong> un veh\u00edculo de motor utilizado para remolcar o transportar veh\u00edculos de motor mediante brazo, cabrestante, portaveh\u00edculos u otro equipo.<\/li>\n<li><strong>Remolque: <\/strong>un cami\u00f3n que remolca un veh\u00edculo sin potencia motriz, dise\u00f1ado para conectarse a un veh\u00edculo de motor de manera que ninguna parte del peso o la carga del remolque descanse sobre el veh\u00edculo remolcador.<\/li>\n<li><strong>Semirremolque:<\/strong> un cami\u00f3n que remolca un veh\u00edculo sin potencia motriz, dise\u00f1ado para conectarse a un veh\u00edculo de motor, con parte del peso del semirremolque o su carga descansando sobre el veh\u00edculo remolcador.<\/li>\n<\/ul>\n<h2>Por qu\u00e9 los accidentes de camiones son m\u00e1s complicados que otros accidentes de veh\u00edculos motorizados<\/h2>\n<p>Las v\u00edctimas de accidentes de camiones a menudo descubren que buscar una compensaci\u00f3n por lesiones es complicado. Los accidentes de camiones tienden a ser m\u00e1s complejos por las siguientes razones:<\/p>\n<ul>\n<li><strong>Los accidentes de camiones involucran pruebas m\u00e1s complejas:<\/strong> las regulaciones estatales y federales requieren que los conductores de camiones y las empresas de transporte mantengan registros detallados, que incluyen registros de horas de servicio, registros de grabaci\u00f3n de datos de eventos, informes de inspecci\u00f3n previa al viaje y registros de mantenimiento. Las investigaciones de accidentes de camiones deben examinar estos registros en busca de pruebas que demuestren la causa del accidente, lo que puede requerir la asistencia de expertos tecnol\u00f3gicos cuando las empresas almacenan registros electr\u00f3nicos o utilizan grabadores de datos de empleados o equipos GPS.<\/li>\n<li><strong>Los choques de camiones pueden lesionar a numerosas personas:<\/strong> los reclamos por accidentes de camiones pueden volverse m\u00e1s complicados cuando el accidente lesiona a varias personas, ya que las empresas de transporte responsables pueden querer buscar un acuerdo global con todas las v\u00edctimas del accidente. Cuando esto ocurre, las partes responsables pueden agotar r\u00e1pidamente la cobertura del seguro a trav\u00e9s de reclamos separados por lesiones, lo que podr\u00eda afectar la cantidad disponible para que usted sea compensado.<\/li>\n<li><strong>Los reclamos por accidentes de camiones pueden involucrar a m\u00faltiples partes responsables:<\/strong> un accidente de cami\u00f3n puede ocurrir debido a la negligencia de un conductor de cami\u00f3n u otras empresas. Al mismo tiempo, las empresas de transporte tambi\u00e9n pueden tener responsabilidad como empleadores de un conductor de cami\u00f3n que causa un accidente con un cami\u00f3n grande. Varios demandados en un caso de accidente de cami\u00f3n pueden pelear por asignar la responsabilidad por las lesiones y p\u00e9rdidas de las v\u00edctimas del accidente.<\/li>\n<li><strong>Las empresas de transporte pueden tener estructuras corporativas y de cobertura de seguro complejas:<\/strong> las v\u00edctimas de accidentes pueden encontrar dif\u00edcil determinar a la empresa responsable correcta o la cantidad de cobertura de seguro disponible. porque las empresas de transporte pueden utilizar acuerdos corporativos entre empresas matrices y subsidiarias o p\u00f3lizas de seguros con capas m\u00faltiples.<\/li>\n<\/ul>\n<h2>Leyes estatales y federales sobre el transporte en camiones<\/h2>\n<p>En Florida, se requiere que cualquier conductor de cami\u00f3n que opere un cami\u00f3n con un peso bruto del veh\u00edculo de 26,001 libras o m\u00e1s o que transporte carga peligrosa, posea una licencia de conducir comercial v\u00e1lida con las endosos correspondientes para operar ciertos tipos de veh\u00edculos o transportar carga peligrosa. Adem\u00e1s, las <a href=\"https:\/\/www.fmcsa.dot.gov\/international-programs\/mexico\/resumen-de-las-regulaciones-de-horas-de-servicio\" target=\"_blank\" rel=\"noopener\">regulaciones<\/a> de la Administraci\u00f3n Federal de Seguridad en el Transporte de Motoristas (FMCSA, por sus siglas en ingl\u00e9s) tambi\u00e9n limitan las horas que un conductor de cami\u00f3n puede pasar en servicio y al volante. Estas reglas son:<\/p>\n<ul>\n<li>Los conductores de camiones pueden conducir hasta 11 horas despu\u00e9s de 10 horas de descanso.<\/li>\n<li>Los conductores de camiones no pueden conducir despu\u00e9s de la 14\u00aa hora despu\u00e9s de iniciar su servicio desde un per\u00edodo de descanso de 10 horas.<\/li>\n<li>Los conductores deben tomar un descanso de al menos 30 minutos despu\u00e9s de conducir durante ocho horas desde el \u00faltimo descanso o per\u00edodo de descanso.<\/li>\n<li>Los conductores no pueden conducir despu\u00e9s de pasar 60 horas en servicio en siete d\u00edas o 70 horas en ocho d\u00edas.<\/li>\n<li>Los conductores pueden extender los l\u00edmites de 11 y 14 horas hasta dos horas cuando se enfrenten a condiciones adversas de conducci\u00f3n.<\/li>\n<\/ul>\n<p>Las regulaciones excluyen a los conductores de camiones que operan dentro de un radio de 150 millas a\u00e9reas de su lugar de trabajo, regresan al lugar al final de su turno y no trabajan m\u00e1s de 14 horas.<\/p>\n<h2>Tipos comunes y causas de accidentes de camiones comerciales en Tampa<\/h2>\n<p>Los tipos m\u00e1s comunes de accidentes de camiones comerciales incluyen lo siguiente:<\/p>\n<div class=\"row\">\n<ul class=\"col-xl-6\">\n<li>Choques traseros<\/li>\n<li>Choques frontales<\/li>\n<li>Choques de costado\/choques en forma de T<\/li>\n<li>Choques de rozamiento lateral<\/li>\n<li>Accidentes de deslizamiento (veh\u00edculos quedando atrapados debajo de un tr\u00e1iler)<\/li>\n<\/ul>\n<ul class=\"col-xl-6\">\n<li>Accidentes de plegamiento<\/li>\n<li>Volcaduras<\/li>\n<li>Accidentes de salida de la carretera<\/li>\n<li>Accidentes de carga<\/li>\n<\/ul>\n<\/div>\n<p>Muchos accidentes de camiones ocurren debido a la negligencia de un conductor de cami\u00f3n o de una empresa de transporte. Las causas comunes de accidentes con camiones de 18 ruedas incluyen:<\/p>\n<div class=\"row\">\n<ul class=\"col-xl-6\">\n<li>Exceso de velocidad<\/li>\n<li>Seguir muy de cerca al otro veh\u00edculo<\/li>\n<li>Conducci\u00f3n irresponsable, incluyendo exceso de velocidad o zigzagueo entre el tr\u00e1fico<\/li>\n<li>Pasarse sem\u00e1foros en rojo o se\u00f1ales de alto<\/li>\n<li>No revisar espejos ni puntos ciegos, ni usar se\u00f1ales de giro al girar, cambiar de carril o retroceder<\/li>\n<li>Conducci\u00f3n con sue\u00f1o o fatiga<\/li>\n<\/ul>\n<ul class=\"col-xl-6\">\n<li>Conducci\u00f3n distra\u00edda<\/li>\n<li>Conducci\u00f3n bajo la influencia del alcohol o drogas<\/li>\n<li>Mantenimiento insuficiente del cami\u00f3n\/remolque<\/li>\n<li>Transporte de carga inseguras, incluyendo sobrecarga de un cami\u00f3n, falta de equilibrio en la carga o no asegurar la carga para evitar desplazamientos durante el viaje<\/li>\n<li>Falta de experiencia del conductor de cami\u00f3n<\/li>\n<\/ul>\n<\/div>\n<h2>Lesiones t\u00edpicas resultantes de una colisi\u00f3n de cami\u00f3n<\/h2>\n<p>Debido a que los camiones comerciales pesan decenas de miles de libras, ejercen fuerzas violentas en colisiones con otros veh\u00edculos. Como resultado, estos accidentes pueden causar lesiones graves, tales como:<\/p>\n<div class=\"row\">\n<ul class=\"col-xl-6\">\n<li>Laceraciones o abrasiones graves<\/li>\n<li>Lesiones por desprendimiento de piel<\/li>\n<li>Quemaduras por incendios posteriores al accidente<\/li>\n<li>Lesiones por aplastamiento<\/li>\n<li>Heridas punzantes<\/li>\n<li>Dislocaci\u00f3n de articulaciones<\/li>\n<li>Esguinces o desgarros de ligamentos<\/li>\n<li>Tensiones o desgarros de m\u00fasculos\/tendones<\/li>\n<\/ul>\n<ul class=\"col-xl-6\">\n<li>Huesos fracturados<\/li>\n<li>Latigazo cervical<\/li>\n<li>Da\u00f1o a los nervios<\/li>\n<li>Da\u00f1o a \u00f3rganos internos o hemorragias internas<\/li>\n<li>Lesiones en el cuello y la espalda<\/li>\n<li>Lesiones de m\u00e9dula espinal y par\u00e1lisis<\/li>\n<li>Lesiones cerebrales traum\u00e1ticas<\/li>\n<li>Amputaci\u00f3n, desmembramiento o p\u00e9rdida de extremidades<\/li>\n<\/ul>\n<\/div>\n<p>Adem\u00e1s, si las lesiones de un accidente de cami\u00f3n en Tampa resultan en un desenlace fatal, la familia de la v\u00edctima podr\u00eda presentar una demanda por homicidio culposo.<\/p>\n<h2>Partes que podr\u00edan ser responsables de un accidente de cami\u00f3n en Tampa<\/h2>\n<p>La industria del transporte de camiones involucra a m\u00faltiples individuos y entidades que podr\u00edan ser responsables de un accidente de cami\u00f3n. Las partes que podr\u00edan tener responsabilidad en un accidente con un cami\u00f3n grande incluyen:<\/p>\n<div class=\"row\">\n<ul class=\"col-xl-6\">\n<li>El conductor del cami\u00f3n<\/li>\n<li>La empresa de transporte de camiones<\/li>\n<li>La empresa de carga\/flete<\/li>\n<\/ul>\n<ul class=\"col-xl-6\">\n<li>El propietario del cami\u00f3n<\/li>\n<li>El mec\u00e1nico del cami\u00f3n<\/li>\n<li>El fabricante del cami\u00f3n o el fabricante de una pieza del cami\u00f3n<\/li>\n<\/ul>\n<\/div>\n<h2>Compensaci\u00f3n que usted podr\u00eda obtener en una demanda por accidente de cami\u00f3n en Tampa<\/h2>\n<p>Si usted ha sufrido lesiones o da\u00f1os a la propiedad en un accidente de cami\u00f3n comercial, podr\u00eda tener derecho a buscar una compensaci\u00f3n por sus p\u00e9rdidas. La compensaci\u00f3n disponible en una demanda por accidente de cami\u00f3n incluye:<\/p>\n<ul>\n<li>Costos de tratamiento m\u00e9dico y rehabilitaci\u00f3n de las lesiones del accidente.<\/li>\n<li>Costos de cuidado a largo plazo y servicios de apoyo que pueda necesitar debido a discapacidades causadas por sus lesiones.<\/li>\n<li>P\u00e9rdida de salarios\/ingresos si necesita tomar tiempo libre del trabajo para recuperarse de las lesiones o si gana menos en un trabajo a tiempo parcial o de bajo riesgo durante su recuperaci\u00f3n.<\/li>\n<li>P\u00e9rdida de capacidad de ganar ingresos futuros y beneficios laborales si desarrolla una discapacidad permanente.<\/li>\n<li>Dolor y sufrimiento, incluyendo la p\u00e9rdida de calidad de vida debido a cicatrices\/desfiguraciones permanentes o discapacidades.<\/li>\n<li>Gastos de reparaci\u00f3n del veh\u00edculo y costos relacionados, como tarifas de alquiler de autom\u00f3viles temporales.<\/li>\n<li>Reembolso por el valor de su veh\u00edculo siniestrado.<\/li>\n<\/ul>\n<h2>\u00bfPuede obtener una compensaci\u00f3n si usted tiene parte de la culpa en un accidente de cami\u00f3n?<\/h2>\n<p>Florida sigue la <a href=\"http:\/\/www.leg.state.fl.us\/statutes\/index.cfm?App_mode=Display_Statute&amp;URL=0700-0799\/0768\/Sections\/0768.81.html\" target=\"_blank\" rel=\"noopener\">regla de negligencia comparativa modificada<\/a> para casos de lesiones personales, incluyendo los accidentes de cami\u00f3n. Bajo esta regla, una v\u00edctima de accidente puede buscar una compensaci\u00f3n si su parte de culpa es igual o menor que la de otras partes responsables. Sin embargo, una v\u00edctima de accidente que tenga m\u00e1s del 50 por ciento de culpa en el accidente no puede buscar una compensaci\u00f3n.<\/p>\n<p>Adem\u00e1s, esta regla afecta la compensaci\u00f3n que la v\u00edctima de accidente puede recibir. Un juez o jurado puede reducir la compensaci\u00f3n en proporci\u00f3n al porcentaje de culpa de la v\u00edctima del accidente.<\/p>\n<h2>Beneficios de contratar a un abogado en Tampa para su reclamo por accidente de cami\u00f3n<\/h2>\n<p>Recuperarse de un devastador accidente de cami\u00f3n de 18 ruedas, semirremolque, trailer u otro tipo de accidente de cami\u00f3n comercial puede ser estresante y abrumador. Un abogado de accidentes de cami\u00f3n en Tampa puede encargarse de los detalles legales mientras usted se enfoca en su recuperaci\u00f3n. Contratar a un abogado para su reclamo por accidente de cami\u00f3n es beneficioso porque su abogado puede:<\/p>\n<ul>\n<li>Preparar y presentar toda la documentaci\u00f3n necesaria y comunicarse con los ajustadores de seguros, representantes de la empresa de transporte y abogados defensores en su nombre.<\/li>\n<li>Investigar el accidente de cami\u00f3n y reunir pruebas cruciales para demostrar la responsabilidad.<\/li>\n<li>Documentar la magnitud y gravedad de sus lesiones para calcular el valor de sus p\u00e9rdidas, teniendo en cuenta los gastos pasados, actuales y futuros.<\/li>\n<li>Negociar un acuerdo o representarlo en la corte en caso de interponer una demanda por accidente de cami\u00f3n es la mejor manera de buscar una compensaci\u00f3n m\u00e1xima.<\/li>\n<\/ul>\n","protected":false},"excerpt":{"rendered":"<p>\u00bfResult\u00f3 herido en un accidente con un cami\u00f3n de 18 ruedas? Si se vio involucrado en un accidente de este tipo causado por un conductor de cami\u00f3n o una empresa de transporte, es posible que tenga derecho a buscar una compensaci\u00f3n por sus lesiones y p\u00e9rdidas relacionadas con el accidente. Sin embargo, las empresas de [&hellip;]<\/p>\n","protected":false},"author":44,"featured_media":13606,"parent":0,"menu_order":304,"comment_status":"closed","ping_status":"closed","template":"practice-area.php","meta":{"_acf_changed":false,"footnotes":""},"class_list":["post-9006","page","type-page","status-publish","has-post-thumbnail","hentry"],"acf":[],"yoast_head":"<!-- This site is optimized with the Yoast SEO plugin v26.5 - https:\/\/yoast.com\/wordpress\/plugins\/seo\/ -->\n<title>Abogados de accidentes de camiones en Tampa | Paul Knopf Bigger<\/title>\n<meta name=\"description\" content=\"Consulte a uno de nuestros abogados de accidentes de camiones en Tampa para obtener asesor\u00eda personalizada sobre su caso.\" \/>\n<meta name=\"robots\" content=\"index, follow, max-snippet:-1, max-image-preview:large, max-video-preview:-1\" \/>\n<link rel=\"canonical\" href=\"http:\/\/pkblawfirm.com\/es\/abogados-de-accidentes-de-camiones-en-tampa\/\" \/>\n<meta property=\"og:locale\" content=\"es_ES\" \/>\n<meta property=\"og:type\" content=\"article\" \/>\n<meta property=\"og:title\" content=\"Abogados de accidentes de camiones en Tampa | Paul Knopf Bigger\" \/>\n<meta property=\"og:description\" content=\"Consulte a uno de nuestros abogados de accidentes de camiones en Tampa para obtener asesor\u00eda personalizada sobre su caso.\" \/>\n<meta property=\"og:url\" content=\"http:\/\/pkblawfirm.com\/es\/abogados-de-accidentes-de-camiones-en-tampa\/\" \/>\n<meta property=\"og:site_name\" content=\"Paul Knopf Bigger\" \/>\n<meta property=\"article:publisher\" content=\"https:\/\/www.facebook.com\/pkblawfirm\/\" \/>\n<meta property=\"article:modified_time\" content=\"2023-11-23T06:31:47+00:00\" \/>\n<meta property=\"og:image\" content=\"http:\/\/pkblawfirm.com\/wp-content\/uploads\/2023\/11\/abogado-accidentes-camiones-tampa.jpg\" \/>\n\t<meta property=\"og:image:width\" content=\"810\" \/>\n\t<meta property=\"og:image:height\" content=\"230\" \/>\n\t<meta property=\"og:image:type\" content=\"image\/jpeg\" \/>\n<meta name=\"twitter:card\" content=\"summary_large_image\" \/>\n<meta name=\"twitter:site\" content=\"@pkblawfirm\" \/>\n<meta name=\"twitter:label1\" content=\"Tiempo de lectura\" \/>\n\t<meta name=\"twitter:data1\" content=\"9 minutos\" \/>\n<!-- \/ Yoast SEO plugin. -->","yoast_head_json":{"title":"Abogados de accidentes de camiones en Tampa | Paul Knopf Bigger","description":"Consulte a uno de nuestros abogados de accidentes de camiones en Tampa para obtener asesor\u00eda personalizada sobre su caso.","robots":{"index":"index","follow":"follow","max-snippet":"max-snippet:-1","max-image-preview":"max-image-preview:large","max-video-preview":"max-video-preview:-1"},"canonical":"http:\/\/pkblawfirm.com\/es\/abogados-de-accidentes-de-camiones-en-tampa\/","og_locale":"es_ES","og_type":"article","og_title":"Abogados de accidentes de camiones en Tampa | Paul Knopf Bigger","og_description":"Consulte a uno de nuestros abogados de accidentes de camiones en Tampa para obtener asesor\u00eda personalizada sobre su caso.","og_url":"http:\/\/pkblawfirm.com\/es\/abogados-de-accidentes-de-camiones-en-tampa\/","og_site_name":"Paul Knopf Bigger","article_publisher":"https:\/\/www.facebook.com\/pkblawfirm\/","article_modified_time":"2023-11-23T06:31:47+00:00","og_image":[{"width":810,"height":230,"url":"http:\/\/pkblawfirm.com\/wp-content\/uploads\/2023\/11\/abogado-accidentes-camiones-tampa.jpg","type":"image\/jpeg"}],"twitter_card":"summary_large_image","twitter_site":"@pkblawfirm","twitter_misc":{"Tiempo de lectura":"9 minutos"},"schema":{"@context":"https:\/\/schema.org","@graph":[{"@type":"WebPage","@id":"http:\/\/pkblawfirm.com\/es\/abogados-de-accidentes-de-camiones-en-tampa\/","url":"http:\/\/pkblawfirm.com\/es\/abogados-de-accidentes-de-camiones-en-tampa\/","name":"Abogados de accidentes de camiones en Tampa | Paul Knopf Bigger","isPartOf":{"@id":"https:\/\/pkblawfirm.com\/es\/#website"},"primaryImageOfPage":{"@id":"http:\/\/pkblawfirm.com\/es\/abogados-de-accidentes-de-camiones-en-tampa\/#primaryimage"},"image":{"@id":"http:\/\/pkblawfirm.com\/es\/abogados-de-accidentes-de-camiones-en-tampa\/#primaryimage"},"thumbnailUrl":"http:\/\/pkblawfirm.com\/wp-content\/uploads\/2023\/11\/abogado-accidentes-camiones-tampa.jpg","datePublished":"2023-08-04T08:36:37+00:00","dateModified":"2023-11-23T06:31:47+00:00","description":"Consulte a uno de nuestros abogados de accidentes de camiones en Tampa para obtener asesor\u00eda personalizada sobre su caso.","breadcrumb":{"@id":"http:\/\/pkblawfirm.com\/es\/abogados-de-accidentes-de-camiones-en-tampa\/#breadcrumb"},"inLanguage":"es","potentialAction":[{"@type":"ReadAction","target":["http:\/\/pkblawfirm.com\/es\/abogados-de-accidentes-de-camiones-en-tampa\/"]}]},{"@type":"ImageObject","inLanguage":"es","@id":"http:\/\/pkblawfirm.com\/es\/abogados-de-accidentes-de-camiones-en-tampa\/#primaryimage","url":"http:\/\/pkblawfirm.com\/wp-content\/uploads\/2023\/11\/abogado-accidentes-camiones-tampa.jpg","contentUrl":"http:\/\/pkblawfirm.com\/wp-content\/uploads\/2023\/11\/abogado-accidentes-camiones-tampa.jpg","width":810,"height":230,"caption":"tampa car accident"},{"@type":"BreadcrumbList","@id":"http:\/\/pkblawfirm.com\/es\/abogados-de-accidentes-de-camiones-en-tampa\/#breadcrumb","itemListElement":[{"@type":"ListItem","position":1,"name":"Inicio","item":"https:\/\/pkblawfirm.com\/es\/"},{"@type":"ListItem","position":2,"name":"Accidentes de Camiones en Tampa"}]},{"@type":"WebSite","@id":"https:\/\/pkblawfirm.com\/es\/#website","url":"https:\/\/pkblawfirm.com\/es\/","name":"Paul Knopf Bigger","description":"","publisher":{"@id":"https:\/\/pkblawfirm.com\/es\/#organization"},"potentialAction":[{"@type":"SearchAction","target":{"@type":"EntryPoint","urlTemplate":"https:\/\/pkblawfirm.com\/es\/?s={search_term_string}"},"query-input":{"@type":"PropertyValueSpecification","valueRequired":true,"valueName":"search_term_string"}}],"inLanguage":"es"},{"@type":"Organization","@id":"https:\/\/pkblawfirm.com\/es\/#organization","name":"Paul Knopf Bigger","url":"https:\/\/pkblawfirm.com\/es\/","logo":{"@type":"ImageObject","inLanguage":"es","@id":"https:\/\/pkblawfirm.com\/es\/#\/schema\/logo\/image\/","url":"http:\/\/pkblawfirm.com\/wp-content\/uploads\/2023\/06\/Logo_PKB-2.svg","contentUrl":"http:\/\/pkblawfirm.com\/wp-content\/uploads\/2023\/06\/Logo_PKB-2.svg","width":1,"height":1,"caption":"Paul Knopf Bigger"},"image":{"@id":"https:\/\/pkblawfirm.com\/es\/#\/schema\/logo\/image\/"},"sameAs":["https:\/\/www.facebook.com\/pkblawfirm\/","https:\/\/x.com\/pkblawfirm","https:\/\/www.instagram.com\/paulknopfbigger\/","https:\/\/www.linkedin.com\/company\/pkblawfirm\/"]}]}},"_links":{"self":[{"href":"http:\/\/pkblawfirm.com\/es\/wp-json\/wp\/v2\/pages\/9006","targetHints":{"allow":["GET"]}}],"collection":[{"href":"http:\/\/pkblawfirm.com\/es\/wp-json\/wp\/v2\/pages"}],"about":[{"href":"http:\/\/pkblawfirm.com\/es\/wp-json\/wp\/v2\/types\/page"}],"author":[{"embeddable":true,"href":"http:\/\/pkblawfirm.com\/es\/wp-json\/wp\/v2\/users\/44"}],"replies":[{"embeddable":true,"href":"http:\/\/pkblawfirm.com\/es\/wp-json\/wp\/v2\/comments?post=9006"}],"version-history":[{"count":0,"href":"http:\/\/pkblawfirm.com\/es\/wp-json\/wp\/v2\/pages\/9006\/revisions"}],"wp:featuredmedia":[{"embeddable":true,"href":"http:\/\/pkblawfirm.com\/es\/wp-json\/wp\/v2\/media\/13606"}],"wp:attachment":[{"href":"http:\/\/pkblawfirm.com\/es\/wp-json\/wp\/v2\/media?parent=9006"}],"curies":[{"name":"wp","href":"https:\/\/api.w.org\/{rel}","templated":true}]}}