{"id":8995,"date":"2023-08-04T08:36:30","date_gmt":"2023-08-04T08:36:30","guid":{"rendered":"https:\/\/pkblaw.wpenginepowered.com\/?page_id=8995"},"modified":"2023-11-23T06:31:21","modified_gmt":"2023-11-23T06:31:21","slug":"abogado-accidente-de-auto-tampa","status":"publish","type":"page","link":"http:\/\/pkblawfirm.com\/es\/abogado-accidente-de-auto-tampa\/","title":{"rendered":"Accidentes de Coches en Tampa"},"content":{"rendered":"<p>\u00bfHa estado involucrado en un accidente de auto en Tampa causado por otro conductor? Usted podr\u00eda tener el derecho de buscar una compensaci\u00f3n por sus gastos m\u00e9dicos, salarios perdidos y otras p\u00e9rdidas relacionadas con el accidente.<\/p>\n<p>Si esto le ha sucedido, le recomendamos ponerse en contacto con un abogado de accidentes de auto en Tampa de Paul Knopf Bigger para obtener una representaci\u00f3n y defensa legal efectiva. Nuestros abogados luchan contra la injusticia y marcan la diferencia en la vida de nuestros clientes. Trabajamos incansablemente para ayudarlos a buscar el alivio financiero y la justicia que merecen.<\/p>\n<p><a href=\"http:\/\/pkblawfirm.com\/es\/contactenos\/\">Comun\u00edquese con<\/a> Paul Knopf Bigger para una revisi\u00f3n inicial gratuita de su caso con un experimentado abogado de accidentes de auto en Tampa. Podemos revisar su caso y explicarle sus opciones legales para buscar compensaci\u00f3n y justicia por el da\u00f1o que ha sufrido.<\/p>\n<h2>Causas comunes de accidentes de auto en Tampa<\/h2>\n<p>Los accidentes automovil\u00edsticos ocurren por diversas razones, pero las causas m\u00e1s comunes est\u00e1n relacionadas con errores del conductor u operaci\u00f3n negligente. Algunas de las causas relacionadas con el conductor incluyen:<\/p>\n<div class=\"row\">\n<ul class=\"col-xl-6\">\n<li>Exceso de velocidad.<\/li>\n<li>Conducir\u00a0 muy cerca del veh\u00edculo de adelante.<\/li>\n<li>Pasarse sem\u00e1foros en rojo, ignorar se\u00f1ales de alto o se\u00f1ales de tr\u00e1fico.<\/li>\n<li>No ceder el derecho de paso.<\/li>\n<li>No utilizar se\u00f1ales de giro ni revisar los espejos antes de cambiar de carril o girar.<\/li>\n<li>Conducir de manera imprudente, lo que incluye hacerlo a exceso de velocidad o zigzaguear entre el tr\u00e1fico.<\/li>\n<li>Conducir distra\u00eddo.<\/li>\n<li>Conducir con sue\u00f1o.<\/li>\n<\/ul>\n<ul class=\"col-xl-6\">\n<li>Conducir bajo la influencia del alcohol o drogas.<\/li>\n<li>Otros factores pueden causar o contribuir a un accidente de auto, tales como:<\/li>\n<li>Mantenimiento inadecuado del veh\u00edculo.<\/li>\n<li>Defectos en el veh\u00edculo o en sus piezas.<\/li>\n<li>Condiciones clim\u00e1ticas adversas.<\/li>\n<li>Condiciones de la carretera deficientes, incluyendo superficies resbaladizas, pavimento roto, baches o escombros.<\/li>\n<li>Poca iluminaci\u00f3n o visibilidad deficiente.<\/li>\n<\/ul>\n<\/div>\n<h2>Tipos comunes de accidentes de auto en Tampa<\/h2>\n<p>El tipo de accidente de auto en el que usted se encuentra puede determinar la gravedad y el alcance de cualquier lesi\u00f3n y da\u00f1o. Incluso los accidentes de auto menores pueden resultar en lesiones graves. Algunos de los tipos m\u00e1s comunes de accidentes de auto que ocurren en Tampa incluyen:<\/p>\n<div class=\"row\">\n<ul class=\"col-xl-6\">\n<li>Colisiones frontales.<\/li>\n<li>Colisiones traseras.<\/li>\n<li>Colisiones laterales o de costado, tambi\u00e9n conocidas como colisiones en \u00abT\u00bb.<\/li>\n<li>Colisiones por deslizamiento lateral.<\/li>\n<li>Accidentes de volcadura.<\/li>\n<li>Accidentes de un solo veh\u00edculo.<\/li>\n<li>Accidentes con m\u00faltiples veh\u00edculos o acumulaci\u00f3n de veh\u00edculos.<\/li>\n<\/ul>\n<ul class=\"col-xl-6\">\n<li>Accidentes de conducci\u00f3n bajo la influencia del alcohol (ebriedad).<\/li>\n<li>Accidentes de golpe y fuga.<\/li>\n<li>Accidentes con conductores sin seguro o con seguro insuficiente.<\/li>\n<li>Accidentes con veh\u00edculos de Uber, Lyft o servicios de transporte compartido.<\/li>\n<li>Accidentes de camiones.<\/li>\n<li>Accidentes que involucran a peatones.<\/li>\n<\/ul>\n<\/div>\n<h2>Tipos de lesiones causadas por un accidente de auto<\/h2>\n<p>Dependiendo de la gravedad del accidente de auto, la v\u00edctima del choque puede sufrir diversas lesiones. Algunos de los tipos de lesiones m\u00e1s frecuentes causadas por un accidente automovil\u00edstico incluyen:<\/p>\n<div class=\"row\">\n<ul class=\"col-xl-6\">\n<li>Fracturas \u00f3seas.<\/li>\n<li>Latigazo cervical.<\/li>\n<li>Da\u00f1o en los nervios.<\/li>\n<li>Lesiones en el cuello y la espalda, incluyendo hernias discales espinales.<\/li>\n<li>Lesiones en la m\u00e9dula espinal y par\u00e1lisis.<\/li>\n<li>Lesiones en \u00f3rganos internos o hemorragias internas.<\/li>\n<li>Lesiones faciales.<\/li>\n<li>Lesiones cerebrales traum\u00e1ticas.<\/li>\n<\/ul>\n<ul class=\"col-xl-6\">\n<li>Amputaci\u00f3n, desmembramiento o p\u00e9rdida de extremidades.<\/li>\n<li>Laceraciones o abrasiones graves.<\/li>\n<li>Lesiones con p\u00e9rdida de piel.<\/li>\n<li>Quemaduras<\/li>\n<li>Dislocaciones articulares<\/li>\n<li>Esguinces o desgarros de ligamentos<\/li>\n<li>Desgarros o distensiones musculares o de tendones<\/li>\n<\/ul>\n<\/div>\n<h2>Da\u00f1os a los que usted puede tener derecho despu\u00e9s de un accidente de auto<\/h2>\n<p>Un accidente de veh\u00edculo automotor puede dejarle con diversas p\u00e9rdidas financieras y personales debido a lesiones o da\u00f1os a la propiedad. En un caso de accidente de auto, usted podr\u00eda buscar una compensaci\u00f3n por estas p\u00e9rdidas ante una aseguradora, otro conductor u otras partes responsables. Usted podr\u00eda ser compensado por las siguientes p\u00e9rdidas:<\/p>\n<ul>\n<li>Costos de tratamiento m\u00e9dico y rehabilitaci\u00f3n por lesiones.<\/li>\n<li>Costos de atenci\u00f3n a largo plazo y apoyo para discapacidades permanentes resultantes de sus lesiones.<\/li>\n<li>Salarios perdidos o p\u00e9rdida de ingresos si no puede trabajar o ganar tanto como antes del accidente mientras se recupera de sus lesiones.<\/li>\n<li>P\u00e9rdida de capacidad de generar ingresos o beneficios laborales si desarrolla una discapacidad permanente que le impide regresar al trabajo.<\/li>\n<li>Dolor f\u00edsico y sufrimiento.<\/li>\n<li>Trauma emocional o angustia.<\/li>\n<li>P\u00e9rdida de disfrute o calidad de vida causada por discapacidades o cicatrices y desfiguraci\u00f3n visibles y permanentes.<\/li>\n<li>Costos de reparaci\u00f3n del veh\u00edculo o reembolso del valor de su veh\u00edculo totalizado, as\u00ed como otros da\u00f1os a la propiedad.<\/li>\n<li>P\u00e9rdida de consorcio si su c\u00f3nyuge o hijo result\u00f3 herido.<\/li>\n<\/ul>\n<h2>Qu\u00e9 hacer si usted est\u00e1 involucrado en un choque de autom\u00f3vil<\/h2>\n<p>Despu\u00e9s de un choque de auto, su prioridad debe ser buscar tratamiento m\u00e9dico para sus lesiones. Sin embargo, hay otros pasos que puede tomar despu\u00e9s de un accidente de auto para proteger sus derechos. Deber\u00eda hacer lo siguiente despu\u00e9s de un accidente de veh\u00edculo automotor en Tampa:<\/p>\n<ul>\n<li><strong>Reportar el choque a las autoridades<\/strong> y esperar a que llegue la polic\u00eda. La polic\u00eda investigar\u00e1 el accidente y elaborar\u00e1 un informe de accidente. Debe solicitar una copia del informe, ya que puede ser \u00fatil si necesita proporcionar evidencia de culpabilidad o la gravedad de sus lesiones.<\/li>\n<li><strong>Buscar atenci\u00f3n m\u00e9dica inmediata<\/strong> para que sus lesiones sean diagnosticadas y tratadas. Debe consultar a un m\u00e9dico incluso si se siente bien o sus lesiones parecen menores. Algunas lesiones tardan d\u00edas o semanas en manifestar s\u00edntomas, y tratarlas lo antes posible es esencial. Sus registros m\u00e9dicos tambi\u00e9n pueden ser evidencia crucial si presenta reclamos.<\/li>\n<li><strong>Seguir el plan de tratamiento de su m\u00e9dico.<\/strong> Mantenga todas las citas de seguimiento para ayudar en el proceso de curaci\u00f3n.<\/li>\n<li><strong>Mantener todos los recibos, facturas y comprobantes de gastos<\/strong> incurridos debido al accidente, incluyendo facturas m\u00e9dicas o recibos de reparaci\u00f3n de auto.<\/li>\n<li><strong>Reunir sus talones de pago o estados de ingresos<\/strong> si no puede trabajar mientras se recupera de sus lesiones o debe hacer trabajo ligero.<\/li>\n<li><strong>Mientras se recupera, mantener un diario o bit\u00e1cora<\/strong> para documentar el dolor f\u00edsico, la angustia emocional y las dificultades con las actividades diarias.<\/li>\n<li><strong>Evitar hablar sobre el accidente<\/strong> o publicar fotos o videos de usted mismo en las redes sociales. Las aseguradoras a veces monitorean las cuentas de las v\u00edctimas de accidentes en busca de publicaciones que contradigan su versi\u00f3n oficial de lo que sucedi\u00f3 en un choque.<\/li>\n<\/ul>\n<p>Finalmente, p\u00f3ngase en contacto con un abogado de accidentes de auto en Tampa lo antes posible para obtener m\u00e1s informaci\u00f3n sobre sus opciones legales y discutir los siguientes pasos que debe tomar para buscar alivio financiero y justicia.<\/p>\n<h2>\u00bfQui\u00e9nes podr\u00edan ser responsables de un accidente de auto?<\/h2>\n<p>Florida sigue un sistema de \u00absin culpa\u00bb en lo que respecta al seguro de autos y los accidentes de tr\u00e1fico. Todos los conductores en Florida deben adquirir cobertura de Protecci\u00f3n por Lesiones Personales (PIP, por sus siglas en ingl\u00e9s) como parte de una p\u00f3liza de seguro. Un conductor lesionado en un accidente de auto presentar\u00e1 un reclamo ante su proveedor de seguros para buscar una compensaci\u00f3n por facturas m\u00e9dicas y salarios perdidos bajo su cobertura de PIP, sin importar qui\u00e9n tenga la culpa del accidente. Por lo tanto, no importa qui\u00e9n tenga la culpa en algunos accidentes de auto.<\/p>\n<p>Sin embargo, si sufre lesiones que cumplen con la definici\u00f3n de \u201cgraves\u201d seg\u00fan la ley de Florida, podr\u00eda tener derecho a presentar una demanda por lesiones personales contra otro conductor u otras partes responsables. Ejemplos de qui\u00e9nes podr\u00edan ser responsables de un accidente de auto incluyen:<\/p>\n<ul>\n<li>Otro automovilista o el empleador del automovilista si estaban en servicio.<\/li>\n<li>Un conductor de cami\u00f3n o una empresa de transporte de carga.<\/li>\n<li>Fabricantes o vendedores de piezas de autom\u00f3viles defectuosas.<\/li>\n<\/ul>\n<h2>Plazos para presentar una demanda por lesiones en un accidente de auto en Tampa<\/h2>\n<p>Seg\u00fan el <a href=\"http:\/\/www.leg.state.fl.us\/Statutes\/index.cfm?App_mode=Display_Statute&amp;URL=0000-0099\/0095\/Sections\/0095.11.html\" target=\"_blank\" rel=\"noopener\">estatuto de limitaciones de Florida<\/a>, generalmente usted tiene solo dos a\u00f1os para presentar una demanda por accidente de auto contra un conductor u otra parte responsable del accidente. Si presenta su demanda despu\u00e9s del plazo, el tribunal puede desechar su caso, lo que resultar\u00eda en la p\u00e9rdida de su derecho a buscar una compensaci\u00f3n ante un tribunal civil. Hable con un abogado de accidentes de auto en Tampa lo antes posible despu\u00e9s del accidente para garantizar que se preserven sus derechos.<\/p>\n<h2>\u00bfPodr\u00eda recuperar compensaci\u00f3n si usted tiene parte de la culpa en un accidente de auto?<\/h2>\n<p>A\u00fan podr\u00eda buscar compensaci\u00f3n si tiene parte de la culpa en un accidente de auto. Florida sigue una <a href=\"http:\/\/www.leg.state.fl.us\/statutes\/index.cfm?App_mode=Display_Statute&amp;URL=0700-0799\/0768\/Sections\/0768.81.html\" target=\"_blank\" rel=\"noopener\">regla de negligencia de comparativa modificada<\/a> que impide a las v\u00edctimas de accidentes buscar una compensaci\u00f3n cuando su parte de culpa en el accidente es mayor que la de otro conductor o parte responsable. Una v\u00edctima de accidente debe tener 50 por ciento o menos de culpa para tener derecho a buscar compensaci\u00f3n. Sin embargo, bajo el sistema de negligencia comparativa, la compensaci\u00f3n de una v\u00edctima de accidente se reducir\u00e1 de acuerdo con su porcentaje de culpa. Por ejemplo, una v\u00edctima que sufra $100,000 en p\u00e9rdidas pero tenga un 20 por ciento de culpa solo recibir\u00e1 hasta $80,000.<\/p>\n<h2>\u00bfLe costar\u00e1 algo contratar a un abogado de accidentes de auto en Tampa?<\/h2>\n<p>Despu\u00e9s de un accidente automovil\u00edstico, es posible que se enfrente a crecientes facturas m\u00e9dicas y salarios perdidos si no puede trabajar mientras se recupera de sus lesiones. Es posible que le preocupe no poder permitirse contratar a un abogado para ayudarle a buscar la compensaci\u00f3n que merece. Afortunadamente, la mayor\u00eda de los abogados de accidentes de auto representan a las v\u00edctimas de accidentes sobre una base de honorarios contingentes.<\/p>\n<p>En un acuerdo de honorarios contingentes, una v\u00edctima de un accidente de auto no paga ninguna cantidad por adelantado para contratar a una firma de abogados de accidentes de auto. En cambio, el abogado s\u00f3lo recibe su pago cuando obtiene una compensaci\u00f3n para su cliente a trav\u00e9s de un acuerdo o una sentencia judicial. El abogado recibe un porcentaje acordado del dinero que obtiene para su cliente. Por lo tanto, los acuerdos de honorarios contingentes alinean los intereses del abogado con los intereses de su cliente; el abogado solo gana una tarifa cuando recupera dinero para su cliente, y el tama\u00f1o de esa tarifa se correlaciona con la cantidad de recuperaci\u00f3n financiera que el abogado asegura.<\/p>\n","protected":false},"excerpt":{"rendered":"<p>\u00bfHa estado involucrado en un accidente de auto en Tampa causado por otro conductor? Usted podr\u00eda tener el derecho de buscar una compensaci\u00f3n por sus gastos m\u00e9dicos, salarios perdidos y otras p\u00e9rdidas relacionadas con el accidente. Si esto le ha sucedido, le recomendamos ponerse en contacto con un abogado de accidentes de auto en Tampa [&hellip;]<\/p>\n","protected":false},"author":44,"featured_media":13594,"parent":0,"menu_order":299,"comment_status":"closed","ping_status":"closed","template":"practice-area.php","meta":{"_acf_changed":false,"footnotes":""},"class_list":["post-8995","page","type-page","status-publish","has-post-thumbnail","hentry"],"acf":[],"yoast_head":"<!-- This site is optimized with the Yoast SEO plugin v26.5 - https:\/\/yoast.com\/wordpress\/plugins\/seo\/ -->\n<title>Abogados de accidentes de auto en Tampa | Paul Knopf Bigger<\/title>\n<meta name=\"description\" content=\"Si sufri\u00f3 un accidente de auto comun\u00edquese con un abogado de accidentes de auto en Tampa para conocer sus opciones de reclamo de compensaci\u00f3n.\" \/>\n<meta name=\"robots\" content=\"index, follow, max-snippet:-1, max-image-preview:large, max-video-preview:-1\" \/>\n<link rel=\"canonical\" href=\"http:\/\/pkblawfirm.com\/es\/abogado-accidente-de-auto-tampa\/\" \/>\n<meta property=\"og:locale\" content=\"es_ES\" \/>\n<meta property=\"og:type\" content=\"article\" \/>\n<meta property=\"og:title\" content=\"Abogados de accidentes de auto en Tampa | Paul Knopf Bigger\" \/>\n<meta property=\"og:description\" content=\"Si sufri\u00f3 un accidente de auto comun\u00edquese con un abogado de accidentes de auto en Tampa para conocer sus opciones de reclamo de compensaci\u00f3n.\" \/>\n<meta property=\"og:url\" content=\"http:\/\/pkblawfirm.com\/es\/abogado-accidente-de-auto-tampa\/\" \/>\n<meta property=\"og:site_name\" content=\"Paul Knopf Bigger\" \/>\n<meta property=\"article:publisher\" content=\"https:\/\/www.facebook.com\/pkblawfirm\/\" \/>\n<meta property=\"article:modified_time\" content=\"2023-11-23T06:31:21+00:00\" \/>\n<meta property=\"og:image\" content=\"http:\/\/pkblawfirm.com\/wp-content\/uploads\/2023\/11\/abogado-accidentes-coche-tampa.jpg\" \/>\n\t<meta property=\"og:image:width\" content=\"810\" \/>\n\t<meta property=\"og:image:height\" content=\"230\" \/>\n\t<meta property=\"og:image:type\" content=\"image\/jpeg\" \/>\n<meta name=\"twitter:card\" content=\"summary_large_image\" \/>\n<meta name=\"twitter:site\" content=\"@pkblawfirm\" \/>\n<meta name=\"twitter:label1\" content=\"Tiempo de lectura\" \/>\n\t<meta name=\"twitter:data1\" content=\"8 minutos\" \/>\n<!-- \/ Yoast SEO plugin. -->","yoast_head_json":{"title":"Abogados de accidentes de auto en Tampa | Paul Knopf Bigger","description":"Si sufri\u00f3 un accidente de auto comun\u00edquese con un abogado de accidentes de auto en Tampa para conocer sus opciones de reclamo de compensaci\u00f3n.","robots":{"index":"index","follow":"follow","max-snippet":"max-snippet:-1","max-image-preview":"max-image-preview:large","max-video-preview":"max-video-preview:-1"},"canonical":"http:\/\/pkblawfirm.com\/es\/abogado-accidente-de-auto-tampa\/","og_locale":"es_ES","og_type":"article","og_title":"Abogados de accidentes de auto en Tampa | Paul Knopf Bigger","og_description":"Si sufri\u00f3 un accidente de auto comun\u00edquese con un abogado de accidentes de auto en Tampa para conocer sus opciones de reclamo de compensaci\u00f3n.","og_url":"http:\/\/pkblawfirm.com\/es\/abogado-accidente-de-auto-tampa\/","og_site_name":"Paul Knopf Bigger","article_publisher":"https:\/\/www.facebook.com\/pkblawfirm\/","article_modified_time":"2023-11-23T06:31:21+00:00","og_image":[{"width":810,"height":230,"url":"http:\/\/pkblawfirm.com\/wp-content\/uploads\/2023\/11\/abogado-accidentes-coche-tampa.jpg","type":"image\/jpeg"}],"twitter_card":"summary_large_image","twitter_site":"@pkblawfirm","twitter_misc":{"Tiempo de lectura":"8 minutos"},"schema":{"@context":"https:\/\/schema.org","@graph":[{"@type":"WebPage","@id":"http:\/\/pkblawfirm.com\/es\/abogado-accidente-de-auto-tampa\/","url":"http:\/\/pkblawfirm.com\/es\/abogado-accidente-de-auto-tampa\/","name":"Abogados de accidentes de auto en Tampa | Paul Knopf Bigger","isPartOf":{"@id":"https:\/\/pkblawfirm.com\/es\/#website"},"primaryImageOfPage":{"@id":"http:\/\/pkblawfirm.com\/es\/abogado-accidente-de-auto-tampa\/#primaryimage"},"image":{"@id":"http:\/\/pkblawfirm.com\/es\/abogado-accidente-de-auto-tampa\/#primaryimage"},"thumbnailUrl":"http:\/\/pkblawfirm.com\/wp-content\/uploads\/2023\/11\/abogado-accidentes-coche-tampa.jpg","datePublished":"2023-08-04T08:36:30+00:00","dateModified":"2023-11-23T06:31:21+00:00","description":"Si sufri\u00f3 un accidente de auto comun\u00edquese con un abogado de accidentes de auto en Tampa para conocer sus opciones de reclamo de compensaci\u00f3n.","breadcrumb":{"@id":"http:\/\/pkblawfirm.com\/es\/abogado-accidente-de-auto-tampa\/#breadcrumb"},"inLanguage":"es","potentialAction":[{"@type":"ReadAction","target":["http:\/\/pkblawfirm.com\/es\/abogado-accidente-de-auto-tampa\/"]}]},{"@type":"ImageObject","inLanguage":"es","@id":"http:\/\/pkblawfirm.com\/es\/abogado-accidente-de-auto-tampa\/#primaryimage","url":"http:\/\/pkblawfirm.com\/wp-content\/uploads\/2023\/11\/abogado-accidentes-coche-tampa.jpg","contentUrl":"http:\/\/pkblawfirm.com\/wp-content\/uploads\/2023\/11\/abogado-accidentes-coche-tampa.jpg","width":810,"height":230,"caption":"tampa car collision"},{"@type":"BreadcrumbList","@id":"http:\/\/pkblawfirm.com\/es\/abogado-accidente-de-auto-tampa\/#breadcrumb","itemListElement":[{"@type":"ListItem","position":1,"name":"Inicio","item":"https:\/\/pkblawfirm.com\/es\/"},{"@type":"ListItem","position":2,"name":"Accidentes de Coches en Tampa"}]},{"@type":"WebSite","@id":"https:\/\/pkblawfirm.com\/es\/#website","url":"https:\/\/pkblawfirm.com\/es\/","name":"Paul Knopf Bigger","description":"","publisher":{"@id":"https:\/\/pkblawfirm.com\/es\/#organization"},"potentialAction":[{"@type":"SearchAction","target":{"@type":"EntryPoint","urlTemplate":"https:\/\/pkblawfirm.com\/es\/?s={search_term_string}"},"query-input":{"@type":"PropertyValueSpecification","valueRequired":true,"valueName":"search_term_string"}}],"inLanguage":"es"},{"@type":"Organization","@id":"https:\/\/pkblawfirm.com\/es\/#organization","name":"Paul Knopf Bigger","url":"https:\/\/pkblawfirm.com\/es\/","logo":{"@type":"ImageObject","inLanguage":"es","@id":"https:\/\/pkblawfirm.com\/es\/#\/schema\/logo\/image\/","url":"http:\/\/pkblawfirm.com\/wp-content\/uploads\/2023\/06\/Logo_PKB-2.svg","contentUrl":"http:\/\/pkblawfirm.com\/wp-content\/uploads\/2023\/06\/Logo_PKB-2.svg","width":1,"height":1,"caption":"Paul Knopf Bigger"},"image":{"@id":"https:\/\/pkblawfirm.com\/es\/#\/schema\/logo\/image\/"},"sameAs":["https:\/\/www.facebook.com\/pkblawfirm\/","https:\/\/x.com\/pkblawfirm","https:\/\/www.instagram.com\/paulknopfbigger\/","https:\/\/www.linkedin.com\/company\/pkblawfirm\/"]}]}},"_links":{"self":[{"href":"http:\/\/pkblawfirm.com\/es\/wp-json\/wp\/v2\/pages\/8995","targetHints":{"allow":["GET"]}}],"collection":[{"href":"http:\/\/pkblawfirm.com\/es\/wp-json\/wp\/v2\/pages"}],"about":[{"href":"http:\/\/pkblawfirm.com\/es\/wp-json\/wp\/v2\/types\/page"}],"author":[{"embeddable":true,"href":"http:\/\/pkblawfirm.com\/es\/wp-json\/wp\/v2\/users\/44"}],"replies":[{"embeddable":true,"href":"http:\/\/pkblawfirm.com\/es\/wp-json\/wp\/v2\/comments?post=8995"}],"version-history":[{"count":0,"href":"http:\/\/pkblawfirm.com\/es\/wp-json\/wp\/v2\/pages\/8995\/revisions"}],"wp:featuredmedia":[{"embeddable":true,"href":"http:\/\/pkblawfirm.com\/es\/wp-json\/wp\/v2\/media\/13594"}],"wp:attachment":[{"href":"http:\/\/pkblawfirm.com\/es\/wp-json\/wp\/v2\/media?parent=8995"}],"curies":[{"name":"wp","href":"https:\/\/api.w.org\/{rel}","templated":true}]}}