{"id":8983,"date":"2023-08-04T08:36:00","date_gmt":"2023-08-04T08:36:00","guid":{"rendered":"https:\/\/pkblaw.wpenginepowered.com\/?page_id=8983"},"modified":"2023-11-22T15:55:31","modified_gmt":"2023-11-22T15:55:31","slug":"abogado-de-lesiones-personales-en-tampa","status":"publish","type":"page","link":"http:\/\/pkblawfirm.com\/es\/abogado-de-lesiones-personales-en-tampa\/","title":{"rendered":"Lesiones Personales en Tampa"},"content":{"rendered":"<p>\u00bfHa sufrido lesiones en un accidente en Tampa? Un accidente catastr\u00f3fico puede tener consecuencias que alteran la vida, incluyendo costosas facturas m\u00e9dicas, la p\u00e9rdida de salarios debido a la incapacidad para trabajar y dolor o sufrimiento a largo plazo. Un abogado de lesiones personales en Tampa de Paul Knopf Bigger puede ayudarle a buscar compensaci\u00f3n de los culpables de sus lesiones y p\u00e9rdidas.<\/p>\n<p>Nuestros abogados han dedicado sus carreras a luchar contra la injusticia y ayudar a los clientes a seguir adelante con sus vidas. Tenemos un historial probado de \u00e9xito en algunos de los casos m\u00e1s complejos de lesiones personales.<\/p>\n<p>Si se hiri\u00f3 en un accidente causado por otra persona, tiene derecho a buscar alivio financiero y la responsabilidad de los culpables. <a href=\"http:\/\/pkblawfirm.com\/es\/contactenos\/\">Contacte<\/a> a Paul Knopf Bigger hoy mismo para una consulta inicial sin costo y conozca c\u00f3mo nuestra firma luchar\u00e1 para obtener compensaci\u00f3n y justicia para usted.<\/p>\n<h2>C\u00f3mo saber si tiene un reclamo por lesiones personales<\/h2>\n<p>Usted podr\u00eda tener una reclamo por lesiones personales si result\u00f3 herido en un accidente o incidente debido a las acciones o la negligencia de otra persona, y ha sufrido p\u00e9rdidas financieras o personales debido a sus lesiones. Despu\u00e9s de un accidente o incidente que le haya causado da\u00f1os, hable con un abogado de lesiones personales en Tampa acerca de sus lesiones. Un abogado podr\u00e1 aconsejarle sobre si tiene un reclamo v\u00e1lido por lesiones personales.<\/p>\n<h2>\u00bfQu\u00e9 debe probarse en un reclamo por lesiones personales?<\/h2>\n<p>Para lograr con \u00e9xito la recuperaci\u00f3n de una compensaci\u00f3n en un reclamo por lesiones personales, es necesario demostrar que alguien le caus\u00f3 lesiones deliberadamente, descuidadamente o negligentemente. La intencionalidad implica que la otra parte ten\u00eda la intenci\u00f3n de causarle da\u00f1o con sus acciones. La imprudencia ocurre cuando una parte conscientemente ignora un riesgo significativo de que sus acciones o conducta puedan causar da\u00f1o a otros.<\/p>\n<p>La mayor\u00eda de los reclamos por lesiones personales surgen por negligencia. Para demostrar que la otra parte fue negligente y, por lo tanto, responsable de sus lesiones, necesitar\u00e1 demostrar que incumpli\u00f3 con un deber que le correspond\u00eda dadas las circunstancias, lo que provoc\u00f3 un accidente o incidente que result\u00f3 en sus lesiones.<\/p>\n<p>La negligencia involucra dos formas de causalidad: causalidad directa y causalidad pr\u00f3xima. Puede demostrar la causalidad directa al mostrar que sus lesiones no habr\u00edan ocurrido de no ser por las acciones o conducta de la otra parte. Probar la causalidad pr\u00f3xima requiere mostrar que las acciones o conducta de la otra parte representan la causa m\u00e1s directa de sus lesiones y que no existen otras causas sobrepuestas o intervinientes que tengan una mayor responsabilidad en la causaci\u00f3n de sus lesiones.<\/p>\n<p>Por \u00faltimo, para recuperar una compensaci\u00f3n en un reclamo por negligencia, es necesario demostrar que ha sufrido p\u00e9rdidas econ\u00f3micas o personales de las que es responsable la parte negligente.<\/p>\n","protected":false},"excerpt":{"rendered":"<p>\u00bfHa sufrido lesiones en un accidente en Tampa? Un accidente catastr\u00f3fico puede tener consecuencias que alteran la vida, incluyendo costosas facturas m\u00e9dicas, la p\u00e9rdida de salarios debido a la incapacidad para trabajar y dolor o sufrimiento a largo plazo. Un abogado de lesiones personales en Tampa de Paul Knopf Bigger puede ayudarle a buscar compensaci\u00f3n [&hellip;]<\/p>\n","protected":false},"author":44,"featured_media":18431,"parent":0,"menu_order":284,"comment_status":"closed","ping_status":"closed","template":"location.php","meta":{"_acf_changed":false,"footnotes":""},"class_list":["post-8983","page","type-page","status-publish","has-post-thumbnail","hentry"],"acf":[],"yoast_head":"<!-- This site is optimized with the Yoast SEO plugin v26.5 - https:\/\/yoast.com\/wordpress\/plugins\/seo\/ -->\n<title>Abogado de lesiones personales en Tampa | Paul Knopf Bigger<\/title>\n<meta name=\"description\" content=\"Tener un accidente le puede dejar lesiones que cambien su estilo de vida. Un abogado de lesiones personales en Tampa de nuestra firma puede ayudarle.\" \/>\n<meta name=\"robots\" content=\"index, follow, max-snippet:-1, max-image-preview:large, max-video-preview:-1\" \/>\n<link rel=\"canonical\" href=\"http:\/\/pkblawfirm.com\/es\/abogado-de-lesiones-personales-en-tampa\/\" \/>\n<meta property=\"og:locale\" content=\"es_ES\" \/>\n<meta property=\"og:type\" content=\"article\" \/>\n<meta property=\"og:title\" content=\"Abogado de lesiones personales en Tampa | Paul Knopf Bigger\" \/>\n<meta property=\"og:description\" content=\"Tener un accidente le puede dejar lesiones que cambien su estilo de vida. Un abogado de lesiones personales en Tampa de nuestra firma puede ayudarle.\" \/>\n<meta property=\"og:url\" content=\"http:\/\/pkblawfirm.com\/es\/abogado-de-lesiones-personales-en-tampa\/\" \/>\n<meta property=\"og:site_name\" content=\"Paul Knopf Bigger\" \/>\n<meta property=\"article:publisher\" content=\"https:\/\/www.facebook.com\/pkblawfirm\/\" \/>\n<meta property=\"article:modified_time\" content=\"2023-11-22T15:55:31+00:00\" \/>\n<meta property=\"og:image\" content=\"https:\/\/pkblawfirm.com\/wp-content\/uploads\/2023\/11\/tampa-personal-injury-lawyer.jpg\" \/>\n\t<meta property=\"og:image:width\" content=\"810\" \/>\n\t<meta property=\"og:image:height\" content=\"230\" \/>\n\t<meta property=\"og:image:type\" content=\"image\/jpeg\" \/>\n<meta name=\"twitter:card\" content=\"summary_large_image\" \/>\n<meta name=\"twitter:site\" content=\"@pkblawfirm\" \/>\n<meta name=\"twitter:label1\" content=\"Tiempo de lectura\" \/>\n\t<meta name=\"twitter:data1\" content=\"3 minutos\" \/>\n<!-- \/ Yoast SEO plugin. -->","yoast_head_json":{"title":"Abogado de lesiones personales en Tampa | Paul Knopf Bigger","description":"Tener un accidente le puede dejar lesiones que cambien su estilo de vida. Un abogado de lesiones personales en Tampa de nuestra firma puede ayudarle.","robots":{"index":"index","follow":"follow","max-snippet":"max-snippet:-1","max-image-preview":"max-image-preview:large","max-video-preview":"max-video-preview:-1"},"canonical":"http:\/\/pkblawfirm.com\/es\/abogado-de-lesiones-personales-en-tampa\/","og_locale":"es_ES","og_type":"article","og_title":"Abogado de lesiones personales en Tampa | Paul Knopf Bigger","og_description":"Tener un accidente le puede dejar lesiones que cambien su estilo de vida. Un abogado de lesiones personales en Tampa de nuestra firma puede ayudarle.","og_url":"http:\/\/pkblawfirm.com\/es\/abogado-de-lesiones-personales-en-tampa\/","og_site_name":"Paul Knopf Bigger","article_publisher":"https:\/\/www.facebook.com\/pkblawfirm\/","article_modified_time":"2023-11-22T15:55:31+00:00","og_image":[{"width":810,"height":230,"url":"https:\/\/pkblawfirm.com\/wp-content\/uploads\/2023\/11\/tampa-personal-injury-lawyer.jpg","type":"image\/jpeg"}],"twitter_card":"summary_large_image","twitter_site":"@pkblawfirm","twitter_misc":{"Tiempo de lectura":"3 minutos"},"schema":{"@context":"https:\/\/schema.org","@graph":[{"@type":"WebPage","@id":"http:\/\/pkblawfirm.com\/es\/abogado-de-lesiones-personales-en-tampa\/","url":"http:\/\/pkblawfirm.com\/es\/abogado-de-lesiones-personales-en-tampa\/","name":"Abogado de lesiones personales en Tampa | Paul Knopf Bigger","isPartOf":{"@id":"https:\/\/pkblawfirm.com\/es\/#website"},"primaryImageOfPage":{"@id":"http:\/\/pkblawfirm.com\/es\/abogado-de-lesiones-personales-en-tampa\/#primaryimage"},"image":{"@id":"http:\/\/pkblawfirm.com\/es\/abogado-de-lesiones-personales-en-tampa\/#primaryimage"},"thumbnailUrl":"http:\/\/pkblawfirm.com\/wp-content\/uploads\/2023\/11\/tampa-personal-injury-lawyer.jpg","datePublished":"2023-08-04T08:36:00+00:00","dateModified":"2023-11-22T15:55:31+00:00","description":"Tener un accidente le puede dejar lesiones que cambien su estilo de vida. Un abogado de lesiones personales en Tampa de nuestra firma puede ayudarle.","breadcrumb":{"@id":"http:\/\/pkblawfirm.com\/es\/abogado-de-lesiones-personales-en-tampa\/#breadcrumb"},"inLanguage":"es","potentialAction":[{"@type":"ReadAction","target":["http:\/\/pkblawfirm.com\/es\/abogado-de-lesiones-personales-en-tampa\/"]}]},{"@type":"ImageObject","inLanguage":"es","@id":"http:\/\/pkblawfirm.com\/es\/abogado-de-lesiones-personales-en-tampa\/#primaryimage","url":"http:\/\/pkblawfirm.com\/wp-content\/uploads\/2023\/11\/tampa-personal-injury-lawyer.jpg","contentUrl":"http:\/\/pkblawfirm.com\/wp-content\/uploads\/2023\/11\/tampa-personal-injury-lawyer.jpg","width":810,"height":230,"caption":"Tampa Buildings"},{"@type":"BreadcrumbList","@id":"http:\/\/pkblawfirm.com\/es\/abogado-de-lesiones-personales-en-tampa\/#breadcrumb","itemListElement":[{"@type":"ListItem","position":1,"name":"Inicio","item":"https:\/\/pkblawfirm.com\/es\/"},{"@type":"ListItem","position":2,"name":"Lesiones Personales en Tampa"}]},{"@type":"WebSite","@id":"https:\/\/pkblawfirm.com\/es\/#website","url":"https:\/\/pkblawfirm.com\/es\/","name":"Paul Knopf Bigger","description":"","publisher":{"@id":"https:\/\/pkblawfirm.com\/es\/#organization"},"potentialAction":[{"@type":"SearchAction","target":{"@type":"EntryPoint","urlTemplate":"https:\/\/pkblawfirm.com\/es\/?s={search_term_string}"},"query-input":{"@type":"PropertyValueSpecification","valueRequired":true,"valueName":"search_term_string"}}],"inLanguage":"es"},{"@type":"Organization","@id":"https:\/\/pkblawfirm.com\/es\/#organization","name":"Paul Knopf Bigger","url":"https:\/\/pkblawfirm.com\/es\/","logo":{"@type":"ImageObject","inLanguage":"es","@id":"https:\/\/pkblawfirm.com\/es\/#\/schema\/logo\/image\/","url":"http:\/\/pkblawfirm.com\/wp-content\/uploads\/2023\/06\/Logo_PKB-2.svg","contentUrl":"http:\/\/pkblawfirm.com\/wp-content\/uploads\/2023\/06\/Logo_PKB-2.svg","width":1,"height":1,"caption":"Paul Knopf Bigger"},"image":{"@id":"https:\/\/pkblawfirm.com\/es\/#\/schema\/logo\/image\/"},"sameAs":["https:\/\/www.facebook.com\/pkblawfirm\/","https:\/\/x.com\/pkblawfirm","https:\/\/www.instagram.com\/paulknopfbigger\/","https:\/\/www.linkedin.com\/company\/pkblawfirm\/"]}]}},"_links":{"self":[{"href":"http:\/\/pkblawfirm.com\/es\/wp-json\/wp\/v2\/pages\/8983","targetHints":{"allow":["GET"]}}],"collection":[{"href":"http:\/\/pkblawfirm.com\/es\/wp-json\/wp\/v2\/pages"}],"about":[{"href":"http:\/\/pkblawfirm.com\/es\/wp-json\/wp\/v2\/types\/page"}],"author":[{"embeddable":true,"href":"http:\/\/pkblawfirm.com\/es\/wp-json\/wp\/v2\/users\/44"}],"replies":[{"embeddable":true,"href":"http:\/\/pkblawfirm.com\/es\/wp-json\/wp\/v2\/comments?post=8983"}],"version-history":[{"count":0,"href":"http:\/\/pkblawfirm.com\/es\/wp-json\/wp\/v2\/pages\/8983\/revisions"}],"wp:featuredmedia":[{"embeddable":true,"href":"http:\/\/pkblawfirm.com\/es\/wp-json\/wp\/v2\/media\/18431"}],"wp:attachment":[{"href":"http:\/\/pkblawfirm.com\/es\/wp-json\/wp\/v2\/media?parent=8983"}],"curies":[{"name":"wp","href":"https:\/\/api.w.org\/{rel}","templated":true}]}}