{"id":8949,"date":"2023-06-26T09:47:43","date_gmt":"2023-06-26T09:47:43","guid":{"rendered":"https:\/\/pkblaw.wpenginepowered.com\/?page_id=8949"},"modified":"2024-09-03T20:08:35","modified_gmt":"2024-09-03T20:08:35","slug":"abogados-de-accidentes-de-camiones-florida","status":"publish","type":"page","link":"http:\/\/pkblawfirm.com\/es\/abogados-de-accidentes-de-camiones-florida\/","title":{"rendered":"Abogados de Accidentes de Camiones en Florida"},"content":{"rendered":"<p>Las colisiones con camiones comerciales de gran tama\u00f1o a menudo dejan a las v\u00edctimas con lesiones catastr\u00f3ficas y una abrumadora carga financiera sin culpa propia. Si usted ha resultado perjudicado en un accidente de cami\u00f3n en Florida, necesita un equipo tenaz que luche por la compensaci\u00f3n que merece.<\/p>\n<p>En Paul Knopf Bigger, nuestros abogados han manejado con \u00e9xito numerosos reclamos por lesiones contra algunas de las compa\u00f1\u00edas m\u00e1s grandes del mundo. A trav\u00e9s del trabajo arduo y la persistencia, hemos recuperado millones de d\u00f3lares en compensaci\u00f3n leg\u00edtima para aquellos a quienes representamos. Pero sabemos que los casos que manejamos no se tratan solo de dinero. Se trata de personas. Es por eso que ponemos las necesidades de nuestros clientes en el coraz\u00f3n de cada caso, brindando atenci\u00f3n individualizada y orientaci\u00f3n compasiva en cada paso del camino.<\/p>\n<p>Estamos listos para defenderlo contra las compa\u00f1\u00edas de transporte, hacer que las partes responsables rindan cuentas y ganar la compensaci\u00f3n que necesita para sanar y seguir adelante. <a href=\"http:\/\/pkblawfirm.com\/es\/contactenos\/\">Contacte<\/a> a nuestra firma de abogados en cualquier momento, las 24 horas del d\u00eda, los 7 d\u00edas de la semana, para agendar una revisi\u00f3n gratuita de su caso con un abogado de lesiones por accidentes de camiones en Florida.<\/p>\n<h2>\u00bfQu\u00e9 se considera un cami\u00f3n en Florida?<\/h2>\n<p>Seg\u00fan la <a href=\"https:\/\/www.flsenate.gov\/laws\/statutes\/2011\/320.01\" target=\"_blank\" rel=\"noopener\">ley de Florida<\/a>, un cami\u00f3n o veh\u00edculo motorizado comercial (CMV, por sus siglas en ingl\u00e9s) se define como cualquiera de los siguientes:<\/p>\n<ul>\n<li>Cualquier veh\u00edculo que no sea propiedad ni est\u00e9 operado por una entidad gubernamental, utilice combustible especial o combustible para motores en carreteras p\u00fablicas y tenga un peso bruto de 26,001 libras o m\u00e1s.<\/li>\n<li>Cualquier veh\u00edculo que tenga tres o m\u00e1s ejes, independientemente de su peso.<\/li>\n<li>Cualquier veh\u00edculo utilizado en combinaci\u00f3n con otros que tengan un peso total que exceda las 26,001 libras.<\/li>\n<\/ul>\n<p>La \u00fanica excepci\u00f3n es para los veh\u00edculos que ocasionalmente transportan propiedades personales hacia y desde instalaciones de carreras cerradas con fines no lucrativos y sin patrocinio corporativo. En otras palabras, la ley de Florida considera que casi cualquier veh\u00edculo pesado de m\u00faltiples ejes utilizado con fines comerciales en carreteras p\u00fablicas es un cami\u00f3n comercial a menos que cumpla con esta excepci\u00f3n espec\u00edfica.<\/p>\n<h2>\u00bfCu\u00e1les son los accidentes de camiones comerciales comunes en Florida?<\/h2>\n<p>Debido a su gran tama\u00f1o y peso, los camiones pueden causar lesiones graves, y a veces fatales, cuando se involucran en colisiones de tr\u00e1fico. Algunos tipos comunes de accidentes de camiones en las carreteras de Florida incluyen los siguientes:<\/p>\n<ul>\n<li><strong>Colisiones traseras:<\/strong> esto ocurre cuando un cami\u00f3n golpea a otro veh\u00edculo por detr\u00e1s, a menudo debido a la falta de frenado o a la falta de mantener una distancia segura por parte del conductor del cami\u00f3n.<\/li>\n<li><strong>Accidentes de roce lateral:<\/strong> estos tipos de choques de camiones ocurren cuando el costado de un cami\u00f3n raspa o choca con otro veh\u00edculo que viaja en paralelo en un carril adyacente.<\/li>\n<li>Vuelcos: los camiones tienen un alto centro de gravedad, lo que los hace propensos a volcar. Estos peligrosos accidentes pueden aplastar f\u00e1cilmente a veh\u00edculos m\u00e1s peque\u00f1os cercanos.<\/li>\n<li><strong>Colisiones por debajo:<\/strong> esto ocurre cuando un veh\u00edculo m\u00e1s peque\u00f1o se desliza debajo del remolque de un cami\u00f3n en un accidente. Las colisiones por debajo pueden provocar lesiones fatales en la cabeza y el cuello a los ocupantes de los veh\u00edculos que se deslizan por debajo.<\/li>\n<li><strong>Accidentes de tipo cuchilla:<\/strong> estos suceden cuando la cabina de un cami\u00f3n y el remolque se pliegan en forma de \u201cV\u201d. Los camiones que sufren accidentes tipo cuchilla son peligrosos porque pueden bloquear el tr\u00e1fico y golpear a otros veh\u00edculos cercanos.<\/li>\n<li><strong>Accidentes en giros amplios:<\/strong> los camiones requieren espacio adicional al hacer giros. Los conductores que intentan giros ajustados pueden golpear a otros veh\u00edculos o peatones, ya que sus camiones giran m\u00e1s ampliamente de lo esperado.<\/li>\n<li><strong>Accidentes en puntos ciegos:<\/strong> los grandes puntos ciegos alrededor de los camiones dificultan que los conductores vean veh\u00edculos m\u00e1s peque\u00f1os a su alrededor, lo que contribuye a muchas colisiones al cambiar de carril o al fusionarse.<\/li>\n<li><strong>Accidentes por no ceder el paso:<\/strong> estos ocurren cuando los conductores de camiones no ceden el derecho de paso seg\u00fan lo requerido, a menudo debido a la falta de conciencia, negligencia o conducci\u00f3n bajo la influencia.<\/li>\n<li><strong>Accidentes por derrames de carga:<\/strong> la carga no asegurada o desequilibrada que cae de los camiones, o las fugas de los tanques de carga, pueden crear peligros en la carretera y causar m\u00faltiples colisiones.<\/li>\n<li><strong>Accidentes por defectos mec\u00e1nicos<\/strong>: cuando los neum\u00e1ticos de los camiones tienen reventones repentinos o los sistemas de frenos fallan, los conductores pueden perder el control y chocar contra otros veh\u00edculos o usuarios de la carretera como resultado.<\/li>\n<li><strong>Accidentes de retroceso<\/strong>: la visibilidad limitada hacia atr\u00e1s hace que sea f\u00e1cil para los conductores distra\u00eddos golpear a peatones, ciclistas u otros veh\u00edculos detr\u00e1s de ellos al retroceder.<\/li>\n<\/ul>\n<h2><img loading=\"lazy\" decoding=\"async\" class=\"alignnone size-full wp-image-38661\" src=\"http:\/\/pkblawfirm.com\/wp-content\/uploads\/2024\/09\/Tipos-de-Accidentes-scaled.jpg\" alt=\"Tipos de Accidentes\" width=\"2560\" height=\"2163\" srcset=\"http:\/\/pkblawfirm.com\/wp-content\/uploads\/2024\/09\/Tipos-de-Accidentes-scaled.jpg 2560w, http:\/\/pkblawfirm.com\/wp-content\/uploads\/2024\/09\/Tipos-de-Accidentes-300x253.jpg 300w, http:\/\/pkblawfirm.com\/wp-content\/uploads\/2024\/09\/Tipos-de-Accidentes-1024x865.jpg 1024w, http:\/\/pkblawfirm.com\/wp-content\/uploads\/2024\/09\/Tipos-de-Accidentes-768x649.jpg 768w, http:\/\/pkblawfirm.com\/wp-content\/uploads\/2024\/09\/Tipos-de-Accidentes-1536x1298.jpg 1536w, http:\/\/pkblawfirm.com\/wp-content\/uploads\/2024\/09\/Tipos-de-Accidentes-2048x1730.jpg 2048w\" sizes=\"auto, (max-width: 2560px) 100vw, 2560px\" \/><\/h2>\n<h2>\u00bfCu\u00e1les son las lesiones comunes que alguien puede sufrir en un accidente de cami\u00f3n en Florida?<\/h2>\n<p>La fuerza del impacto en un accidente de cami\u00f3n puede causar lesiones graves y catastr\u00f3ficas a los ocupantes de los veh\u00edculos de pasajeros. Algunas de las lesiones m\u00e1s frecuentes en accidentes de camiones son:<\/p>\n<div class=\"row\">\n<ul class=\"col-xl-6\">\n<li>Lesiones de m\u00e9dula espinal<\/li>\n<li>Lesiones cerebrales traum\u00e1ticas<\/li>\n<li>Amputaciones<\/li>\n<li>Da\u00f1o a \u00f3rganos internos<\/li>\n<li>Huesos rotos<\/li>\n<li>Dislocaciones<\/li>\n<li>Lesiones en el cuello y la espalda<\/li>\n<li>Laceraciones y abrasiones graves<\/li>\n<li>Lesiones por aplastamiento<\/li>\n<li>Lesiones por quemaduras<\/li>\n<li>Esguinces y distensiones<\/li>\n<li>Conmociones cerebrales<\/li>\n<\/ul>\n<ul class=\"col-xl-6\">\n<li>P\u00e9rdida de visi\u00f3n<\/li>\n<li>P\u00e9rdida de audici\u00f3n o tinnitus<\/li>\n<li>Da\u00f1o en los nervios<\/li>\n<li>Trastorno de estr\u00e9s postraum\u00e1tico (TEPT)<\/li>\n<li>Desfiguraci\u00f3n y cicatrices<\/li>\n<li>Lesiones en las articulaciones<\/li>\n<li>Lesiones en el pecho<\/li>\n<li>Fracturas p\u00e9lvicas<\/li>\n<li>Hemorragia interna<\/li>\n<li>Lesiones respiratorias<\/li>\n<li>Desgarros musculares<\/li>\n<\/ul>\n<\/div>\n<p>Si un accidente de cami\u00f3n en Florida resulta fatal, la familia de la v\u00edctima podr\u00eda presentar una demanda por homicidio culposo.<\/p>\n<h2>\u00bfQu\u00e9 compensaci\u00f3n puedo esperar recuperar en un reclamo por un accidente de cami\u00f3n en Florida?<\/h2>\n<p>Con un reclamo por accidente de cami\u00f3n exitoso en Florida, podr\u00eda recuperar una compensaci\u00f3n por las siguientes p\u00e9rdidas y gastos relacionados con el accidente:<\/p>\n<ul>\n<li><strong>Gastos m\u00e9dicos:<\/strong> esta categor\u00eda cubre todos los costos de tratamiento m\u00e9dico que incurra debido al accidente, incluyendo hospitalizaciones, cirug\u00edas, medicamentos y m\u00e1s.<\/li>\n<li><strong>Ingresos perdidos:<\/strong> si las lesiones del accidente de cami\u00f3n le impiden trabajar durante un per\u00edodo de tiempo o lo obligan a aceptar un trabajo peor remunerado, podr\u00eda buscar una compensaci\u00f3n por ingresos perdidos.<\/li>\n<li><strong>P\u00e9rdida de potencial de ingresos futuros:<\/strong> si desarrolla una discapacidad permanente que afecta su capacidad futura para trabajar y ganar ingresos, podr\u00eda reclamar dinero por la p\u00e9rdida de capacidad de ingresos.<\/li>\n<li><strong>Dolor y sufrimiento:<\/strong> este tipo de compensaci\u00f3n aborda el dolor f\u00edsico y el sufrimiento emocional que sufre debido al accidente de cami\u00f3n y sus lesiones.<\/li>\n<li><strong>P\u00e9rdida del disfrute de la vida:<\/strong> si pierde la capacidad de participar en pasatiempos, actividades o experiencias que disfrutaba anteriormente, podr\u00eda reclamar una compensaci\u00f3n por la p\u00e9rdida de calidad de vida.<\/li>\n<\/ul>\n<h2>\u00bfQu\u00e9 sucede si soy parcialmente responsable de un accidente de cami\u00f3n en Florida?<\/h2>\n<p>En Florida, usted puede buscar una compensaci\u00f3n de parte de otros responsables incluso si es parcialmente responsable del accidente de cami\u00f3n que lo lesion\u00f3. Pero bajo la <a href=\"http:\/\/www.leg.state.fl.us\/statutes\/index.cfm?App_mode=Display_Statute&amp;URL=0700-0799\/0768\/Sections\/0768.81.html\" target=\"_blank\" rel=\"noopener\">nueva ley de culpa comparativa<\/a> modificada del estado, la cantidad de compensaci\u00f3n que puede recuperar disminuye seg\u00fan el porcentaje de culpa que le corresponda. Si tiene m\u00e1s culpa que la otra parte, no podr\u00e1 obtener compensaci\u00f3n alguna.<\/p>\n<p>Si la otra parte alega que usted es parcialmente culpable del accidente, un abogado h\u00e1bil en accidentes de camiones en Florida puede marcar una gran diferencia en su caso. Su abogado sabr\u00e1 c\u00f3mo contrarrestar estas afirmaciones y minimizar el grado de culpa atribuido a usted. Pueden recopilar y analizar pruebas como informes policiales, declaraciones de testigos, grabaciones de tableros de instrumentos y testimonios de expertos para construir un s\u00f3lido caso que demuestre la culpa de la otra parte.<\/p>\n<p>En \u00faltima instancia, contar con representaci\u00f3n legal durante estas situaciones complejas aumenta sus posibilidades de maximizar su compensaci\u00f3n. Con un abogado de buena reputaci\u00f3n a su lado, usted tiene un defensor dedicado que comprende c\u00f3mo se aplican las leyes de camiones en Florida a su caso y puede proteger sus derechos en consecuencia.<\/p>\n<h2>\u00bfCu\u00e1nto tiempo tengo para presentar una demanda por accidente de cami\u00f3n en Florida?<\/h2>\n<p>La ley de Florida ahora permite dos a\u00f1os a partir de la fecha de la mayor\u00eda de los accidentes de lesiones, incluyendo un accidente de cami\u00f3n, para presentar una demanda por lesiones personales. Si se pierde el plazo de presentaci\u00f3n aplicable para su caso, es probable que el tribunal se niegue a escucharlo, impidi\u00e9ndole buscar una compensaci\u00f3n por sus lesiones en la corte.<\/p>\n<p>La naturaleza compleja y variable de estos plazos de presentaci\u00f3n, y las posibles consecuencias de perder este tiempo, subrayan la importancia de contratar a un abogado h\u00e1bil de inmediato despu\u00e9s de ocurrido un accidente de cami\u00f3n. Un abogado de accidentes de camiones en Florida con experiencia puede identificar y cumplir con todos los plazos relevantes en su nombre y gestionar cualquier excepci\u00f3n o complicaci\u00f3n que surja.<\/p>\n<p>Adem\u00e1s, actuar r\u00e1pidamente es importante porque la construcci\u00f3n de un caso s\u00f3lido lleva tiempo. Su abogado podr\u00eda necesitar investigar el accidente, recopilar pruebas, consultar con expertos y participar en una o varias rondas de negociaci\u00f3n con la otra parte. Contactar a un abogado de Florida lo antes posible despu\u00e9s de un accidente de cami\u00f3n le da tiempo suficiente para desarrollar la mejor estrategia legal y maximizar su compensaci\u00f3n.<\/p>\n<img loading=\"lazy\" decoding=\"async\" class=\"alignnone size-full wp-image-38658\" src=\"http:\/\/pkblawfirm.com\/wp-content\/uploads\/2024\/09\/Tiempo-Limite-Demanda-scaled.jpg\" alt=\"Tiempo Limite Demanda\" width=\"2253\" height=\"2560\" srcset=\"http:\/\/pkblawfirm.com\/wp-content\/uploads\/2024\/09\/Tiempo-Limite-Demanda-scaled.jpg 2253w, http:\/\/pkblawfirm.com\/wp-content\/uploads\/2024\/09\/Tiempo-Limite-Demanda-264x300.jpg 264w, http:\/\/pkblawfirm.com\/wp-content\/uploads\/2024\/09\/Tiempo-Limite-Demanda-901x1024.jpg 901w, http:\/\/pkblawfirm.com\/wp-content\/uploads\/2024\/09\/Tiempo-Limite-Demanda-768x873.jpg 768w, http:\/\/pkblawfirm.com\/wp-content\/uploads\/2024\/09\/Tiempo-Limite-Demanda-1352x1536.jpg 1352w, http:\/\/pkblawfirm.com\/wp-content\/uploads\/2024\/09\/Tiempo-Limite-Demanda-1802x2048.jpg 1802w, http:\/\/pkblawfirm.com\/wp-content\/uploads\/2024\/09\/Tiempo-Limite-Demanda-518x588.jpg 518w\" sizes=\"auto, (max-width: 2253px) 100vw, 2253px\" \/>\n<h2>C\u00f3mo puede ayudar con su caso un abogado de accidentes de camiones en Florida<\/h2>\n<p>El abogado adecuado de accidentes de camiones en Florida utilizar\u00e1 todas las herramientas a su disposici\u00f3n para construir el caso m\u00e1s s\u00f3lido posible y obtener una completa recuperaci\u00f3n financiera en su nombre. Algunos pasos clave que podr\u00edan tomar en busca de la compensaci\u00f3n que se le debe incluyen:<\/p>\n<ul>\n<li>Investigar minuciosamente la escena del accidente y preservar pruebas clave.<\/li>\n<li>Obtener registros de horas de servicio, informes de inspecci\u00f3n de viajes, documentos de capacitaci\u00f3n y otros registros.<\/li>\n<li>Consultar con expertos en reconstrucci\u00f3n de accidentes para determinar qui\u00e9n o qu\u00e9 caus\u00f3 el accidente.<\/li>\n<li>Trabajar con expertos m\u00e9dicos para demostrar la magnitud y los efectos a largo plazo de sus lesiones.<\/li>\n<li>Documentar la totalidad de sus p\u00e9rdidas, incluyendo facturas m\u00e9dicas, ingresos perdidos y costos futuros.<\/li>\n<li>Identificar a todas las partes potencialmente responsables del accidente, como conductores, compa\u00f1\u00edas de camiones y fabricantes.<\/li>\n<li>Localizar y evaluar todas las p\u00f3lizas de seguro aplicables, as\u00ed como l\u00edmites de cobertura.<\/li>\n<li>Presentar reclamos a las aseguradoras de manera oportuna para evitar demoras o negaciones.<\/li>\n<li>Negociar de manera agresiva con las aseguradoras para obtener el m\u00e1ximo acuerdo posible.<\/li>\n<li>Llevar su caso a los tribunales si la otra parte se niega a pagar un acuerdo razonable.<\/li>\n<li>Apelar cualquier veredicto o sentencia\u00a0 que sea insuficiente en funci\u00f3n de sus circunstancias \u00fanicas.<\/li>\n<\/ul>\n<img loading=\"lazy\" decoding=\"async\" class=\"alignnone size-full wp-image-38646\" src=\"http:\/\/pkblawfirm.com\/wp-content\/uploads\/2024\/09\/Porque-Necesito-Abogado-scaled.jpg\" alt=\"Porque Necesito Abogado\" width=\"2375\" height=\"2560\" srcset=\"http:\/\/pkblawfirm.com\/wp-content\/uploads\/2024\/09\/Porque-Necesito-Abogado-scaled.jpg 2375w, http:\/\/pkblawfirm.com\/wp-content\/uploads\/2024\/09\/Porque-Necesito-Abogado-278x300.jpg 278w, http:\/\/pkblawfirm.com\/wp-content\/uploads\/2024\/09\/Porque-Necesito-Abogado-950x1024.jpg 950w, http:\/\/pkblawfirm.com\/wp-content\/uploads\/2024\/09\/Porque-Necesito-Abogado-768x828.jpg 768w, http:\/\/pkblawfirm.com\/wp-content\/uploads\/2024\/09\/Porque-Necesito-Abogado-1425x1536.jpg 1425w, http:\/\/pkblawfirm.com\/wp-content\/uploads\/2024\/09\/Porque-Necesito-Abogado-1900x2048.jpg 1900w\" sizes=\"auto, (max-width: 2375px) 100vw, 2375px\" \/>\n","protected":false},"excerpt":{"rendered":"<p>Las colisiones con camiones comerciales de gran tama\u00f1o a menudo dejan a las v\u00edctimas con lesiones catastr\u00f3ficas y una abrumadora carga financiera sin culpa propia. Si usted ha resultado perjudicado en un accidente de cami\u00f3n en Florida, necesita un equipo tenaz que luche por la compensaci\u00f3n que merece. En Paul Knopf Bigger, nuestros abogados han [&hellip;]<\/p>\n","protected":false},"author":44,"featured_media":9956,"parent":0,"menu_order":63,"comment_status":"closed","ping_status":"closed","template":"practice-area.php","meta":{"_acf_changed":false,"footnotes":""},"class_list":["post-8949","page","type-page","status-publish","has-post-thumbnail","hentry"],"acf":[],"yoast_head":"<!-- This site is optimized with the Yoast SEO plugin v26.5 - https:\/\/yoast.com\/wordpress\/plugins\/seo\/ -->\n<title>Abogados de accidentes de camiones en Florida | Paul Knopf Bigger<\/title>\n<meta name=\"description\" content=\"Cont\u00e1ctenos para una revisi\u00f3n gratuita de su caso con un abogado de lesiones por accidentes de camiones en Florida.\" \/>\n<meta name=\"robots\" content=\"index, follow, max-snippet:-1, max-image-preview:large, max-video-preview:-1\" \/>\n<link rel=\"canonical\" href=\"http:\/\/pkblawfirm.com\/es\/abogados-de-accidentes-de-camiones-florida\/\" \/>\n<meta property=\"og:locale\" content=\"es_ES\" \/>\n<meta property=\"og:type\" content=\"article\" \/>\n<meta property=\"og:title\" content=\"Abogados de accidentes de camiones en Florida | Paul Knopf Bigger\" \/>\n<meta property=\"og:description\" content=\"Cont\u00e1ctenos para una revisi\u00f3n gratuita de su caso con un abogado de lesiones por accidentes de camiones en Florida.\" \/>\n<meta property=\"og:url\" content=\"http:\/\/pkblawfirm.com\/es\/abogados-de-accidentes-de-camiones-florida\/\" \/>\n<meta property=\"og:site_name\" content=\"Paul Knopf Bigger\" \/>\n<meta property=\"article:publisher\" content=\"https:\/\/www.facebook.com\/pkblawfirm\/\" \/>\n<meta property=\"article:modified_time\" content=\"2024-09-03T20:08:35+00:00\" \/>\n<meta property=\"og:image\" content=\"https:\/\/pkblawfirm.com\/wp-content\/uploads\/2023\/10\/truck-accident.jpg\" \/>\n\t<meta property=\"og:image:width\" content=\"810\" \/>\n\t<meta property=\"og:image:height\" content=\"230\" \/>\n\t<meta property=\"og:image:type\" content=\"image\/jpeg\" \/>\n<meta name=\"twitter:card\" content=\"summary_large_image\" \/>\n<meta name=\"twitter:site\" content=\"@pkblawfirm\" \/>\n<meta name=\"twitter:label1\" content=\"Tiempo de lectura\" \/>\n\t<meta name=\"twitter:data1\" content=\"9 minutos\" \/>\n<!-- \/ Yoast SEO plugin. -->","yoast_head_json":{"title":"Abogados de accidentes de camiones en Florida | Paul Knopf Bigger","description":"Cont\u00e1ctenos para una revisi\u00f3n gratuita de su caso con un abogado de lesiones por accidentes de camiones en Florida.","robots":{"index":"index","follow":"follow","max-snippet":"max-snippet:-1","max-image-preview":"max-image-preview:large","max-video-preview":"max-video-preview:-1"},"canonical":"http:\/\/pkblawfirm.com\/es\/abogados-de-accidentes-de-camiones-florida\/","og_locale":"es_ES","og_type":"article","og_title":"Abogados de accidentes de camiones en Florida | Paul Knopf Bigger","og_description":"Cont\u00e1ctenos para una revisi\u00f3n gratuita de su caso con un abogado de lesiones por accidentes de camiones en Florida.","og_url":"http:\/\/pkblawfirm.com\/es\/abogados-de-accidentes-de-camiones-florida\/","og_site_name":"Paul Knopf Bigger","article_publisher":"https:\/\/www.facebook.com\/pkblawfirm\/","article_modified_time":"2024-09-03T20:08:35+00:00","og_image":[{"width":810,"height":230,"url":"https:\/\/pkblawfirm.com\/wp-content\/uploads\/2023\/10\/truck-accident.jpg","type":"image\/jpeg"}],"twitter_card":"summary_large_image","twitter_site":"@pkblawfirm","twitter_misc":{"Tiempo de lectura":"9 minutos"},"schema":{"@context":"https:\/\/schema.org","@graph":[{"@type":"WebPage","@id":"http:\/\/pkblawfirm.com\/es\/abogados-de-accidentes-de-camiones-florida\/","url":"http:\/\/pkblawfirm.com\/es\/abogados-de-accidentes-de-camiones-florida\/","name":"Abogados de accidentes de camiones en Florida | Paul Knopf Bigger","isPartOf":{"@id":"https:\/\/pkblawfirm.com\/es\/#website"},"primaryImageOfPage":{"@id":"http:\/\/pkblawfirm.com\/es\/abogados-de-accidentes-de-camiones-florida\/#primaryimage"},"image":{"@id":"http:\/\/pkblawfirm.com\/es\/abogados-de-accidentes-de-camiones-florida\/#primaryimage"},"thumbnailUrl":"http:\/\/pkblawfirm.com\/wp-content\/uploads\/2023\/10\/truck-accident.jpg","datePublished":"2023-06-26T09:47:43+00:00","dateModified":"2024-09-03T20:08:35+00:00","description":"Cont\u00e1ctenos para una revisi\u00f3n gratuita de su caso con un abogado de lesiones por accidentes de camiones en Florida.","breadcrumb":{"@id":"http:\/\/pkblawfirm.com\/es\/abogados-de-accidentes-de-camiones-florida\/#breadcrumb"},"inLanguage":"es","potentialAction":[{"@type":"ReadAction","target":["http:\/\/pkblawfirm.com\/es\/abogados-de-accidentes-de-camiones-florida\/"]}]},{"@type":"ImageObject","inLanguage":"es","@id":"http:\/\/pkblawfirm.com\/es\/abogados-de-accidentes-de-camiones-florida\/#primaryimage","url":"http:\/\/pkblawfirm.com\/wp-content\/uploads\/2023\/10\/truck-accident.jpg","contentUrl":"http:\/\/pkblawfirm.com\/wp-content\/uploads\/2023\/10\/truck-accident.jpg","width":810,"height":230,"caption":"trucks"},{"@type":"BreadcrumbList","@id":"http:\/\/pkblawfirm.com\/es\/abogados-de-accidentes-de-camiones-florida\/#breadcrumb","itemListElement":[{"@type":"ListItem","position":1,"name":"Inicio","item":"https:\/\/pkblawfirm.com\/es\/"},{"@type":"ListItem","position":2,"name":"Abogados de Accidentes de Camiones en Florida"}]},{"@type":"WebSite","@id":"https:\/\/pkblawfirm.com\/es\/#website","url":"https:\/\/pkblawfirm.com\/es\/","name":"Paul Knopf Bigger","description":"","publisher":{"@id":"https:\/\/pkblawfirm.com\/es\/#organization"},"potentialAction":[{"@type":"SearchAction","target":{"@type":"EntryPoint","urlTemplate":"https:\/\/pkblawfirm.com\/es\/?s={search_term_string}"},"query-input":{"@type":"PropertyValueSpecification","valueRequired":true,"valueName":"search_term_string"}}],"inLanguage":"es"},{"@type":"Organization","@id":"https:\/\/pkblawfirm.com\/es\/#organization","name":"Paul Knopf Bigger","url":"https:\/\/pkblawfirm.com\/es\/","logo":{"@type":"ImageObject","inLanguage":"es","@id":"https:\/\/pkblawfirm.com\/es\/#\/schema\/logo\/image\/","url":"http:\/\/pkblawfirm.com\/wp-content\/uploads\/2023\/06\/Logo_PKB-2.svg","contentUrl":"http:\/\/pkblawfirm.com\/wp-content\/uploads\/2023\/06\/Logo_PKB-2.svg","width":1,"height":1,"caption":"Paul Knopf Bigger"},"image":{"@id":"https:\/\/pkblawfirm.com\/es\/#\/schema\/logo\/image\/"},"sameAs":["https:\/\/www.facebook.com\/pkblawfirm\/","https:\/\/x.com\/pkblawfirm","https:\/\/www.instagram.com\/paulknopfbigger\/","https:\/\/www.linkedin.com\/company\/pkblawfirm\/"]}]}},"_links":{"self":[{"href":"http:\/\/pkblawfirm.com\/es\/wp-json\/wp\/v2\/pages\/8949","targetHints":{"allow":["GET"]}}],"collection":[{"href":"http:\/\/pkblawfirm.com\/es\/wp-json\/wp\/v2\/pages"}],"about":[{"href":"http:\/\/pkblawfirm.com\/es\/wp-json\/wp\/v2\/types\/page"}],"author":[{"embeddable":true,"href":"http:\/\/pkblawfirm.com\/es\/wp-json\/wp\/v2\/users\/44"}],"replies":[{"embeddable":true,"href":"http:\/\/pkblawfirm.com\/es\/wp-json\/wp\/v2\/comments?post=8949"}],"version-history":[{"count":0,"href":"http:\/\/pkblawfirm.com\/es\/wp-json\/wp\/v2\/pages\/8949\/revisions"}],"wp:featuredmedia":[{"embeddable":true,"href":"http:\/\/pkblawfirm.com\/es\/wp-json\/wp\/v2\/media\/9956"}],"wp:attachment":[{"href":"http:\/\/pkblawfirm.com\/es\/wp-json\/wp\/v2\/media?parent=8949"}],"curies":[{"name":"wp","href":"https:\/\/api.w.org\/{rel}","templated":true}]}}