{"id":8503,"date":"2023-06-26T09:22:48","date_gmt":"2023-06-26T09:22:48","guid":{"rendered":"https:\/\/pkblaw.wpenginepowered.com\/?page_id=8503"},"modified":"2023-11-23T05:39:07","modified_gmt":"2023-11-23T05:39:07","slug":"contactenos","status":"publish","type":"page","link":"http:\/\/pkblawfirm.com\/es\/contactenos\/","title":{"rendered":"Cont\u00e1ctenos"},"content":{"rendered":"<p>En Paul Knopf Bigger, nos complace hablar con usted sobre su posible reclamo. Prometemos ponerle atenci\u00f3n. Si es un abogado referente que necesita ayuda para planificar, evaluar o manejar un caso, no dude en llamarnos o enviar un correo electr\u00f3nico a trav\u00e9s del formulario de contacto.<\/p>\n","protected":false},"excerpt":{"rendered":"<p>En Paul Knopf Bigger, nos complace hablar con usted sobre su posible reclamo. Prometemos ponerle atenci\u00f3n. Si es un abogado referente que necesita ayuda para planificar, evaluar o manejar un caso, no dude en llamarnos o enviar un correo electr\u00f3nico a trav\u00e9s del formulario de contacto.<\/p>\n","protected":false},"author":44,"featured_media":0,"parent":0,"menu_order":441,"comment_status":"closed","ping_status":"closed","template":"contact.php","meta":{"_acf_changed":false,"footnotes":""},"class_list":["post-8503","page","type-page","status-publish","hentry"],"acf":[],"yoast_head":"<!-- This site is optimized with the Yoast SEO plugin v26.5 - https:\/\/yoast.com\/wordpress\/plugins\/seo\/ -->\n<title>Cont\u00e1ctenos - Paul Knopf Bigger<\/title>\n<meta name=\"description\" content=\"Cont\u00e1ctenos a Paul Knopf Bigger hoy para una revisi\u00f3n de caso gratuita y sin riesgos. Nuestros abogados est\u00e1n listos para ayudarle a recuperar dinero por sus lesiones.\" \/>\n<meta name=\"robots\" content=\"index, follow, max-snippet:-1, max-image-preview:large, max-video-preview:-1\" \/>\n<link rel=\"canonical\" href=\"http:\/\/pkblawfirm.com\/es\/contactenos\/\" \/>\n<meta property=\"og:locale\" content=\"es_ES\" \/>\n<meta property=\"og:type\" content=\"article\" \/>\n<meta property=\"og:title\" content=\"Cont\u00e1ctenos - Paul Knopf Bigger\" \/>\n<meta property=\"og:description\" content=\"Cont\u00e1ctenos a Paul Knopf Bigger hoy para una revisi\u00f3n de caso gratuita y sin riesgos. Nuestros abogados est\u00e1n listos para ayudarle a recuperar dinero por sus lesiones.\" \/>\n<meta property=\"og:url\" content=\"http:\/\/pkblawfirm.com\/es\/contactenos\/\" \/>\n<meta property=\"og:site_name\" content=\"Paul Knopf Bigger\" \/>\n<meta property=\"article:publisher\" content=\"https:\/\/www.facebook.com\/pkblawfirm\/\" \/>\n<meta property=\"article:modified_time\" content=\"2023-11-23T05:39:07+00:00\" \/>\n<meta property=\"og:image\" content=\"http:\/\/pkblawfirm.com\/wp-content\/uploads\/2023\/11\/1481503818-pkb-lawyer-team.png\" \/>\n\t<meta property=\"og:image:width\" content=\"703\" \/>\n\t<meta property=\"og:image:height\" content=\"628\" \/>\n\t<meta property=\"og:image:type\" content=\"image\/png\" \/>\n<meta name=\"twitter:card\" content=\"summary_large_image\" \/>\n<meta name=\"twitter:site\" content=\"@pkblawfirm\" \/>\n<meta name=\"twitter:label1\" content=\"Tiempo de lectura\" \/>\n\t<meta name=\"twitter:data1\" content=\"1 minuto\" \/>\n<!-- \/ Yoast SEO plugin. -->","yoast_head_json":{"title":"Cont\u00e1ctenos - Paul Knopf Bigger","description":"Cont\u00e1ctenos a Paul Knopf Bigger hoy para una revisi\u00f3n de caso gratuita y sin riesgos. Nuestros abogados est\u00e1n listos para ayudarle a recuperar dinero por sus lesiones.","robots":{"index":"index","follow":"follow","max-snippet":"max-snippet:-1","max-image-preview":"max-image-preview:large","max-video-preview":"max-video-preview:-1"},"canonical":"http:\/\/pkblawfirm.com\/es\/contactenos\/","og_locale":"es_ES","og_type":"article","og_title":"Cont\u00e1ctenos - Paul Knopf Bigger","og_description":"Cont\u00e1ctenos a Paul Knopf Bigger hoy para una revisi\u00f3n de caso gratuita y sin riesgos. Nuestros abogados est\u00e1n listos para ayudarle a recuperar dinero por sus lesiones.","og_url":"http:\/\/pkblawfirm.com\/es\/contactenos\/","og_site_name":"Paul Knopf Bigger","article_publisher":"https:\/\/www.facebook.com\/pkblawfirm\/","article_modified_time":"2023-11-23T05:39:07+00:00","og_image":[{"width":703,"height":628,"url":"http:\/\/pkblawfirm.com\/wp-content\/uploads\/2023\/11\/1481503818-pkb-lawyer-team.png","type":"image\/png"}],"twitter_card":"summary_large_image","twitter_site":"@pkblawfirm","twitter_misc":{"Tiempo de lectura":"1 minuto"},"schema":{"@context":"https:\/\/schema.org","@graph":[{"@type":"WebPage","@id":"http:\/\/pkblawfirm.com\/es\/contactenos\/","url":"http:\/\/pkblawfirm.com\/es\/contactenos\/","name":"Cont\u00e1ctenos - Paul Knopf Bigger","isPartOf":{"@id":"https:\/\/pkblawfirm.com\/es\/#website"},"datePublished":"2023-06-26T09:22:48+00:00","dateModified":"2023-11-23T05:39:07+00:00","description":"Cont\u00e1ctenos a Paul Knopf Bigger hoy para una revisi\u00f3n de caso gratuita y sin riesgos. Nuestros abogados est\u00e1n listos para ayudarle a recuperar dinero por sus lesiones.","breadcrumb":{"@id":"http:\/\/pkblawfirm.com\/es\/contactenos\/#breadcrumb"},"inLanguage":"es","potentialAction":[{"@type":"ReadAction","target":["http:\/\/pkblawfirm.com\/es\/contactenos\/"]}]},{"@type":"BreadcrumbList","@id":"http:\/\/pkblawfirm.com\/es\/contactenos\/#breadcrumb","itemListElement":[{"@type":"ListItem","position":1,"name":"Inicio","item":"https:\/\/pkblawfirm.com\/es\/"},{"@type":"ListItem","position":2,"name":"Cont\u00e1ctenos"}]},{"@type":"WebSite","@id":"https:\/\/pkblawfirm.com\/es\/#website","url":"https:\/\/pkblawfirm.com\/es\/","name":"Paul Knopf Bigger","description":"","publisher":{"@id":"https:\/\/pkblawfirm.com\/es\/#organization"},"potentialAction":[{"@type":"SearchAction","target":{"@type":"EntryPoint","urlTemplate":"https:\/\/pkblawfirm.com\/es\/?s={search_term_string}"},"query-input":{"@type":"PropertyValueSpecification","valueRequired":true,"valueName":"search_term_string"}}],"inLanguage":"es"},{"@type":"Organization","@id":"https:\/\/pkblawfirm.com\/es\/#organization","name":"Paul Knopf Bigger","url":"https:\/\/pkblawfirm.com\/es\/","logo":{"@type":"ImageObject","inLanguage":"es","@id":"https:\/\/pkblawfirm.com\/es\/#\/schema\/logo\/image\/","url":"http:\/\/pkblawfirm.com\/wp-content\/uploads\/2023\/06\/Logo_PKB-2.svg","contentUrl":"http:\/\/pkblawfirm.com\/wp-content\/uploads\/2023\/06\/Logo_PKB-2.svg","width":1,"height":1,"caption":"Paul Knopf Bigger"},"image":{"@id":"https:\/\/pkblawfirm.com\/es\/#\/schema\/logo\/image\/"},"sameAs":["https:\/\/www.facebook.com\/pkblawfirm\/","https:\/\/x.com\/pkblawfirm","https:\/\/www.instagram.com\/paulknopfbigger\/","https:\/\/www.linkedin.com\/company\/pkblawfirm\/"]}]}},"_links":{"self":[{"href":"http:\/\/pkblawfirm.com\/es\/wp-json\/wp\/v2\/pages\/8503","targetHints":{"allow":["GET"]}}],"collection":[{"href":"http:\/\/pkblawfirm.com\/es\/wp-json\/wp\/v2\/pages"}],"about":[{"href":"http:\/\/pkblawfirm.com\/es\/wp-json\/wp\/v2\/types\/page"}],"author":[{"embeddable":true,"href":"http:\/\/pkblawfirm.com\/es\/wp-json\/wp\/v2\/users\/44"}],"replies":[{"embeddable":true,"href":"http:\/\/pkblawfirm.com\/es\/wp-json\/wp\/v2\/comments?post=8503"}],"version-history":[{"count":0,"href":"http:\/\/pkblawfirm.com\/es\/wp-json\/wp\/v2\/pages\/8503\/revisions"}],"wp:attachment":[{"href":"http:\/\/pkblawfirm.com\/es\/wp-json\/wp\/v2\/media?parent=8503"}],"curies":[{"name":"wp","href":"https:\/\/api.w.org\/{rel}","templated":true}]}}