{"id":8417,"date":"2023-06-26T09:30:32","date_gmt":"2023-06-26T09:30:32","guid":{"rendered":"https:\/\/pkblaw.wpenginepowered.com\/?page_id=8417"},"modified":"2024-03-18T19:15:48","modified_gmt":"2024-03-18T19:15:48","slug":"espanol","status":"publish","type":"page","link":"http:\/\/pkblawfirm.com\/es\/","title":{"rendered":"Inicio"},"content":{"rendered":"<h2>CERTIFICADOS. CONFIABLES.<\/h2>\n<div class=\"span-1\">Una Firma Con Grandes Recursos. Servicio R\u00e1pido Y Responsable.<\/div>\n<p>En Paul Knopf Bigger, representamos con pasi\u00f3n a personas de todo el pa\u00eds que han sufrido graves lesiones a causa de negligencia m\u00e9dica, accidentes de tr\u00e1nsito en los que se han visto implicados veh\u00edculos comerciales o camiones, productos defectuosos, f\u00e1rmacos y dispositivos m\u00e9dicos o la negligencia de terceros. En Paul Knopf Bigger, los clientes no son solo un n\u00fambero; ellos est\u00e1n en el centro de cada decisi\u00f3n que tomamos. Nuestro grupo tiene un historial comprobado de litigar y ganar casos contra las empresas m\u00e1s grandes del mundo. La mayor\u00eda de nuetros clientes llegan a nostros por recomendaci\u00f3n de otros abogados. Hemos ganado la confianza de abogados en todo el pais.<\/p>\n","protected":false},"excerpt":{"rendered":"<p>CERTIFICADOS. CONFIABLES. Una Firma Con Grandes Recursos. Servicio R\u00e1pido Y Responsable. En Paul Knopf Bigger, representamos con pasi\u00f3n a personas de todo el pa\u00eds que han sufrido graves lesiones a causa de negligencia m\u00e9dica, accidentes de tr\u00e1nsito en los que se han visto implicados veh\u00edculos comerciales o camiones, productos defectuosos, f\u00e1rmacos y dispositivos m\u00e9dicos o [&hellip;]<\/p>\n","protected":false},"author":44,"featured_media":25575,"parent":0,"menu_order":261,"comment_status":"closed","ping_status":"closed","template":"","meta":{"_acf_changed":false,"footnotes":""},"class_list":["post-8417","page","type-page","status-publish","has-post-thumbnail","hentry"],"acf":[],"yoast_head":"<!-- This site is optimized with the Yoast SEO plugin v26.5 - https:\/\/yoast.com\/wordpress\/plugins\/seo\/ -->\n<title>Abogados de Lesiones Personales en Florida - Paul Knopf Bigger<\/title>\n<meta name=\"description\" content=\"Representamos apasionadamente a individuos de todo el pa\u00eds que han sido gravemente lesionados por productos defectuosos, medicamentos o la negligencia de otros.\" \/>\n<meta name=\"robots\" content=\"index, follow, max-snippet:-1, max-image-preview:large, max-video-preview:-1\" \/>\n<link rel=\"canonical\" href=\"http:\/\/pkblawfirm.com\/es\/\" \/>\n<meta property=\"og:locale\" content=\"es_ES\" \/>\n<meta property=\"og:type\" content=\"article\" \/>\n<meta property=\"og:title\" content=\"Abogados de Lesiones Personales en Florida - Paul Knopf Bigger\" \/>\n<meta property=\"og:description\" content=\"Representamos apasionadamente a individuos de todo el pa\u00eds que han sido gravemente lesionados por productos defectuosos, medicamentos o la negligencia de otros.\" \/>\n<meta property=\"og:url\" content=\"http:\/\/pkblawfirm.com\/es\/\" \/>\n<meta property=\"og:site_name\" content=\"Paul Knopf Bigger\" \/>\n<meta property=\"article:publisher\" content=\"https:\/\/www.facebook.com\/pkblawfirm\/\" \/>\n<meta property=\"article:modified_time\" content=\"2024-03-18T19:15:48+00:00\" \/>\n<meta property=\"og:image\" content=\"https:\/\/pkblawfirm.com\/wp-content\/uploads\/2023\/10\/home-group-02-new-one.jpg\" \/>\n\t<meta property=\"og:image:width\" content=\"1340\" \/>\n\t<meta property=\"og:image:height\" content=\"1192\" \/>\n\t<meta property=\"og:image:type\" content=\"image\/jpeg\" \/>\n<meta name=\"twitter:card\" content=\"summary_large_image\" \/>\n<meta name=\"twitter:site\" content=\"@pkblawfirm\" \/>\n<meta name=\"twitter:label1\" content=\"Tiempo de lectura\" \/>\n\t<meta name=\"twitter:data1\" content=\"1 minuto\" \/>\n<!-- \/ Yoast SEO plugin. -->","yoast_head_json":{"title":"Abogados de Lesiones Personales en Florida - Paul Knopf Bigger","description":"Representamos apasionadamente a individuos de todo el pa\u00eds que han sido gravemente lesionados por productos defectuosos, medicamentos o la negligencia de otros.","robots":{"index":"index","follow":"follow","max-snippet":"max-snippet:-1","max-image-preview":"max-image-preview:large","max-video-preview":"max-video-preview:-1"},"canonical":"http:\/\/pkblawfirm.com\/es\/","og_locale":"es_ES","og_type":"article","og_title":"Abogados de Lesiones Personales en Florida - Paul Knopf Bigger","og_description":"Representamos apasionadamente a individuos de todo el pa\u00eds que han sido gravemente lesionados por productos defectuosos, medicamentos o la negligencia de otros.","og_url":"http:\/\/pkblawfirm.com\/es\/","og_site_name":"Paul Knopf Bigger","article_publisher":"https:\/\/www.facebook.com\/pkblawfirm\/","article_modified_time":"2024-03-18T19:15:48+00:00","og_image":[{"width":1340,"height":1192,"url":"https:\/\/pkblawfirm.com\/wp-content\/uploads\/2023\/10\/home-group-02-new-one.jpg","type":"image\/jpeg"}],"twitter_card":"summary_large_image","twitter_site":"@pkblawfirm","twitter_misc":{"Tiempo de lectura":"1 minuto"},"schema":{"@context":"https:\/\/schema.org","@graph":[{"@type":"WebPage","@id":"http:\/\/pkblawfirm.com\/es\/","url":"http:\/\/pkblawfirm.com\/es\/","name":"Abogados de Lesiones Personales en Florida - Paul Knopf Bigger","isPartOf":{"@id":"https:\/\/pkblawfirm.com\/es\/#website"},"primaryImageOfPage":{"@id":"http:\/\/pkblawfirm.com\/es\/#primaryimage"},"image":{"@id":"http:\/\/pkblawfirm.com\/es\/#primaryimage"},"thumbnailUrl":"http:\/\/pkblawfirm.com\/wp-content\/uploads\/2023\/10\/home-group-02-new-one.jpg","datePublished":"2023-06-26T09:30:32+00:00","dateModified":"2024-03-18T19:15:48+00:00","description":"Representamos apasionadamente a individuos de todo el pa\u00eds que han sido gravemente lesionados por productos defectuosos, medicamentos o la negligencia de otros.","breadcrumb":{"@id":"http:\/\/pkblawfirm.com\/es\/#breadcrumb"},"inLanguage":"es","potentialAction":[{"@type":"ReadAction","target":["http:\/\/pkblawfirm.com\/es\/"]}]},{"@type":"ImageObject","inLanguage":"es","@id":"http:\/\/pkblawfirm.com\/es\/#primaryimage","url":"http:\/\/pkblawfirm.com\/wp-content\/uploads\/2023\/10\/home-group-02-new-one.jpg","contentUrl":"http:\/\/pkblawfirm.com\/wp-content\/uploads\/2023\/10\/home-group-02-new-one.jpg","width":1340,"height":1192},{"@type":"BreadcrumbList","@id":"http:\/\/pkblawfirm.com\/es\/#breadcrumb","itemListElement":[{"@type":"ListItem","position":1,"name":"Inicio","item":"https:\/\/pkblawfirm.com\/es\/"},{"@type":"ListItem","position":2,"name":"Inicio"}]},{"@type":"WebSite","@id":"https:\/\/pkblawfirm.com\/es\/#website","url":"https:\/\/pkblawfirm.com\/es\/","name":"Paul Knopf Bigger","description":"","publisher":{"@id":"https:\/\/pkblawfirm.com\/es\/#organization"},"potentialAction":[{"@type":"SearchAction","target":{"@type":"EntryPoint","urlTemplate":"https:\/\/pkblawfirm.com\/es\/?s={search_term_string}"},"query-input":{"@type":"PropertyValueSpecification","valueRequired":true,"valueName":"search_term_string"}}],"inLanguage":"es"},{"@type":"Organization","@id":"https:\/\/pkblawfirm.com\/es\/#organization","name":"Paul Knopf Bigger","url":"https:\/\/pkblawfirm.com\/es\/","logo":{"@type":"ImageObject","inLanguage":"es","@id":"https:\/\/pkblawfirm.com\/es\/#\/schema\/logo\/image\/","url":"http:\/\/pkblawfirm.com\/wp-content\/uploads\/2023\/06\/Logo_PKB-2.svg","contentUrl":"http:\/\/pkblawfirm.com\/wp-content\/uploads\/2023\/06\/Logo_PKB-2.svg","width":1,"height":1,"caption":"Paul Knopf Bigger"},"image":{"@id":"https:\/\/pkblawfirm.com\/es\/#\/schema\/logo\/image\/"},"sameAs":["https:\/\/www.facebook.com\/pkblawfirm\/","https:\/\/x.com\/pkblawfirm","https:\/\/www.instagram.com\/paulknopfbigger\/","https:\/\/www.linkedin.com\/company\/pkblawfirm\/"]}]}},"_links":{"self":[{"href":"http:\/\/pkblawfirm.com\/es\/wp-json\/wp\/v2\/pages\/8417","targetHints":{"allow":["GET"]}}],"collection":[{"href":"http:\/\/pkblawfirm.com\/es\/wp-json\/wp\/v2\/pages"}],"about":[{"href":"http:\/\/pkblawfirm.com\/es\/wp-json\/wp\/v2\/types\/page"}],"author":[{"embeddable":true,"href":"http:\/\/pkblawfirm.com\/es\/wp-json\/wp\/v2\/users\/44"}],"replies":[{"embeddable":true,"href":"http:\/\/pkblawfirm.com\/es\/wp-json\/wp\/v2\/comments?post=8417"}],"version-history":[{"count":0,"href":"http:\/\/pkblawfirm.com\/es\/wp-json\/wp\/v2\/pages\/8417\/revisions"}],"wp:featuredmedia":[{"embeddable":true,"href":"http:\/\/pkblawfirm.com\/es\/wp-json\/wp\/v2\/media\/25575"}],"wp:attachment":[{"href":"http:\/\/pkblawfirm.com\/es\/wp-json\/wp\/v2\/media?parent=8417"}],"curies":[{"name":"wp","href":"https:\/\/api.w.org\/{rel}","templated":true}]}}