{"id":21024,"date":"2023-06-26T09:22:56","date_gmt":"2023-06-26T09:22:56","guid":{"rendered":"https:\/\/pkblaw.wpenginepowered.com\/?page_id=21024"},"modified":"2023-11-27T06:24:10","modified_gmt":"2023-11-27T06:24:10","slug":"gracias","status":"publish","type":"page","link":"http:\/\/pkblawfirm.com\/es\/contactenos\/gracias\/","title":{"rendered":"Gracias"},"content":{"rendered":"<p>Gracias por comunicarse con Paul Knopf Bigger con respecto a su posible caso. Hemos recibido la informaci\u00f3n que proporcion\u00f3 y un miembro de nuestro equipo legal se comunicar\u00e1 con usted en breve. Si necesita asistencia inmediata, llame al 855.450.2407.<\/p>\n<p>Gracias de nuevo. Tenga en cuenta que apreciamos la confianza que ha depositado en nuestra firma.<\/p>\n","protected":false},"excerpt":{"rendered":"<p>Gracias por comunicarse con Paul Knopf Bigger con respecto a su posible caso. Hemos recibido la informaci\u00f3n que proporcion\u00f3 y un miembro de nuestro equipo legal se comunicar\u00e1 con usted en breve. Si necesita asistencia inmediata, llame al 855.450.2407. Gracias de nuevo. Tenga en cuenta que apreciamos la confianza que ha depositado en nuestra firma.<\/p>\n","protected":false},"author":44,"featured_media":0,"parent":8503,"menu_order":16,"comment_status":"closed","ping_status":"closed","template":"","meta":{"_acf_changed":false,"footnotes":""},"class_list":["post-21024","page","type-page","status-publish","hentry"],"acf":[],"yoast_head":"<!-- This site is optimized with the Yoast SEO plugin v26.5 - https:\/\/yoast.com\/wordpress\/plugins\/seo\/ -->\n<title>Gracias - Paul Knopf Bigger<\/title>\n<meta name=\"robots\" content=\"noindex, follow\" \/>\n<meta property=\"og:locale\" content=\"es_ES\" \/>\n<meta property=\"og:type\" content=\"article\" \/>\n<meta property=\"og:title\" content=\"Gracias - Paul Knopf Bigger\" \/>\n<meta property=\"og:description\" content=\"Gracias por comunicarse con Paul Knopf Bigger con respecto a su posible caso. Hemos recibido la informaci\u00f3n que proporcion\u00f3 y un miembro de nuestro equipo legal se comunicar\u00e1 con usted en breve. Si necesita asistencia inmediata, llame al 855.450.2407. Gracias de nuevo. Tenga en cuenta que apreciamos la confianza que ha depositado en nuestra firma.\" \/>\n<meta property=\"og:url\" content=\"http:\/\/pkblawfirm.com\/es\/contactenos\/gracias\/\" \/>\n<meta property=\"og:site_name\" content=\"Paul Knopf Bigger\" \/>\n<meta property=\"article:publisher\" content=\"https:\/\/www.facebook.com\/pkblawfirm\/\" \/>\n<meta property=\"article:modified_time\" content=\"2023-11-27T06:24:10+00:00\" \/>\n<meta property=\"og:image\" content=\"http:\/\/pkblawfirm.com\/wp-content\/uploads\/2023\/11\/1481503818-pkb-lawyer-team.png\" \/>\n\t<meta property=\"og:image:width\" content=\"703\" \/>\n\t<meta property=\"og:image:height\" content=\"628\" \/>\n\t<meta property=\"og:image:type\" content=\"image\/png\" \/>\n<meta name=\"twitter:card\" content=\"summary_large_image\" \/>\n<meta name=\"twitter:site\" content=\"@pkblawfirm\" \/>\n<meta name=\"twitter:label1\" content=\"Tiempo de lectura\" \/>\n\t<meta name=\"twitter:data1\" content=\"1 minuto\" \/>\n<!-- \/ Yoast SEO plugin. -->","yoast_head_json":{"title":"Gracias - Paul Knopf Bigger","robots":{"index":"noindex","follow":"follow"},"og_locale":"es_ES","og_type":"article","og_title":"Gracias - Paul Knopf Bigger","og_description":"Gracias por comunicarse con Paul Knopf Bigger con respecto a su posible caso. Hemos recibido la informaci\u00f3n que proporcion\u00f3 y un miembro de nuestro equipo legal se comunicar\u00e1 con usted en breve. Si necesita asistencia inmediata, llame al 855.450.2407. Gracias de nuevo. Tenga en cuenta que apreciamos la confianza que ha depositado en nuestra firma.","og_url":"http:\/\/pkblawfirm.com\/es\/contactenos\/gracias\/","og_site_name":"Paul Knopf Bigger","article_publisher":"https:\/\/www.facebook.com\/pkblawfirm\/","article_modified_time":"2023-11-27T06:24:10+00:00","og_image":[{"width":703,"height":628,"url":"http:\/\/pkblawfirm.com\/wp-content\/uploads\/2023\/11\/1481503818-pkb-lawyer-team.png","type":"image\/png"}],"twitter_card":"summary_large_image","twitter_site":"@pkblawfirm","twitter_misc":{"Tiempo de lectura":"1 minuto"},"schema":{"@context":"https:\/\/schema.org","@graph":[{"@type":"WebPage","@id":"http:\/\/pkblawfirm.com\/es\/contactenos\/gracias\/","url":"http:\/\/pkblawfirm.com\/es\/contactenos\/gracias\/","name":"Gracias - Paul Knopf Bigger","isPartOf":{"@id":"https:\/\/pkblawfirm.com\/es\/#website"},"datePublished":"2023-06-26T09:22:56+00:00","dateModified":"2023-11-27T06:24:10+00:00","breadcrumb":{"@id":"http:\/\/pkblawfirm.com\/es\/contactenos\/gracias\/#breadcrumb"},"inLanguage":"es","potentialAction":[{"@type":"ReadAction","target":["http:\/\/pkblawfirm.com\/es\/contactenos\/gracias\/"]}]},{"@type":"BreadcrumbList","@id":"http:\/\/pkblawfirm.com\/es\/contactenos\/gracias\/#breadcrumb","itemListElement":[{"@type":"ListItem","position":1,"name":"Inicio","item":"https:\/\/pkblawfirm.com\/es\/"},{"@type":"ListItem","position":2,"name":"Cont\u00e1ctenos","item":"https:\/\/pkblawfirm.com\/es\/contactenos\/"},{"@type":"ListItem","position":3,"name":"Gracias"}]},{"@type":"WebSite","@id":"https:\/\/pkblawfirm.com\/es\/#website","url":"https:\/\/pkblawfirm.com\/es\/","name":"Paul Knopf Bigger","description":"","publisher":{"@id":"https:\/\/pkblawfirm.com\/es\/#organization"},"potentialAction":[{"@type":"SearchAction","target":{"@type":"EntryPoint","urlTemplate":"https:\/\/pkblawfirm.com\/es\/?s={search_term_string}"},"query-input":{"@type":"PropertyValueSpecification","valueRequired":true,"valueName":"search_term_string"}}],"inLanguage":"es"},{"@type":"Organization","@id":"https:\/\/pkblawfirm.com\/es\/#organization","name":"Paul Knopf Bigger","url":"https:\/\/pkblawfirm.com\/es\/","logo":{"@type":"ImageObject","inLanguage":"es","@id":"https:\/\/pkblawfirm.com\/es\/#\/schema\/logo\/image\/","url":"http:\/\/pkblawfirm.com\/wp-content\/uploads\/2023\/06\/Logo_PKB-2.svg","contentUrl":"http:\/\/pkblawfirm.com\/wp-content\/uploads\/2023\/06\/Logo_PKB-2.svg","width":1,"height":1,"caption":"Paul Knopf Bigger"},"image":{"@id":"https:\/\/pkblawfirm.com\/es\/#\/schema\/logo\/image\/"},"sameAs":["https:\/\/www.facebook.com\/pkblawfirm\/","https:\/\/x.com\/pkblawfirm","https:\/\/www.instagram.com\/paulknopfbigger\/","https:\/\/www.linkedin.com\/company\/pkblawfirm\/"]}]}},"_links":{"self":[{"href":"http:\/\/pkblawfirm.com\/es\/wp-json\/wp\/v2\/pages\/21024","targetHints":{"allow":["GET"]}}],"collection":[{"href":"http:\/\/pkblawfirm.com\/es\/wp-json\/wp\/v2\/pages"}],"about":[{"href":"http:\/\/pkblawfirm.com\/es\/wp-json\/wp\/v2\/types\/page"}],"author":[{"embeddable":true,"href":"http:\/\/pkblawfirm.com\/es\/wp-json\/wp\/v2\/users\/44"}],"replies":[{"embeddable":true,"href":"http:\/\/pkblawfirm.com\/es\/wp-json\/wp\/v2\/comments?post=21024"}],"version-history":[{"count":0,"href":"http:\/\/pkblawfirm.com\/es\/wp-json\/wp\/v2\/pages\/21024\/revisions"}],"up":[{"embeddable":true,"href":"http:\/\/pkblawfirm.com\/es\/wp-json\/wp\/v2\/pages\/8503"}],"wp:attachment":[{"href":"http:\/\/pkblawfirm.com\/es\/wp-json\/wp\/v2\/media?parent=21024"}],"curies":[{"name":"wp","href":"https:\/\/api.w.org\/{rel}","templated":true}]}}